{"id":152758,"date":"2021-01-15T12:32:32","date_gmt":"2021-01-15T12:32:32","guid":{"rendered":"https:\/\/codengine3.ch\/?product=import-placeholder-for-203418"},"modified":"2021-01-15T14:23:05","modified_gmt":"2021-01-15T14:23:05","slug":"trinity-2-evolution-dvd","status":"publish","type":"product","link":"https:\/\/pizbube.ch\/en\/shop\/trinity-2-evolution-dvd\/","title":{"rendered":"TRINITY 2 evolution DVD"},"content":{"rendered":"<p>Der brandneue \u00d6sterreichsiche Boulderfilm mit den besten Gebieten der<br \/>\nAlpenrepublik, Osp und Tintos&#8230;  <\/p>\n<p>Die Tiroler Andi M\u00f6lk sowie Dani Eder klettern neue Boulder im Zillertal und<br \/>\ntreffen auf Berni Fiedler aus Wien. Ihr k\u00f6nnt die drei Jungs auf einer Reise<br \/>\ndurch einige der besten Klettergebiete in \u00d6sterreich begleiten. Als w\u00e4re dies<br \/>\nnoch nicht genug f\u00fcr Berni Fiedle. Auch im Slowenischen Misja Pec hinterl\u00e4sst<br \/>\ner seine Spuren und zieht sein Seil durch die Wand.<br \/>\nIm zweiten Teil des Films sind die starken Jungs auf der Insel Tinos in<br \/>\nGriechenland und erforschen neues Potential. Neue und atemberaubende Granit<br \/>\nLinien werden euch zu guter Letzt von dem unverwechselbaren Grieche Ivan &#8218;Der<br \/>\nSchreckliche&#8216; Christopolous schmackhaft serviert.<br \/>\n\u00dcber 90 Minuten, in HDV gefilmtes Klettervideo und eine halbe Stunde Bonus<br \/>\nMaterial f\u00fcllen diese randvolle DVD.  <\/p>\n<p>Andi M\u00f6lk talked to me about a film project when we met in South Afrika in<br \/>\n2007. They finished a bouldering movie with the name TRINITY. Bouldering at<br \/>\nHampi (India), Rocklands (South Afrika) and Zillertal (Austria). They were<br \/>\nmotivated to do more and so we did. TRINITY 2 Evolution is the work of one<br \/>\nyear of filming and cutting. Most of the Zillertal shots are from the Tyrolean<br \/>\nguys. All the other shots except Tinos Part One were filmed by me. I followed<br \/>\nBerni Fiedler on most of his climbing days with the cam. Some really funny<br \/>\ntimes and sometimes scary.  <\/p>","protected":false},"excerpt":{"rendered":"<p>Der brandneue \u00d6sterreichsiche Boulderfilm mit den besten Gebieten der Alpenrepublik, Osp und Tintos&#8230; Die Tiroler Andi M\u00f6lk sowie Dani Eder klettern neue Boulder im Zillertal und treffen auf Berni Fiedler aus Wien. Ihr k\u00f6nnt die drei Jungs auf einer Reise durch einige der besten Klettergebiete in \u00d6sterreich begleiten. Als w\u00e4re dies noch nicht genug f\u00fcr [&#8230;]\n","protected":false},"featured_media":31023,"template":"","meta":[],"product_brand":[],"product_cat":[21628],"product_tag":[],"class_list":{"0":"post-152758","1":"product","2":"type-product","3":"status-publish","4":"has-post-thumbnail","6":"product_cat-video-dvd-multimedia","7":"pa_autor-murnig","8":"pa_erscheinungsjahr-21693","9":"pa_region-oesterreich","10":"pa_sprache-d","11":"pa_sprache-e","13":"first","14":"instock","15":"taxable","16":"shipping-taxable","17":"purchasable","18":"product-type-simple"},"_links":{"self":[{"href":"https:\/\/pizbube.ch\/en\/wp-json\/wp\/v2\/product\/152758","targetHints":{"allow":["GET"]}}],"collection":[{"href":"https:\/\/pizbube.ch\/en\/wp-json\/wp\/v2\/product"}],"about":[{"href":"https:\/\/pizbube.ch\/en\/wp-json\/wp\/v2\/types\/product"}],"wp:featuredmedia":[{"embeddable":true,"href":"https:\/\/pizbube.ch\/en\/wp-json\/wp\/v2\/media\/31023"}],"wp:attachment":[{"href":"https:\/\/pizbube.ch\/en\/wp-json\/wp\/v2\/media?parent=152758"}],"wp:term":[{"taxonomy":"product_brand","embeddable":true,"href":"https:\/\/pizbube.ch\/en\/wp-json\/wp\/v2\/product_brand?post=152758"},{"taxonomy":"product_cat","embeddable":true,"href":"https:\/\/pizbube.ch\/en\/wp-json\/wp\/v2\/product_cat?post=152758"},{"taxonomy":"product_tag","embeddable":true,"href":"https:\/\/pizbube.ch\/en\/wp-json\/wp\/v2\/product_tag?post=152758"}],"curies":[{"name":"wp","href":"https:\/\/api.w.org\/{rel}","templated":true}]}}