{"id":152759,"date":"2021-01-15T12:32:37","date_gmt":"2021-01-15T12:32:37","guid":{"rendered":"https:\/\/codengine3.ch\/?product=import-placeholder-for-206328"},"modified":"2021-01-15T14:48:08","modified_gmt":"2021-01-15T14:48:08","slug":"spaziergaenger-zbinden","status":"publish","type":"product","link":"https:\/\/pizbube.ch\/en\/shop\/spaziergaenger-zbinden\/","title":{"rendered":"Spazierg\u00e4nger Zbinden"},"content":{"rendered":"<p>Zehn Jahre nach seinem Deb\u00fct mit dem Kultroman Franz oder Warum Antilopen<br \/>\nnebeneinander laufen schreibt Christoph Simon ein Meisterwerk.<br \/>\nGestatten: Lukas Zbinden \u2013 Spazierg\u00e4nger und Liebender.<br \/>\nChristoph Simons kluger und filigran komponierter Roman Spazierg\u00e4nger Zbinden<br \/>\nist eine hinreissende Liebesgeschichte. Am Arm des Zivildienstleistenden K\u00e2zim<br \/>\nbegibt sich der 87-j\u00e4hrige Lukas Zbinden auf seine Weltenreise durchs<br \/>\nBetagtenheim. Treppe um Treppe, Stockwerk um Stockwerk zieht es den<br \/>\nleidenschaftlichen Spazierg\u00e4nger Zbinden hinaus auf die Wege, auf denen er ein<br \/>\nLeben lang an der Seite seiner Emilie dem Sinn des Lebens nachgesp\u00fcrt hat.<br \/>\nNach und nach lernen wir einen sanftm\u00fctigen und geistreichen Mann kennen, der<br \/>\nglaubt, seinem Begleiter die Antworten auf die wichtigen Fragen des Lebens<br \/>\nanzuvertrauen, in Wahrheit aber die stille, herzbewegende Geschichte der Liebe<br \/>\nzu seiner verstorbenen Emilie erz\u00e4hlt.  <\/p>","protected":false},"excerpt":{"rendered":"<p>Zehn Jahre nach seinem Deb\u00fct mit dem Kultroman Franz oder Warum Antilopen nebeneinander laufen schreibt Christoph Simon ein Meisterwerk. Gestatten: Lukas Zbinden \u2013 Spazierg\u00e4nger und Liebender. Christoph Simons kluger und filigran komponierter Roman Spazierg\u00e4nger Zbinden ist eine hinreissende Liebesgeschichte. Am Arm des Zivildienstleistenden K\u00e2zim begibt sich der 87-j\u00e4hrige Lukas Zbinden auf seine Weltenreise durchs Betagtenheim. [&#8230;]\n","protected":false},"featured_media":35326,"template":"","meta":[],"product_brand":[],"product_cat":[21629],"product_tag":[],"class_list":{"0":"post-152759","1":"product","2":"type-product","3":"status-publish","4":"has-post-thumbnail","6":"product_cat-belletristik","7":"pa_autor-simon","8":"pa_erscheinungsjahr-21830","9":"pa_region-schweiz","10":"pa_sprache-de","12":"first","13":"instock","14":"taxable","15":"shipping-taxable","16":"purchasable","17":"product-type-simple"},"_links":{"self":[{"href":"https:\/\/pizbube.ch\/en\/wp-json\/wp\/v2\/product\/152759","targetHints":{"allow":["GET"]}}],"collection":[{"href":"https:\/\/pizbube.ch\/en\/wp-json\/wp\/v2\/product"}],"about":[{"href":"https:\/\/pizbube.ch\/en\/wp-json\/wp\/v2\/types\/product"}],"wp:featuredmedia":[{"embeddable":true,"href":"https:\/\/pizbube.ch\/en\/wp-json\/wp\/v2\/media\/35326"}],"wp:attachment":[{"href":"https:\/\/pizbube.ch\/en\/wp-json\/wp\/v2\/media?parent=152759"}],"wp:term":[{"taxonomy":"product_brand","embeddable":true,"href":"https:\/\/pizbube.ch\/en\/wp-json\/wp\/v2\/product_brand?post=152759"},{"taxonomy":"product_cat","embeddable":true,"href":"https:\/\/pizbube.ch\/en\/wp-json\/wp\/v2\/product_cat?post=152759"},{"taxonomy":"product_tag","embeddable":true,"href":"https:\/\/pizbube.ch\/en\/wp-json\/wp\/v2\/product_tag?post=152759"}],"curies":[{"name":"wp","href":"https:\/\/api.w.org\/{rel}","templated":true}]}}