{"id":152761,"date":"2021-01-15T12:32:37","date_gmt":"2021-01-15T12:32:37","guid":{"rendered":"https:\/\/codengine3.ch\/?product=import-placeholder-for-202017"},"modified":"2021-01-15T12:32:40","modified_gmt":"2021-01-15T12:32:40","slug":"desnivel","status":"publish","type":"product","link":"https:\/\/pizbube.ch\/en\/shop\/desnivel\/","title":{"rendered":"Desnivel"},"content":{"rendered":"<p>Revista de Monta\u00f1a: Spanische Kletter- und Alpinismuszeitschrift, erscheint<br \/>\nmonatlich. No. 249  <\/p>\n<p>An Lager ist normalerweise die aktuellste No. (Titelbild)- \u00e4ltere Ausgaben auf<br \/>\nNachfrage meist auch lieferbar!<\/p>\n<p>En este n\u00famero 325: ENTREVISTA \u00c1lex Txikon \u2022 VENEZUELA, GRAN PARED<br \/>\nReflexiones tepuyeras \u2022 PIRINE\u00cdSMO Maladeta Oriental \u2022 DEPORTIVA EN<br \/>\nGALICIA San Xian-Oia \u2022 ESCUELA DE MONTA\u00d1A R\u00e1pel II.<\/p>","protected":false},"excerpt":{"rendered":"<p>Revista de Monta\u00f1a: Spanische Kletter- und Alpinismuszeitschrift, erscheint monatlich. No. 249 An Lager ist normalerweise die aktuellste No. (Titelbild)- \u00e4ltere Ausgaben auf Nachfrage meist auch lieferbar! En este n\u00famero 325: ENTREVISTA \u00c1lex Txikon \u2022 VENEZUELA, GRAN PARED Reflexiones tepuyeras \u2022 PIRINE\u00cdSMO Maladeta Oriental \u2022 DEPORTIVA EN GALICIA San Xian-Oia \u2022 ESCUELA DE MONTA\u00d1A R\u00e1pel II.<\/p>","protected":false},"featured_media":39927,"template":"","meta":[],"product_brand":[],"product_cat":[21541],"product_tag":[],"class_list":{"0":"post-152761","1":"product","2":"type-product","3":"status-publish","4":"has-post-thumbnail","6":"product_cat-zeitschriften","7":"pa_autor-ed-desnivel","8":"pa_region-spanien","9":"pa_sprache-sp","11":"first","12":"instock","13":"taxable","14":"shipping-taxable","15":"purchasable","16":"product-type-simple"},"_links":{"self":[{"href":"https:\/\/pizbube.ch\/en\/wp-json\/wp\/v2\/product\/152761","targetHints":{"allow":["GET"]}}],"collection":[{"href":"https:\/\/pizbube.ch\/en\/wp-json\/wp\/v2\/product"}],"about":[{"href":"https:\/\/pizbube.ch\/en\/wp-json\/wp\/v2\/types\/product"}],"wp:featuredmedia":[{"embeddable":true,"href":"https:\/\/pizbube.ch\/en\/wp-json\/wp\/v2\/media\/39927"}],"wp:attachment":[{"href":"https:\/\/pizbube.ch\/en\/wp-json\/wp\/v2\/media?parent=152761"}],"wp:term":[{"taxonomy":"product_brand","embeddable":true,"href":"https:\/\/pizbube.ch\/en\/wp-json\/wp\/v2\/product_brand?post=152761"},{"taxonomy":"product_cat","embeddable":true,"href":"https:\/\/pizbube.ch\/en\/wp-json\/wp\/v2\/product_cat?post=152761"},{"taxonomy":"product_tag","embeddable":true,"href":"https:\/\/pizbube.ch\/en\/wp-json\/wp\/v2\/product_tag?post=152761"}],"curies":[{"name":"wp","href":"https:\/\/api.w.org\/{rel}","templated":true}]}}