{"id":152762,"date":"2021-01-15T12:32:37","date_gmt":"2021-01-15T12:32:37","guid":{"rendered":"https:\/\/codengine3.ch\/?product=import-placeholder-for-202029"},"modified":"2021-01-15T12:32:46","modified_gmt":"2021-01-15T12:32:46","slug":"escalar","status":"publish","type":"product","link":"https:\/\/pizbube.ch\/en\/shop\/escalar\/","title":{"rendered":"Escalar"},"content":{"rendered":"<p>Spanische Zeitschrift, die sich aufs Sportklettern und Bouldern spezialisiert.  <\/p>\n<p>An Lager ist normalerweise die aktuellste No. (Titelbild)- \u00e4ltere Ausgaben auf<br \/>\nNachfrage meist auch lieferbar!<\/p>\n<p>En este n\u00famero 87 encontrar\u00e9is: Escaladas a la sombra. Dave Graham: El Peter<br \/>\nPan de la roca \u2022 Lesiones: c\u00f3mo<br \/>\nprevenirlas \u2022 Chapajes y conexiones seguras \u2022 Asociaciones de escaladores \u2022<br \/>\nCopa y Campeonato de Espa\u00f1a \u2022 Filosof\u00eda<\/p>","protected":false},"excerpt":{"rendered":"<p>Spanische Zeitschrift, die sich aufs Sportklettern und Bouldern spezialisiert. An Lager ist normalerweise die aktuellste No. (Titelbild)- \u00e4ltere Ausgaben auf Nachfrage meist auch lieferbar! En este n\u00famero 87 encontrar\u00e9is: Escaladas a la sombra. Dave Graham: El Peter Pan de la roca \u2022 Lesiones: c\u00f3mo prevenirlas \u2022 Chapajes y conexiones seguras \u2022 Asociaciones de escaladores \u2022 [&#8230;]\n","protected":false},"featured_media":39920,"template":"","meta":[],"product_brand":[],"product_cat":[21541],"product_tag":[],"class_list":{"0":"post-152762","1":"product","2":"type-product","3":"status-publish","4":"has-post-thumbnail","6":"product_cat-zeitschriften","7":"pa_autor-desnivel","8":"pa_region-spanien","9":"pa_sprache-sp","11":"first","12":"instock","13":"taxable","14":"shipping-taxable","15":"purchasable","16":"product-type-simple"},"_links":{"self":[{"href":"https:\/\/pizbube.ch\/en\/wp-json\/wp\/v2\/product\/152762","targetHints":{"allow":["GET"]}}],"collection":[{"href":"https:\/\/pizbube.ch\/en\/wp-json\/wp\/v2\/product"}],"about":[{"href":"https:\/\/pizbube.ch\/en\/wp-json\/wp\/v2\/types\/product"}],"wp:featuredmedia":[{"embeddable":true,"href":"https:\/\/pizbube.ch\/en\/wp-json\/wp\/v2\/media\/39920"}],"wp:attachment":[{"href":"https:\/\/pizbube.ch\/en\/wp-json\/wp\/v2\/media?parent=152762"}],"wp:term":[{"taxonomy":"product_brand","embeddable":true,"href":"https:\/\/pizbube.ch\/en\/wp-json\/wp\/v2\/product_brand?post=152762"},{"taxonomy":"product_cat","embeddable":true,"href":"https:\/\/pizbube.ch\/en\/wp-json\/wp\/v2\/product_cat?post=152762"},{"taxonomy":"product_tag","embeddable":true,"href":"https:\/\/pizbube.ch\/en\/wp-json\/wp\/v2\/product_tag?post=152762"}],"curies":[{"name":"wp","href":"https:\/\/api.w.org\/{rel}","templated":true}]}}