{"id":152767,"date":"2021-01-15T12:32:38","date_gmt":"2021-01-15T12:32:38","guid":{"rendered":"https:\/\/codengine3.ch\/?product=import-placeholder-for-203451"},"modified":"2021-01-15T14:23:24","modified_gmt":"2021-01-15T14:23:24","slug":"der-alte-mann-und-der-berg","status":"publish","type":"product","link":"https:\/\/pizbube.ch\/en\/shop\/der-alte-mann-und-der-berg\/","title":{"rendered":"Der alte Mann und der Berg"},"content":{"rendered":"<p>Vom Versuch, mit Geduld und Ehrfurcht den G\u00f6tterthron zu ber\u00fchren.<br \/>\nIm Jahre 1953 bestieg Emil Frehner zusammen mit seinem Vater den Piz Pal\u00fc.<br \/>\nDabei fasste der 13-J\u00e4hrige den Entschluss: Einmal in meinem Leben will ich<br \/>\nauf den Mount Everest, den h\u00f6chsten Berg der Welt! Und im Fr\u00fchjahr 2003 nahm<br \/>\nder Appenzeller Extrem-Bergsteiger im Gedenken an die Erstbesteigung vor 50<br \/>\nJahren an der Schweizer Jubil\u00e4umsexpedition auf den Mount Everest teil. Doch<br \/>\nder Gipfelerfolg blieb ihm verg\u00f6nnt. Schlechtes Wetter zwang ihn auf 8600<br \/>\nMeter H\u00f6he zur Umkehr.<br \/>\nEindr\u00fccklich schildert Emil Frehner in seinem neuen Buch seine jahrelange<br \/>\nAuseinandersetzung mit den Bergen und seine Ann\u00e4herung an den Berg der Berge,<br \/>\nden 8850 Meter hohen Mount Everest. Die Texte sind von solcher Dichte, dass<br \/>\nbeim Lesen schier Erfrierungserscheinungen drohen.<br \/>\nDie Kommerzialisierung der Expeditionen ist die Sache Frehners nicht. Er sucht<br \/>\nnicht den ehrgeizigen Gipfelerfolg, sondern huldigt der geduldigen,<br \/>\nehrf\u00fcrchtigen und liebevollen Ann\u00e4herung an den Berg. Die Anlehnung des<br \/>\nBuchtitels an Hemingways meisterhaften Kurzroman Der alte Mann und das Meer<br \/>\nist tiefgr\u00fcndig: Auch Frehners Schilderung seiner Erlebnisse am Mount Everest<br \/>\nist ein Epos vom ewigen Kampf des Menschen mit der Natur und wird zur Parabel<br \/>\nder moralischen Unbesiegbarkeit des wahren Helden, der auch in der Niederlage<br \/>\nseine W\u00fcrde bewahrt.  <\/p>","protected":false},"excerpt":{"rendered":"<p>Vom Versuch, mit Geduld und Ehrfurcht den G\u00f6tterthron zu ber\u00fchren. Im Jahre 1953 bestieg Emil Frehner zusammen mit seinem Vater den Piz Pal\u00fc. Dabei fasste der 13-J\u00e4hrige den Entschluss: Einmal in meinem Leben will ich auf den Mount Everest, den h\u00f6chsten Berg der Welt! Und im Fr\u00fchjahr 2003 nahm der Appenzeller Extrem-Bergsteiger im Gedenken an [&#8230;]\n","protected":false},"featured_media":31063,"template":"","meta":[],"product_brand":[],"product_cat":[21542],"product_tag":[],"class_list":{"0":"post-152767","1":"product","2":"type-product","3":"status-publish","4":"has-post-thumbnail","6":"product_cat-sachbuecher-dokumentationen","7":"pa_autor-frehner","8":"pa_erscheinungsjahr-21920","9":"pa_region-schweiz","10":"pa_sprache-de","12":"first","13":"instock","14":"taxable","15":"shipping-taxable","16":"purchasable","17":"product-type-simple"},"_links":{"self":[{"href":"https:\/\/pizbube.ch\/en\/wp-json\/wp\/v2\/product\/152767","targetHints":{"allow":["GET"]}}],"collection":[{"href":"https:\/\/pizbube.ch\/en\/wp-json\/wp\/v2\/product"}],"about":[{"href":"https:\/\/pizbube.ch\/en\/wp-json\/wp\/v2\/types\/product"}],"wp:featuredmedia":[{"embeddable":true,"href":"https:\/\/pizbube.ch\/en\/wp-json\/wp\/v2\/media\/31063"}],"wp:attachment":[{"href":"https:\/\/pizbube.ch\/en\/wp-json\/wp\/v2\/media?parent=152767"}],"wp:term":[{"taxonomy":"product_brand","embeddable":true,"href":"https:\/\/pizbube.ch\/en\/wp-json\/wp\/v2\/product_brand?post=152767"},{"taxonomy":"product_cat","embeddable":true,"href":"https:\/\/pizbube.ch\/en\/wp-json\/wp\/v2\/product_cat?post=152767"},{"taxonomy":"product_tag","embeddable":true,"href":"https:\/\/pizbube.ch\/en\/wp-json\/wp\/v2\/product_tag?post=152767"}],"curies":[{"name":"wp","href":"https:\/\/api.w.org\/{rel}","templated":true}]}}