{"id":152772,"date":"2021-01-15T12:32:39","date_gmt":"2021-01-15T12:32:39","guid":{"rendered":"https:\/\/codengine3.ch\/?product=import-placeholder-for-206310"},"modified":"2021-05-31T12:12:54","modified_gmt":"2021-05-31T10:12:54","slug":"gasherbrum-4-le-sommet-de-tous-les-dangers-dvd-et-livre","status":"publish","type":"product","link":"https:\/\/pizbube.ch\/en\/shop\/gasherbrum-4-le-sommet-de-tous-les-dangers-dvd-et-livre\/","title":{"rendered":"Gasherbrum 4 &#8211; le sommet de tous les dangers (DVD et livre)"},"content":{"rendered":"<p>Un film spectaculaire sur l&#8217;une des parois les plus redout\u00e9es de l&#8217;Himalaya.<br \/>\nEdition collector comprenant le DVD du film + le livre Gasherbrum 4 de Mario<br \/>\nCasella (160 pages)<\/p>\n<p>Le GASHERBRUM 4 est une pyramide himalayenne vertigineuse \u00e0 laquelle il ne<br \/>\nmanque que quelques m\u00e8tres pour faire partie du club des quatorze sommets de<br \/>\nplus de 8000 m\u00e8tres.<br \/>\nElle fut conquise en 1958 au cours d&#8217;une exp\u00e9dition l\u00e9gendaire organis\u00e9e par<br \/>\nWalter Bonatti et Riccardo Cassin.<\/p>\n<p>En 2002, Mario Casella et Fulvio Mariani rencontrent ces h\u00e9ros de 1958 et<br \/>\nd\u00e9cident alors de renouveler leur exploit, jamais r\u00e9it\u00e9r\u00e9 depuis. Mais \u00e0 leur<br \/>\narriv\u00e9e au Pakistan, ils sont accueillis par les tirs d&#8217;artillerie et le<br \/>\ngrondement des h\u00e9licopt\u00e8res de combat : le pays est entr\u00e9 en guerre avec<br \/>\nl&#8217;Inde et le GASHERBRUM 4 est sur la ligne de front.<br \/>\nAlors que notre \u00e9quipe s&#8217;engage sur la terrible paroi Nord-est \u00e0 la conqu\u00e8te<br \/>\ndu sommet, la guerre menace de devenir nucl\u00e9aire&#8230;<br \/>\nMario Casella et Fulvio Mariani, alternant les sc\u00eanes historiques de<br \/>\nl&#8217;ascension de Walter Bonatti et les images saisissantes de leur propre<br \/>\nexp\u00e9dition, signent un film spectaculaire sur l&#8217;une des parois les plus<br \/>\nredout\u00e9es de l&#8217;Himalaya.<br \/>\nDur\u00e9e du film : 1 heure 09<br \/>\nBonus : galerie de photos du tournage, biographies. Version originale<br \/>\nitalienne, Sous-titres en fran\u00e7ais<\/p>","protected":false},"excerpt":{"rendered":"<p>Un film spectaculaire sur l&#8217;une des parois les plus redout\u00e9es de l&#8217;Himalaya. Edition collector comprenant le DVD du film + le livre Gasherbrum 4 de Mario Casella (160 pages) Le GASHERBRUM 4 est une pyramide himalayenne vertigineuse \u00e0 laquelle il ne manque que quelques m\u00e8tres pour faire partie du club des quatorze sommets de plus [&#8230;]\n","protected":false},"featured_media":35304,"template":"","meta":[],"product_brand":[],"product_cat":[21628],"product_tag":[],"class_list":{"0":"post-152772","1":"product","2":"type-product","3":"status-publish","4":"has-post-thumbnail","6":"product_cat-video-dvd-multimedia","7":"pa_autor-mariani-casella","8":"pa_erscheinungsjahr-21830","9":"pa_region-asien","10":"pa_sprache-f","11":"pa_sprache-i","13":"first","14":"instock","15":"taxable","16":"shipping-taxable","17":"purchasable","18":"product-type-simple"},"_links":{"self":[{"href":"https:\/\/pizbube.ch\/en\/wp-json\/wp\/v2\/product\/152772","targetHints":{"allow":["GET"]}}],"collection":[{"href":"https:\/\/pizbube.ch\/en\/wp-json\/wp\/v2\/product"}],"about":[{"href":"https:\/\/pizbube.ch\/en\/wp-json\/wp\/v2\/types\/product"}],"wp:featuredmedia":[{"embeddable":true,"href":"https:\/\/pizbube.ch\/en\/wp-json\/wp\/v2\/media\/35304"}],"wp:attachment":[{"href":"https:\/\/pizbube.ch\/en\/wp-json\/wp\/v2\/media?parent=152772"}],"wp:term":[{"taxonomy":"product_brand","embeddable":true,"href":"https:\/\/pizbube.ch\/en\/wp-json\/wp\/v2\/product_brand?post=152772"},{"taxonomy":"product_cat","embeddable":true,"href":"https:\/\/pizbube.ch\/en\/wp-json\/wp\/v2\/product_cat?post=152772"},{"taxonomy":"product_tag","embeddable":true,"href":"https:\/\/pizbube.ch\/en\/wp-json\/wp\/v2\/product_tag?post=152772"}],"curies":[{"name":"wp","href":"https:\/\/api.w.org\/{rel}","templated":true}]}}