{"id":152774,"date":"2021-01-15T12:32:39","date_gmt":"2021-01-15T12:32:39","guid":{"rendered":"https:\/\/codengine3.ch\/?product=import-placeholder-for-202027"},"modified":"2021-01-15T12:32:43","modified_gmt":"2021-01-15T12:32:43","slug":"dolomiten-2","status":"publish","type":"product","link":"https:\/\/pizbube.ch\/en\/shop\/dolomiten-2\/","title":{"rendered":"Dolomiten"},"content":{"rendered":"<p>Das grosse Buch der Normalwege  <\/p>\n<p>Dolomiten &#8211; kaum ein anderer Name wirkt so anziehend und fasziniert Kletterer,<br \/>\nBergsteiger und Bergwanderer gleicherma\u00dfen. Dar\u00fcber hinaus liegt die<br \/>\nBesonderheit der Normalwege in den Dolomiten auch darin, da\u00df sie meist<br \/>\nhistorische Meilensteine und Pionierleistungen in der Alpingeschichte<br \/>\nbedeuten. Wer m\u00f6chte nicht gerne auf den Spuren ber\u00fchmter M\u00e4nner und Frauen<br \/>\nwandeln?  <\/p>\n<p>Das bekannte Bergbuch-Team Buscaini\/Metzeltin hat aus den \u00fcber 1800 Bergen,<br \/>\ndie namentlich bekannt sind, 74 Gipfel und deren Normalwege ausgew\u00e4hlt,<br \/>\nbeschrieben und hervorragend bebildert. Ihre Auswahlkriterien waren:<br \/>\nbergsteigerische Bedeutung, attraktiver Wegverlauf und unber\u00fchrte,<br \/>\nurspr\u00fcngliche Umwelt. Die Touren sind chronologisch nach ihrer Erstbesteigung<br \/>\ngeordnet und umfassen den Zeitraum bis zum Ausbruch des Ersten Weltkrieges.<br \/>\nDen Autoren gelingt es, mit ihrer Zusammenstellung den Charakter der Dolomiten<br \/>\nzu umrei\u00dfen. Von einfachen Wanderwegen bis zu schwierigen Kletterrouten, f\u00fcr<br \/>\njeden Geschmack gibt es eine Vielzahl von M\u00f6glichkeiten.<br \/>\nAlle Tourenvorschl\u00e4ge sind mit genauen Schwierigkeits- und Zeitangaben sowie<br \/>\neiner Anstiegsskizze versehen &#8211; und als Besonderheit: Routenskizzen und<br \/>\nRoutenbeschreibungen sind in einem handlichen Beiheft nochmals zusammengefa\u00dft<br \/>\nund k\u00f6nnen auf die Tour mitgenommen werden.  <\/p>","protected":false},"excerpt":{"rendered":"<p>Das grosse Buch der Normalwege Dolomiten &#8211; kaum ein anderer Name wirkt so anziehend und fasziniert Kletterer, Bergsteiger und Bergwanderer gleicherma\u00dfen. Dar\u00fcber hinaus liegt die Besonderheit der Normalwege in den Dolomiten auch darin, da\u00df sie meist historische Meilensteine und Pionierleistungen in der Alpingeschichte bedeuten. Wer m\u00f6chte nicht gerne auf den Spuren ber\u00fchmter M\u00e4nner und Frauen [&#8230;]\n","protected":false},"featured_media":29407,"template":"","meta":[],"product_brand":[],"product_cat":[21544],"product_tag":[],"class_list":{"0":"post-152774","1":"product","2":"type-product","3":"status-publish","4":"has-post-thumbnail","6":"product_cat-fuehrerliteratur-alpin-sommer","7":"pa_autor-buscaini-metzeltin","8":"pa_erscheinungsjahr-22133","9":"pa_region-italien","10":"pa_sprache-de","12":"first","13":"outofstock","14":"taxable","15":"shipping-taxable","16":"purchasable","17":"product-type-simple"},"_links":{"self":[{"href":"https:\/\/pizbube.ch\/en\/wp-json\/wp\/v2\/product\/152774","targetHints":{"allow":["GET"]}}],"collection":[{"href":"https:\/\/pizbube.ch\/en\/wp-json\/wp\/v2\/product"}],"about":[{"href":"https:\/\/pizbube.ch\/en\/wp-json\/wp\/v2\/types\/product"}],"wp:featuredmedia":[{"embeddable":true,"href":"https:\/\/pizbube.ch\/en\/wp-json\/wp\/v2\/media\/29407"}],"wp:attachment":[{"href":"https:\/\/pizbube.ch\/en\/wp-json\/wp\/v2\/media?parent=152774"}],"wp:term":[{"taxonomy":"product_brand","embeddable":true,"href":"https:\/\/pizbube.ch\/en\/wp-json\/wp\/v2\/product_brand?post=152774"},{"taxonomy":"product_cat","embeddable":true,"href":"https:\/\/pizbube.ch\/en\/wp-json\/wp\/v2\/product_cat?post=152774"},{"taxonomy":"product_tag","embeddable":true,"href":"https:\/\/pizbube.ch\/en\/wp-json\/wp\/v2\/product_tag?post=152774"}],"curies":[{"name":"wp","href":"https:\/\/api.w.org\/{rel}","templated":true}]}}