{"id":152776,"date":"2021-01-15T12:32:44","date_gmt":"2021-01-15T12:32:44","guid":{"rendered":"https:\/\/codengine3.ch\/?product=import-placeholder-for-202031"},"modified":"2021-01-15T12:32:47","modified_gmt":"2021-01-15T12:32:47","slug":"trekking-dans-les-alpes","status":"publish","type":"product","link":"https:\/\/pizbube.ch\/en\/shop\/trekking-dans-les-alpes\/","title":{"rendered":"Trekking dans les Alpes"},"content":{"rendered":"<p>propose 18 trekkings, traversant six pays des Alpes, illustr\u00e9 de photographies<br \/>\nspectaculaires, donnant le d\u00e9tail de tous les itin\u00e9raires. 175 pages.<\/p>","protected":false},"excerpt":{"rendered":"<p>propose 18 trekkings, traversant six pays des Alpes, illustr\u00e9 de photographies spectaculaires, donnant le d\u00e9tail de tous les itin\u00e9raires. 175 pages.<\/p>","protected":false},"featured_media":45070,"template":"","meta":[],"product_brand":[],"product_cat":[21605],"product_tag":[],"class_list":{"0":"post-152776","1":"product","2":"type-product","3":"status-publish","4":"has-post-thumbnail","6":"product_cat-wanderfuehrer-trekking","7":"pa_autor-ardito","8":"pa_erscheinungsjahr-22112","9":"pa_region-frankreich","10":"pa_sprache-fr","12":"first","13":"instock","14":"taxable","15":"shipping-taxable","16":"purchasable","17":"product-type-simple"},"_links":{"self":[{"href":"https:\/\/pizbube.ch\/en\/wp-json\/wp\/v2\/product\/152776","targetHints":{"allow":["GET"]}}],"collection":[{"href":"https:\/\/pizbube.ch\/en\/wp-json\/wp\/v2\/product"}],"about":[{"href":"https:\/\/pizbube.ch\/en\/wp-json\/wp\/v2\/types\/product"}],"wp:featuredmedia":[{"embeddable":true,"href":"https:\/\/pizbube.ch\/en\/wp-json\/wp\/v2\/media\/45070"}],"wp:attachment":[{"href":"https:\/\/pizbube.ch\/en\/wp-json\/wp\/v2\/media?parent=152776"}],"wp:term":[{"taxonomy":"product_brand","embeddable":true,"href":"https:\/\/pizbube.ch\/en\/wp-json\/wp\/v2\/product_brand?post=152776"},{"taxonomy":"product_cat","embeddable":true,"href":"https:\/\/pizbube.ch\/en\/wp-json\/wp\/v2\/product_cat?post=152776"},{"taxonomy":"product_tag","embeddable":true,"href":"https:\/\/pizbube.ch\/en\/wp-json\/wp\/v2\/product_tag?post=152776"}],"curies":[{"name":"wp","href":"https:\/\/api.w.org\/{rel}","templated":true}]}}