{"id":152777,"date":"2021-01-15T12:32:44","date_gmt":"2021-01-15T12:32:44","guid":{"rendered":"https:\/\/codengine3.ch\/?product=import-placeholder-for-204816"},"modified":"2021-01-15T14:36:29","modified_gmt":"2021-01-15T14:36:29","slug":"auf-dem-gipfel-2","status":"publish","type":"product","link":"https:\/\/pizbube.ch\/en\/shop\/auf-dem-gipfel-2\/","title":{"rendered":"Auf dem Gipfel"},"content":{"rendered":"<p>Gedanken vom h\u00f6chsten Punkt der Erde.<br \/>\nDer Mount Everest ist die gr\u00f6\u00dfte und faszinierendste Herausforderung f\u00fcr jeden<br \/>\nBergsteiger &#8211; wie ist es, ganz oben zu stehen? &#8218;Auf dem Gipfel&#8216; h\u00e4lt die Magie<br \/>\neines gro\u00dfen Augenblicks und die bewegenden Gedanken der gro\u00dfen Everest-<br \/>\nBesteiger fest &#8211; darunter Reinhold Messner, Chris Bonington oder Hans<br \/>\nKammerlander. Mit eindrucksvollen Fotos illustriert: f\u00fcr alle, die verstehen<br \/>\nwollen, was es bedeutet, auf dem h\u00f6chsten Punkt der Erde zu stehen.  <\/p>","protected":false},"excerpt":{"rendered":"<p>Gedanken vom h\u00f6chsten Punkt der Erde. Der Mount Everest ist die gr\u00f6\u00dfte und faszinierendste Herausforderung f\u00fcr jeden Bergsteiger &#8211; wie ist es, ganz oben zu stehen? &#8218;Auf dem Gipfel&#8216; h\u00e4lt die Magie eines gro\u00dfen Augenblicks und die bewegenden Gedanken der gro\u00dfen Everest- Besteiger fest &#8211; darunter Reinhold Messner, Chris Bonington oder Hans Kammerlander. Mit eindrucksvollen [&#8230;]\n","protected":false},"featured_media":33335,"template":"","meta":[],"product_brand":[],"product_cat":[21542],"product_tag":[],"class_list":{"0":"post-152777","1":"product","2":"type-product","3":"status-publish","4":"has-post-thumbnail","6":"product_cat-sachbuecher-dokumentationen","7":"pa_autor-gee-weare","8":"pa_erscheinungsjahr-21763","9":"pa_region-asien","10":"pa_sprache-de","12":"first","13":"instock","14":"taxable","15":"shipping-taxable","16":"purchasable","17":"product-type-simple"},"_links":{"self":[{"href":"https:\/\/pizbube.ch\/en\/wp-json\/wp\/v2\/product\/152777","targetHints":{"allow":["GET"]}}],"collection":[{"href":"https:\/\/pizbube.ch\/en\/wp-json\/wp\/v2\/product"}],"about":[{"href":"https:\/\/pizbube.ch\/en\/wp-json\/wp\/v2\/types\/product"}],"wp:featuredmedia":[{"embeddable":true,"href":"https:\/\/pizbube.ch\/en\/wp-json\/wp\/v2\/media\/33335"}],"wp:attachment":[{"href":"https:\/\/pizbube.ch\/en\/wp-json\/wp\/v2\/media?parent=152777"}],"wp:term":[{"taxonomy":"product_brand","embeddable":true,"href":"https:\/\/pizbube.ch\/en\/wp-json\/wp\/v2\/product_brand?post=152777"},{"taxonomy":"product_cat","embeddable":true,"href":"https:\/\/pizbube.ch\/en\/wp-json\/wp\/v2\/product_cat?post=152777"},{"taxonomy":"product_tag","embeddable":true,"href":"https:\/\/pizbube.ch\/en\/wp-json\/wp\/v2\/product_tag?post=152777"}],"curies":[{"name":"wp","href":"https:\/\/api.w.org\/{rel}","templated":true}]}}