{"id":152778,"date":"2021-01-15T12:32:44","date_gmt":"2021-01-15T12:32:44","guid":{"rendered":"https:\/\/codengine3.ch\/?product=import-placeholder-for-202061"},"modified":"2021-01-15T12:33:02","modified_gmt":"2021-01-15T12:33:02","slug":"ueberleben-in-hoehen","status":"publish","type":"product","link":"https:\/\/pizbube.ch\/en\/shop\/ueberleben-in-hoehen\/","title":{"rendered":"\u00dcberleben in H\u00f6hen"},"content":{"rendered":"<p>Eisige K\u00e4lte, Sauerstoffmangel und t\u00fcckische Gletscherspalten erschweren das<br \/>\nKlettern und \u00dcberleben in der Todeszone. Willis hat 16 atemberaubende Berichte<br \/>\nvon Expeditionen auf die h\u00f6chsten Berge der Welt zusammengestellt. Die<br \/>\nschwindelerregenden Abenteuer umfassen 60 Jahre spektakul\u00e4rer Gipfelst\u00fcrmerei.<br \/>\nErleben Sie die fr\u00fchen Expeditionen, dramatische Rettungsaktionen und die<br \/>\nj\u00fcngsten Trag\u00f6dien an den beiden h\u00f6chsten Bergen der Welt.<br \/>\nGeschichten aus der Todeszone: sechzig Jahre Gipfelst\u00fcrmerei am Mount Everest,<br \/>\nK2 und anderen hohen Bergen! Texte von M. Dickinson, W. Bonatti, L.<br \/>\nGammelgaard C. Bonington u. a.<\/p>","protected":false},"excerpt":{"rendered":"<p>Eisige K\u00e4lte, Sauerstoffmangel und t\u00fcckische Gletscherspalten erschweren das Klettern und \u00dcberleben in der Todeszone. Willis hat 16 atemberaubende Berichte von Expeditionen auf die h\u00f6chsten Berge der Welt zusammengestellt. Die schwindelerregenden Abenteuer umfassen 60 Jahre spektakul\u00e4rer Gipfelst\u00fcrmerei. Erleben Sie die fr\u00fchen Expeditionen, dramatische Rettungsaktionen und die j\u00fcngsten Trag\u00f6dien an den beiden h\u00f6chsten Bergen der Welt. Geschichten [&#8230;]\n","protected":false},"featured_media":29444,"template":"","meta":[],"product_brand":[],"product_cat":[21629],"product_tag":[],"class_list":{"0":"post-152778","1":"product","2":"type-product","3":"status-publish","4":"has-post-thumbnail","6":"product_cat-belletristik","7":"pa_autor-willis-hrsg","8":"pa_erscheinungsjahr-22242","9":"pa_region-deutschland","10":"pa_sprache-de","12":"first","13":"outofstock","14":"taxable","15":"shipping-taxable","16":"purchasable","17":"product-type-simple"},"_links":{"self":[{"href":"https:\/\/pizbube.ch\/en\/wp-json\/wp\/v2\/product\/152778","targetHints":{"allow":["GET"]}}],"collection":[{"href":"https:\/\/pizbube.ch\/en\/wp-json\/wp\/v2\/product"}],"about":[{"href":"https:\/\/pizbube.ch\/en\/wp-json\/wp\/v2\/types\/product"}],"wp:featuredmedia":[{"embeddable":true,"href":"https:\/\/pizbube.ch\/en\/wp-json\/wp\/v2\/media\/29444"}],"wp:attachment":[{"href":"https:\/\/pizbube.ch\/en\/wp-json\/wp\/v2\/media?parent=152778"}],"wp:term":[{"taxonomy":"product_brand","embeddable":true,"href":"https:\/\/pizbube.ch\/en\/wp-json\/wp\/v2\/product_brand?post=152778"},{"taxonomy":"product_cat","embeddable":true,"href":"https:\/\/pizbube.ch\/en\/wp-json\/wp\/v2\/product_cat?post=152778"},{"taxonomy":"product_tag","embeddable":true,"href":"https:\/\/pizbube.ch\/en\/wp-json\/wp\/v2\/product_tag?post=152778"}],"curies":[{"name":"wp","href":"https:\/\/api.w.org\/{rel}","templated":true}]}}