{"id":152781,"date":"2021-01-15T12:32:45","date_gmt":"2021-01-15T12:32:45","guid":{"rendered":"https:\/\/codengine3.ch\/?product=import-placeholder-for-204292"},"modified":"2021-01-15T14:31:42","modified_gmt":"2021-01-15T14:31:42","slug":"berge-entstehen-wachsen-vergehen","status":"publish","type":"product","link":"https:\/\/pizbube.ch\/en\/shop\/berge-entstehen-wachsen-vergehen\/","title":{"rendered":"Berge Entstehen &#8211; Wachsen &#8211; Vergehen"},"content":{"rendered":"<p>Keine andere Form der Landschaft hat den Menschen von Anbeginn so viel Respekt<br \/>\nabgen\u00f6tigt und sie gleichzeitig so sehr inspiriert wie majest\u00e4tisch<br \/>\nemporragende Berge. Kein Wunder, dass sie Mythen und Sagen f\u00f6rmlich anzogen<br \/>\nund man auf ihnen den Sitz der G\u00f6tter vermutete. Dieses Buch w\u00e4hlt einen<br \/>\nneuen, \u00fcberraschenden Ansatz zur Beschreibung der Berge: Es schildert ihre<br \/>\nLebenszyklen. Der franz\u00f6sische Geologe und Geophysiker Paul Tapponnier besucht<br \/>\ndie Werkst\u00e4tten der sch\u00f6pferischen Natur von den Anden bis zu den<br \/>\ns\u00fcdsibirischen Bergen. Kongenial h\u00e4lt die Fotografin Kevin Kling die<br \/>\n\u00e4sthetische Dimension dieser Landschaften in poetischen Bildern fest: das<br \/>\nSpiel von Licht und Schatten auf Felsh\u00e4ngen und Gletschern, das Leuchten der<br \/>\nGipfel und das Dunkel unzug\u00e4nglicher Schluchten, die Kargheit markanter<br \/>\nFelsformationen und die Sanftheit glatt geschliffener Steinr\u00fccken, unber\u00fchrte<br \/>\nNatur und Zeichen menschlicher Existenz in urgewaltigen Bergregionen. 352<br \/>\nSeiten, ca. 150 Fotos geb. mit SU.<\/p>","protected":false},"excerpt":{"rendered":"<p>Keine andere Form der Landschaft hat den Menschen von Anbeginn so viel Respekt abgen\u00f6tigt und sie gleichzeitig so sehr inspiriert wie majest\u00e4tisch emporragende Berge. Kein Wunder, dass sie Mythen und Sagen f\u00f6rmlich anzogen und man auf ihnen den Sitz der G\u00f6tter vermutete. Dieses Buch w\u00e4hlt einen neuen, \u00fcberraschenden Ansatz zur Beschreibung der Berge: Es schildert [&#8230;]\n","protected":false},"featured_media":32120,"template":"","meta":[],"product_brand":[],"product_cat":[21542],"product_tag":[],"class_list":{"0":"post-152781","1":"product","2":"type-product","3":"status-publish","4":"has-post-thumbnail","6":"product_cat-sachbuecher-dokumentationen","7":"pa_autor-tapponnier-kling","8":"pa_erscheinungsjahr-21763","9":"pa_region-deutschland","10":"pa_sprache-de","12":"first","13":"instock","14":"taxable","15":"shipping-taxable","16":"purchasable","17":"product-type-simple"},"_links":{"self":[{"href":"https:\/\/pizbube.ch\/en\/wp-json\/wp\/v2\/product\/152781","targetHints":{"allow":["GET"]}}],"collection":[{"href":"https:\/\/pizbube.ch\/en\/wp-json\/wp\/v2\/product"}],"about":[{"href":"https:\/\/pizbube.ch\/en\/wp-json\/wp\/v2\/types\/product"}],"wp:featuredmedia":[{"embeddable":true,"href":"https:\/\/pizbube.ch\/en\/wp-json\/wp\/v2\/media\/32120"}],"wp:attachment":[{"href":"https:\/\/pizbube.ch\/en\/wp-json\/wp\/v2\/media?parent=152781"}],"wp:term":[{"taxonomy":"product_brand","embeddable":true,"href":"https:\/\/pizbube.ch\/en\/wp-json\/wp\/v2\/product_brand?post=152781"},{"taxonomy":"product_cat","embeddable":true,"href":"https:\/\/pizbube.ch\/en\/wp-json\/wp\/v2\/product_cat?post=152781"},{"taxonomy":"product_tag","embeddable":true,"href":"https:\/\/pizbube.ch\/en\/wp-json\/wp\/v2\/product_tag?post=152781"}],"curies":[{"name":"wp","href":"https:\/\/api.w.org\/{rel}","templated":true}]}}