{"id":152782,"date":"2021-01-15T12:32:45","date_gmt":"2021-01-15T12:32:45","guid":{"rendered":"https:\/\/codengine3.ch\/?product=import-placeholder-for-205236"},"modified":"2021-01-15T14:39:43","modified_gmt":"2021-01-15T14:39:43","slug":"der-gipfel-des-verbrechens","status":"publish","type":"product","link":"https:\/\/pizbube.ch\/en\/shop\/der-gipfel-des-verbrechens\/","title":{"rendered":"Der Gipfel des Verbrechens"},"content":{"rendered":"<p>Die Everest-Mafia und ihre dreckigen Gesch\u00e4fte.  <\/p>\n<p>\u00dcber 100 Tote, die den Weg nach oben s\u00e4umen; Basislager, die zu M\u00fcllhalden<br \/>\nverkommen sind &#8211; der engagierte Bergsteiger, Reporter und Pulitzerpreistr\u00e4ger<br \/>\nMichael Kodas enth\u00fcllt, wie das Dach der Welt zum Gipfel des Verbrechens<br \/>\nwurde.  <\/p>\n<p>Bis zu 500 Menschen stehen jedes Jahr auf seinem Gipfel, mindestens zehn von<br \/>\nihnen bezahlen daf\u00fcr j\u00e4hrlich mit dem Leben: der Mount Everest, der h\u00f6chste<br \/>\nBerg der Erde, fr\u00fcher ein Mythos, das intensivste Erlebnis \u00fcberhaupt, und<br \/>\nheute der Inbegriff f\u00fcr Ab\u00adzocke in der Todeszone. Kunden aus der ganzen Welt<br \/>\nbl\u00e4ttern bis zu 65 000 Dollar hin, um einmal ganz nach oben zu kommen &#8211; egal,<br \/>\nob sie fit genug, zu alt oder behindert sind. Michael Kodas, der \u00fcber 20 Jahre<br \/>\nErfahrung im Hochgebirge mitbringt und selbst zweimal den Everest bestieg, hat<br \/>\nerlebt, wie aus den Base\u00adcamps Wildwestst\u00e4dte wurden, und war Zeuge, als der<br \/>\nEngl\u00e4nder David Sharp langsam erfrieren musste, w\u00e4hrend 40 Bergsteiger an ihm<br \/>\nvorbei zum Gipfel zogen. Ein hoch\u00adbrisan\u00adtes Bergbuch, in dem erstmals<br \/>\nSchuldige beim Namen genannt werden.<br \/>\n(Taschenbuchausgabe)<\/p>","protected":false},"excerpt":{"rendered":"<ul>\n<li><b>INFO: Vergriffen, keine Neuauflage <b><\/li>\n<\/ul>","protected":false},"featured_media":33885,"template":"","meta":[],"product_brand":[],"product_cat":[21542],"product_tag":[],"class_list":{"0":"post-152782","1":"product","2":"type-product","3":"status-publish","4":"has-post-thumbnail","6":"product_cat-sachbuecher-dokumentationen","7":"pa_autor-kodas","8":"pa_erscheinungsjahr-21830","9":"pa_region-asien","10":"pa_sprache-de","12":"first","13":"outofstock","14":"taxable","15":"shipping-taxable","16":"purchasable","17":"product-type-simple"},"_links":{"self":[{"href":"https:\/\/pizbube.ch\/en\/wp-json\/wp\/v2\/product\/152782","targetHints":{"allow":["GET"]}}],"collection":[{"href":"https:\/\/pizbube.ch\/en\/wp-json\/wp\/v2\/product"}],"about":[{"href":"https:\/\/pizbube.ch\/en\/wp-json\/wp\/v2\/types\/product"}],"wp:featuredmedia":[{"embeddable":true,"href":"https:\/\/pizbube.ch\/en\/wp-json\/wp\/v2\/media\/33885"}],"wp:attachment":[{"href":"https:\/\/pizbube.ch\/en\/wp-json\/wp\/v2\/media?parent=152782"}],"wp:term":[{"taxonomy":"product_brand","embeddable":true,"href":"https:\/\/pizbube.ch\/en\/wp-json\/wp\/v2\/product_brand?post=152782"},{"taxonomy":"product_cat","embeddable":true,"href":"https:\/\/pizbube.ch\/en\/wp-json\/wp\/v2\/product_cat?post=152782"},{"taxonomy":"product_tag","embeddable":true,"href":"https:\/\/pizbube.ch\/en\/wp-json\/wp\/v2\/product_tag?post=152782"}],"curies":[{"name":"wp","href":"https:\/\/api.w.org\/{rel}","templated":true}]}}