{"id":152784,"date":"2021-01-15T12:32:46","date_gmt":"2021-01-15T12:32:46","guid":{"rendered":"https:\/\/codengine3.ch\/?product=import-placeholder-for-206352"},"modified":"2021-01-15T14:48:19","modified_gmt":"2021-01-15T14:48:19","slug":"les-plus-belles-traces-du-mont-blanc","status":"publish","type":"product","link":"https:\/\/pizbube.ch\/en\/shop\/les-plus-belles-traces-du-mont-blanc\/","title":{"rendered":"Les Plus Belles Traces du Mont-Blanc"},"content":{"rendered":"<p>Ce livre grand format de 240 pages couleur d\u00e9crit une cinquantaine<br \/>\nd&#8217;itin\u00e9raires (plus environ 200 variantes) \u00e0 ski de randonn\u00e9e dans tout les<br \/>\nmassifs s&#8217;\u00e9tendant du Val Montjoie jusqu&#8217;\u00e0 Martigny en Suisse et des Aiguilles<br \/>\nRouges jusqu&#8217;au Val d&#8217;Aoste en couvrant bien s\u00fbr le coeur du massif du Mont-<br \/>\nBlanc. L&#8217;ouvrage est disponible en \u00e9dition billingue fran\u00e7ais \/ anglais.<br \/>\nPhotos d&#8217;ambiance pleine-page et double-page, Trac\u00e9s d&#8217;itin\u00e9raires sur photos<br \/>\net cartes IGN 1\/25.000  <\/p>\n<p>This coffe table book describes 50 ski tours in the Mont-Blanc Region.<br \/>\nThe ski routes are indicated on the IGN maps 1:25&#8217;000.  <\/p>","protected":false},"excerpt":{"rendered":"<p>Ce livre grand format de 240 pages couleur d\u00e9crit une cinquantaine d&#8217;itin\u00e9raires (plus environ 200 variantes) \u00e0 ski de randonn\u00e9e dans tout les massifs s&#8217;\u00e9tendant du Val Montjoie jusqu&#8217;\u00e0 Martigny en Suisse et des Aiguilles Rouges jusqu&#8217;au Val d&#8217;Aoste en couvrant bien s\u00fbr le coeur du massif du Mont- Blanc. L&#8217;ouvrage est disponible en \u00e9dition [&#8230;]\n","protected":false},"featured_media":35358,"template":"","meta":[],"product_brand":[],"product_cat":[21542],"product_tag":[],"class_list":{"0":"post-152784","1":"product","2":"type-product","3":"status-publish","4":"has-post-thumbnail","6":"product_cat-sachbuecher-dokumentationen","7":"pa_autor-hagenmuller","8":"pa_erscheinungsjahr-21830","9":"pa_region-frankreich","10":"pa_sprache-e","11":"pa_sprache-f","13":"first","14":"instock","15":"taxable","16":"shipping-taxable","17":"purchasable","18":"product-type-simple"},"_links":{"self":[{"href":"https:\/\/pizbube.ch\/en\/wp-json\/wp\/v2\/product\/152784","targetHints":{"allow":["GET"]}}],"collection":[{"href":"https:\/\/pizbube.ch\/en\/wp-json\/wp\/v2\/product"}],"about":[{"href":"https:\/\/pizbube.ch\/en\/wp-json\/wp\/v2\/types\/product"}],"wp:featuredmedia":[{"embeddable":true,"href":"https:\/\/pizbube.ch\/en\/wp-json\/wp\/v2\/media\/35358"}],"wp:attachment":[{"href":"https:\/\/pizbube.ch\/en\/wp-json\/wp\/v2\/media?parent=152784"}],"wp:term":[{"taxonomy":"product_brand","embeddable":true,"href":"https:\/\/pizbube.ch\/en\/wp-json\/wp\/v2\/product_brand?post=152784"},{"taxonomy":"product_cat","embeddable":true,"href":"https:\/\/pizbube.ch\/en\/wp-json\/wp\/v2\/product_cat?post=152784"},{"taxonomy":"product_tag","embeddable":true,"href":"https:\/\/pizbube.ch\/en\/wp-json\/wp\/v2\/product_tag?post=152784"}],"curies":[{"name":"wp","href":"https:\/\/api.w.org\/{rel}","templated":true}]}}