{"id":152785,"date":"2021-01-15T12:32:51","date_gmt":"2021-01-15T12:32:51","guid":{"rendered":"https:\/\/codengine3.ch\/?product=import-placeholder-for-203207"},"modified":"2021-01-15T12:55:06","modified_gmt":"2021-01-15T12:55:06","slug":"animaux-des-alpes","status":"publish","type":"product","link":"https:\/\/pizbube.ch\/en\/shop\/animaux-des-alpes\/","title":{"rendered":"Animaux des Alpes"},"content":{"rendered":"<p>Les Alpes abritent une faune caract\u00e9ristique et si symbolique que chacun peut<br \/>\nl&#8217;identifier au premier coup d&#8217;oeil. D&#8217;autres animaux des prairies et des<br \/>\nfor\u00eats de montagne se retrouvent \u00e9galement \u00e0 plus basse altitude. Cette nature<br \/>\nsauvage constitue l&#8217;un des attraits des massifs alpins qui, pour un quart,<br \/>\nsont prot\u00e9g\u00e9s par des parcs nationaux ou r\u00e9gionaux, des r\u00e9serves et autres<br \/>\nstructures europ\u00e9ennes.<br \/>\nClaude Morerod arpente la montagne avec ses appareils photo depuis quarante<br \/>\nans. Il conna\u00eet les secrets des lieux et des b\u00eates qu&#8217;il a observ\u00e9es avec une<br \/>\npatience infinie. Grand format.<\/p>","protected":false},"excerpt":{"rendered":"<p>Les Alpes abritent une faune caract\u00e9ristique et si symbolique que chacun peut l&#8217;identifier au premier coup d&#8217;oeil. D&#8217;autres animaux des prairies et des for\u00eats de montagne se retrouvent \u00e9galement \u00e0 plus basse altitude. Cette nature sauvage constitue l&#8217;un des attraits des massifs alpins qui, pour un quart, sont prot\u00e9g\u00e9s par des parcs nationaux ou r\u00e9gionaux, [&#8230;]\n","protected":false},"featured_media":30756,"template":"","meta":[],"product_brand":[],"product_cat":[21542],"product_tag":[],"class_list":{"0":"post-152785","1":"product","2":"type-product","3":"status-publish","4":"has-post-thumbnail","6":"product_cat-sachbuecher-dokumentationen","7":"pa_autor-morerod","8":"pa_erscheinungsjahr-22292","9":"pa_region-fauna-flora-geologie-glaziologie","10":"pa_sprache-fr","12":"first","13":"instock","14":"taxable","15":"shipping-taxable","16":"purchasable","17":"product-type-simple"},"_links":{"self":[{"href":"https:\/\/pizbube.ch\/en\/wp-json\/wp\/v2\/product\/152785","targetHints":{"allow":["GET"]}}],"collection":[{"href":"https:\/\/pizbube.ch\/en\/wp-json\/wp\/v2\/product"}],"about":[{"href":"https:\/\/pizbube.ch\/en\/wp-json\/wp\/v2\/types\/product"}],"wp:featuredmedia":[{"embeddable":true,"href":"https:\/\/pizbube.ch\/en\/wp-json\/wp\/v2\/media\/30756"}],"wp:attachment":[{"href":"https:\/\/pizbube.ch\/en\/wp-json\/wp\/v2\/media?parent=152785"}],"wp:term":[{"taxonomy":"product_brand","embeddable":true,"href":"https:\/\/pizbube.ch\/en\/wp-json\/wp\/v2\/product_brand?post=152785"},{"taxonomy":"product_cat","embeddable":true,"href":"https:\/\/pizbube.ch\/en\/wp-json\/wp\/v2\/product_cat?post=152785"},{"taxonomy":"product_tag","embeddable":true,"href":"https:\/\/pizbube.ch\/en\/wp-json\/wp\/v2\/product_tag?post=152785"}],"curies":[{"name":"wp","href":"https:\/\/api.w.org\/{rel}","templated":true}]}}