{"id":152786,"date":"2021-01-15T12:32:51","date_gmt":"2021-01-15T12:32:51","guid":{"rendered":"https:\/\/codengine3.ch\/?product=import-placeholder-for-202192"},"modified":"2021-01-15T12:34:10","modified_gmt":"2021-01-15T12:34:10","slug":"1-oesterreichische-frauenexpedition-shisha-pangma","status":"publish","type":"product","link":"https:\/\/pizbube.ch\/en\/shop\/1-oesterreichische-frauenexpedition-shisha-pangma\/","title":{"rendered":"1. \u00d6sterreichische Frauenexpedition Shisha Pangma"},"content":{"rendered":"<p>Spannend und schonungslos schildert Gertrude Reinisch \u00fcber die<br \/>\nVorbereitungszeit und die schwierige Durchf\u00fchrung des Unternehmens. Am 2.Mai<br \/>\nerreichte die 1. \u00d6sterr. Frauenexpedition ihr Ziel. Von vierzehn<br \/>\nBergsteigerinnen standen f\u00fcnf auf dem Gipfel des Shisha Pangma (8013m) Reich<br \/>\nbebildert; 143 S.<\/p>","protected":false},"excerpt":{"rendered":"<p>Spannend und schonungslos schildert Gertrude Reinisch \u00fcber die Vorbereitungszeit und die schwierige Durchf\u00fchrung des Unternehmens. Am 2.Mai erreichte die 1. \u00d6sterr. Frauenexpedition ihr Ziel. Von vierzehn Bergsteigerinnen standen f\u00fcnf auf dem Gipfel des Shisha Pangma (8013m) Reich bebildert; 143 S.<\/p>","protected":false},"featured_media":29583,"template":"","meta":[],"product_brand":[],"product_cat":[21542],"product_tag":[],"class_list":{"0":"post-152786","1":"product","2":"type-product","3":"status-publish","4":"has-post-thumbnail","6":"product_cat-sachbuecher-dokumentationen","7":"pa_autor-reinisch","8":"pa_erscheinungsjahr-22112","9":"pa_region-asien","10":"pa_sprache-de","12":"first","13":"outofstock","14":"taxable","15":"shipping-taxable","16":"purchasable","17":"product-type-simple"},"_links":{"self":[{"href":"https:\/\/pizbube.ch\/en\/wp-json\/wp\/v2\/product\/152786","targetHints":{"allow":["GET"]}}],"collection":[{"href":"https:\/\/pizbube.ch\/en\/wp-json\/wp\/v2\/product"}],"about":[{"href":"https:\/\/pizbube.ch\/en\/wp-json\/wp\/v2\/types\/product"}],"wp:featuredmedia":[{"embeddable":true,"href":"https:\/\/pizbube.ch\/en\/wp-json\/wp\/v2\/media\/29583"}],"wp:attachment":[{"href":"https:\/\/pizbube.ch\/en\/wp-json\/wp\/v2\/media?parent=152786"}],"wp:term":[{"taxonomy":"product_brand","embeddable":true,"href":"https:\/\/pizbube.ch\/en\/wp-json\/wp\/v2\/product_brand?post=152786"},{"taxonomy":"product_cat","embeddable":true,"href":"https:\/\/pizbube.ch\/en\/wp-json\/wp\/v2\/product_cat?post=152786"},{"taxonomy":"product_tag","embeddable":true,"href":"https:\/\/pizbube.ch\/en\/wp-json\/wp\/v2\/product_tag?post=152786"}],"curies":[{"name":"wp","href":"https:\/\/api.w.org\/{rel}","templated":true}]}}