{"id":152789,"date":"2021-01-15T12:32:52","date_gmt":"2021-01-15T12:32:52","guid":{"rendered":"https:\/\/codengine3.ch\/?product=import-placeholder-for-202049"},"modified":"2021-01-15T12:32:56","modified_gmt":"2021-01-15T12:32:56","slug":"verzeichnis-der-schweizer-gipfel-ueber-2000m","status":"publish","type":"product","link":"https:\/\/pizbube.ch\/en\/shop\/verzeichnis-der-schweizer-gipfel-ueber-2000m\/","title":{"rendered":"Verzeichnis der Schweizer Gipfel \u00fcber 2000m"},"content":{"rendered":"<p>Auflistung nach dem Alphabet, mit Angaben zu H\u00f6he, Koordinaten,<br \/>\nLandkartenblatt und Kantonszugeh\u00f6rigkeit: ein unverzichtbares Nachschlagewerk!<br \/>\nFranz\u00f6sisch \/ Deutsch \/ Italienisch. Text \/ Romanisch. 154 S.<\/p>","protected":false},"excerpt":{"rendered":"<p>Auflistung nach dem Alphabet, mit Angaben zu H\u00f6he, Koordinaten, Landkartenblatt und Kantonszugeh\u00f6rigkeit: ein unverzichtbares Nachschlagewerk! Franz\u00f6sisch \/ Deutsch \/ Italienisch. Text \/ Romanisch. 154 S.<\/p>","protected":false},"featured_media":29431,"template":"","meta":[],"product_brand":[],"product_cat":[21542],"product_tag":[],"class_list":{"0":"post-152789","1":"product","2":"type-product","3":"status-publish","4":"has-post-thumbnail","6":"product_cat-sachbuecher-dokumentationen","7":"pa_autor-siegenthaler-voegeli","8":"pa_erscheinungsjahr-23200","9":"pa_region-schweiz","10":"pa_sprache-d","11":"pa_sprache-f","12":"pa_sprache-i","14":"first","15":"instock","16":"taxable","17":"shipping-taxable","18":"purchasable","19":"product-type-simple"},"_links":{"self":[{"href":"https:\/\/pizbube.ch\/en\/wp-json\/wp\/v2\/product\/152789","targetHints":{"allow":["GET"]}}],"collection":[{"href":"https:\/\/pizbube.ch\/en\/wp-json\/wp\/v2\/product"}],"about":[{"href":"https:\/\/pizbube.ch\/en\/wp-json\/wp\/v2\/types\/product"}],"wp:featuredmedia":[{"embeddable":true,"href":"https:\/\/pizbube.ch\/en\/wp-json\/wp\/v2\/media\/29431"}],"wp:attachment":[{"href":"https:\/\/pizbube.ch\/en\/wp-json\/wp\/v2\/media?parent=152789"}],"wp:term":[{"taxonomy":"product_brand","embeddable":true,"href":"https:\/\/pizbube.ch\/en\/wp-json\/wp\/v2\/product_brand?post=152789"},{"taxonomy":"product_cat","embeddable":true,"href":"https:\/\/pizbube.ch\/en\/wp-json\/wp\/v2\/product_cat?post=152789"},{"taxonomy":"product_tag","embeddable":true,"href":"https:\/\/pizbube.ch\/en\/wp-json\/wp\/v2\/product_tag?post=152789"}],"curies":[{"name":"wp","href":"https:\/\/api.w.org\/{rel}","templated":true}]}}