{"id":152793,"date":"2021-01-15T12:32:52","date_gmt":"2021-01-15T12:32:52","guid":{"rendered":"https:\/\/codengine3.ch\/?product=import-placeholder-for-204917"},"modified":"2021-01-15T14:37:16","modified_gmt":"2021-01-15T14:37:16","slug":"sportkletterfuehrer-sachsen-ostteil","status":"publish","type":"product","link":"https:\/\/pizbube.ch\/en\/shop\/sportkletterfuehrer-sachsen-ostteil\/","title":{"rendered":"Sportkletterf\u00fchrer Sachsen Ostteil"},"content":{"rendered":"<p>Das Standardwerk zum Sportklettern in Sachsen au\u00dferhalb von Elbsandstein +<br \/>\nZittauer Gebirge:<br \/>\nInhalt: K\u00f6nigshain, Begerburg, L\u00f6\u00dfnitzgrund u.a.  <\/p>\n<p>Wer &#8218;Klettern in Sachsen&#8216; h\u00f6rt, denkt an Elbsandstein, Knotenschlingen und<br \/>\nweite Hakenabst\u00e4nde. Dass es sich in Sachsen auch ohne erh\u00f6hten Adrenalin-<br \/>\naussto\u00df bestens klettern l\u00e4sst, ist jenseits der Landesgrenzen dagegen weniger<br \/>\nbekannt. In seinem neuen F\u00fchrer \u00fcber die Sportkletterziele in Sachsens Osten<br \/>\nversammelt Richter nun insgesamt elf gr\u00f6\u00dfere und kleinere Klettergeiete<br \/>\nzwischen G\u00f6rlitz und Freiberg. Ausgiebige Beschreibungen der Gebiete,<br \/>\nplastische Topos sowie die Charakterisierung jeder einzelnen Route qua<br \/>\nPiktogrammen lassen keine Fragen offen. 336 S.  <\/p>","protected":false},"excerpt":{"rendered":"<ul>\n<li><b>INFO: Vergriffen &#8211; Neuauflage ca. mitte 2012<b><\/li>\n<\/ul>","protected":false},"featured_media":33464,"template":"","meta":[],"product_brand":[],"product_cat":[21539],"product_tag":[],"class_list":{"0":"post-152793","1":"product","2":"type-product","3":"status-publish","4":"has-post-thumbnail","6":"product_cat-fuehrerliteratur-sportklettern-bouldern","7":"pa_autor-richter","8":"pa_erscheinungsjahr-21842","9":"pa_region-deutschland","10":"pa_sprache-de","12":"first","13":"outofstock","14":"taxable","15":"shipping-taxable","16":"purchasable","17":"product-type-simple"},"_links":{"self":[{"href":"https:\/\/pizbube.ch\/en\/wp-json\/wp\/v2\/product\/152793","targetHints":{"allow":["GET"]}}],"collection":[{"href":"https:\/\/pizbube.ch\/en\/wp-json\/wp\/v2\/product"}],"about":[{"href":"https:\/\/pizbube.ch\/en\/wp-json\/wp\/v2\/types\/product"}],"wp:featuredmedia":[{"embeddable":true,"href":"https:\/\/pizbube.ch\/en\/wp-json\/wp\/v2\/media\/33464"}],"wp:attachment":[{"href":"https:\/\/pizbube.ch\/en\/wp-json\/wp\/v2\/media?parent=152793"}],"wp:term":[{"taxonomy":"product_brand","embeddable":true,"href":"https:\/\/pizbube.ch\/en\/wp-json\/wp\/v2\/product_brand?post=152793"},{"taxonomy":"product_cat","embeddable":true,"href":"https:\/\/pizbube.ch\/en\/wp-json\/wp\/v2\/product_cat?post=152793"},{"taxonomy":"product_tag","embeddable":true,"href":"https:\/\/pizbube.ch\/en\/wp-json\/wp\/v2\/product_tag?post=152793"}],"curies":[{"name":"wp","href":"https:\/\/api.w.org\/{rel}","templated":true}]}}