{"id":152794,"date":"2021-01-15T12:32:52","date_gmt":"2021-01-15T12:32:52","guid":{"rendered":"https:\/\/codengine3.ch\/?product=import-placeholder-for-204947"},"modified":"2021-01-15T14:37:29","modified_gmt":"2021-01-15T14:37:29","slug":"topofuehrer-saechsische-schweiz-band-2-tafelberge-und-bergiesshuebel","status":"publish","type":"product","link":"https:\/\/pizbube.ch\/en\/shop\/topofuehrer-saechsische-schweiz-band-2-tafelberge-und-bergiesshuebel\/","title":{"rendered":"Topof\u00fchrer S\u00e4chsische Schweiz &#8211; Band 2 Tafelberge und Bergiessh\u00fcbel"},"content":{"rendered":"<p>gut gezeichnete Topokarten,<br \/>\nSternchenbewertung aller Wege in 4 Stufen,<br \/>\nPiktogramme, die einen \u00dcberblick \u00fcber die Art eines Weges geben,<br \/>\nzus\u00e4tzliche Liste besonders sch\u00f6ner Wege + Statistiken f\u00fcr &#8218;Regentage&#8216;<br \/>\n443 S.<\/p>","protected":false},"excerpt":{"rendered":"<ul>\n<li><b>INFO: Neuauflage laut Verlag 2016<b><\/li>\n<\/ul>","protected":false},"featured_media":33506,"template":"","meta":[],"product_brand":[],"product_cat":[21539],"product_tag":[],"class_list":{"0":"post-152794","1":"product","2":"type-product","3":"status-publish","4":"has-post-thumbnail","6":"product_cat-fuehrerliteratur-sportklettern-bouldern","7":"pa_autor-schmeisser","8":"pa_erscheinungsjahr-22150","9":"pa_region-deutschland","10":"pa_sprache-de","12":"first","13":"outofstock","14":"taxable","15":"shipping-taxable","16":"purchasable","17":"product-type-simple"},"_links":{"self":[{"href":"https:\/\/pizbube.ch\/en\/wp-json\/wp\/v2\/product\/152794","targetHints":{"allow":["GET"]}}],"collection":[{"href":"https:\/\/pizbube.ch\/en\/wp-json\/wp\/v2\/product"}],"about":[{"href":"https:\/\/pizbube.ch\/en\/wp-json\/wp\/v2\/types\/product"}],"wp:featuredmedia":[{"embeddable":true,"href":"https:\/\/pizbube.ch\/en\/wp-json\/wp\/v2\/media\/33506"}],"wp:attachment":[{"href":"https:\/\/pizbube.ch\/en\/wp-json\/wp\/v2\/media?parent=152794"}],"wp:term":[{"taxonomy":"product_brand","embeddable":true,"href":"https:\/\/pizbube.ch\/en\/wp-json\/wp\/v2\/product_brand?post=152794"},{"taxonomy":"product_cat","embeddable":true,"href":"https:\/\/pizbube.ch\/en\/wp-json\/wp\/v2\/product_cat?post=152794"},{"taxonomy":"product_tag","embeddable":true,"href":"https:\/\/pizbube.ch\/en\/wp-json\/wp\/v2\/product_tag?post=152794"}],"curies":[{"name":"wp","href":"https:\/\/api.w.org\/{rel}","templated":true}]}}