{"id":152795,"date":"2021-01-15T12:32:52","date_gmt":"2021-01-15T12:32:52","guid":{"rendered":"https:\/\/codengine3.ch\/?product=import-placeholder-for-207797"},"modified":"2024-08-20T18:01:18","modified_gmt":"2024-08-20T16:01:18","slug":"topo-kletterfuehrer-saechsische-schweiz-ostteil","status":"publish","type":"product","link":"https:\/\/pizbube.ch\/en\/shop\/topo-kletterfuehrer-saechsische-schweiz-ostteil\/","title":{"rendered":"TOPO Kletterf\u00fchrer &#8211; S\u00e4chsische Schweiz Ostteil"},"content":{"rendered":"<p>Der erste Fototopof\u00fchrer der S\u00e4chsischen Schweiz ist da!<\/p>\n<p>Endlich kein stundenlanges Gesuche mit verwirrenden Verbalbeschreibungen mehr.<br \/>\nDer Auswahlf\u00fchrer beschreibt die besten Kletterziele der hinteren<br \/>\nSachsenschweiz: Affensteine, Kleiner und Gro\u00dfer Zschand, Wildensteiner Gebiet.<br \/>\nEine wohltuende Offenbarung f\u00fcr alle, die bisher nur die traditionellen<br \/>\nVerbalf\u00fchrer kannten und der perfekte Einstieg f\u00fcr Sachsennneulinge.<\/p>\n<p>Kompakte Kurz- und Insiderinfos \u00fcber die lohnendsten Wege, deren Absicherung<br \/>\nund eventuelle heikle Stellen<br \/>\n(es handelt sich um einen Auswahlf\u00fchrer, sandige und br\u00fcchige Bergseiten<br \/>\nwurden weggelassen). Das Buch eignet sich deshalb auch nicht f\u00fcr<br \/>\nGipfelsammler, es ist vorwiegend auf &#171;Sportkletterer&#187; ausgerichtet. Ich<br \/>\nschreib das hier in G\u00e4nsef\u00fc\u00dfchen, da nat\u00fcrlich auch f\u00fcr die Routen ab dem<br \/>\n7.s\u00e4chsischen Grad klassisches Sandsteingel\u00e4nde \u00fcberwunden und mit<br \/>\nKnotenschlingen abgesichert werden darf.<\/p>\n<p>18 Draufsichten der wichtigsten Gro\u00dfgipfel sind enthalten, so wie man es aus<br \/>\nden bisherigen B\u00fcchern kennt plus Kletterfotos und ein paar Kurzgeschichten.<br \/>\n484 Seiten, 117 Fototopos, 18 Anstiegsskizzen (Gipfel)<\/p>","protected":false},"excerpt":{"rendered":"<p>Der erste Fototopof\u00fchrer der S\u00e4chsischen Schweiz ist da! Endlich kein stundenlanges Gesuche mit verwirrenden Verbalbeschreibungen mehr. Der Auswahlf\u00fchrer beschreibt die besten Kletterziele der hinteren Sachsenschweiz: Affensteine, Kleiner und Gro\u00dfer Zschand, Wildensteiner Gebiet. Eine wohltuende Offenbarung f\u00fcr alle, die bisher nur die traditionellen Verbalf\u00fchrer kannten und der perfekte Einstieg f\u00fcr Sachsennneulinge. Kompakte Kurz- und Insiderinfos \u00fcber [&#8230;]\n","protected":false},"featured_media":38466,"template":"","meta":[],"product_brand":[],"product_cat":[21539],"product_tag":[],"class_list":{"0":"post-152795","1":"product","2":"type-product","3":"status-publish","4":"has-post-thumbnail","6":"product_cat-fuehrerliteratur-sportklettern-bouldern","7":"pa_autor-rassbach-et-alt","8":"pa_erscheinungsjahr-21550","9":"pa_region-deutschland","10":"pa_sprache-de","12":"first","13":"outofstock","14":"taxable","15":"shipping-taxable","16":"purchasable","17":"product-type-simple"},"_links":{"self":[{"href":"https:\/\/pizbube.ch\/en\/wp-json\/wp\/v2\/product\/152795","targetHints":{"allow":["GET"]}}],"collection":[{"href":"https:\/\/pizbube.ch\/en\/wp-json\/wp\/v2\/product"}],"about":[{"href":"https:\/\/pizbube.ch\/en\/wp-json\/wp\/v2\/types\/product"}],"wp:featuredmedia":[{"embeddable":true,"href":"https:\/\/pizbube.ch\/en\/wp-json\/wp\/v2\/media\/38466"}],"wp:attachment":[{"href":"https:\/\/pizbube.ch\/en\/wp-json\/wp\/v2\/media?parent=152795"}],"wp:term":[{"taxonomy":"product_brand","embeddable":true,"href":"https:\/\/pizbube.ch\/en\/wp-json\/wp\/v2\/product_brand?post=152795"},{"taxonomy":"product_cat","embeddable":true,"href":"https:\/\/pizbube.ch\/en\/wp-json\/wp\/v2\/product_cat?post=152795"},{"taxonomy":"product_tag","embeddable":true,"href":"https:\/\/pizbube.ch\/en\/wp-json\/wp\/v2\/product_tag?post=152795"}],"curies":[{"name":"wp","href":"https:\/\/api.w.org\/{rel}","templated":true}]}}