{"id":152797,"date":"2021-01-15T12:32:53","date_gmt":"2021-01-15T12:32:53","guid":{"rendered":"https:\/\/codengine3.ch\/?product=import-placeholder-for-207136"},"modified":"2021-01-15T14:55:28","modified_gmt":"2021-01-15T14:55:28","slug":"alesund-og-orskogfjellet-150000","status":"publish","type":"product","link":"https:\/\/pizbube.ch\/en\/shop\/alesund-og-orskogfjellet-150000\/","title":{"rendered":"Alesund og Orskogfjellet 1:50`000"},"content":{"rendered":"<p>Wanderkartenmappe Alesund-Orskogfjellet 1:50.000<br \/>\n(Topographische Karten mit UTM-Gitter)  <\/p>\n<p>Diese Wanderkarten im Ma\u00dfstab 1:50.000 decken sowohl Alesund als auch<br \/>\nOrskogfjellet ab. Sie finden auf diesen Karten alle wichtigen Informationen<br \/>\nwie markierte und unmarkierte Fu\u00dfwege, Skipisten (markiert und prepariert),<br \/>\nmarkierte Skipisten, beleuchtete Skipisten, Skilifte, Abfahrtspisten,<br \/>\nGanzjahres-Fu\u00dfg\u00e4ngerbr\u00fccken, Sommer-Fu\u00dfg\u00e4ngerbr\u00fccken, Schwimmb\u00e4der,<br \/>\nWindsurfen, Tauchm\u00f6glichkeiten, Angelm\u00f6glichkeiten, Schwimmdocks, Golf,<br \/>\nSkispringen, Sporthallen, Stadien, Kletterm\u00f6glichkeiten, Skateboard-Rampen,<br \/>\nLanglaufm\u00f6glichkeiten, Tontaubenschie\u00dfen, Nacktbadestr\u00e4nde, Naturwanderwege,<br \/>\nReiten, Schie\u00dfanlagen, Beach-Volleyball, Segelsport, Skilifte, Hallenb\u00e4der,<br \/>\nWanderwege, Aussichtspunkte, Aussichtst\u00fcrme, Verleih\/Verkauf,<br \/>\nbehindertengerechte Einrichtungen, Boots-Anlegepl\u00e4tze, Apotheken, Tankstellen,<br \/>\nMautstellen, Autof\u00e4hren, Entsorungsstellen f\u00fcr Wohnmobile, Bushaltestellen,<br \/>\nCampingpl\u00e4tze, unbewirtschaftete H\u00fctten, Campingh\u00fctten, Wohnwagenpl\u00e4tze,<br \/>\nDuschen, Hotels, Schnellboote\/Passagierschiffe, Touristeninformation,<br \/>\nCafeterien, \u00c4rzte, Parkpl\u00e4tze, Winterparkpl\u00e4tze Polizeireviere, Post\u00e4mter,<br \/>\nRastpl\u00e4tze, Restaurants, Lebensmittelgesch\u00e4fte, Krankenh\u00e4user, Toiletten,<br \/>\nMuseen, Erholung im Freien, Sehensw\u00fcrdigkeiten, Wohngebiete und Geb\u00e4ude,<br \/>\nSchulen, Kirchen, andere kulturelle Merkmale, Grenzen, Reliefs, Vegetation und<br \/>\nBodenbedeckung, Verkehrswege usw.<br \/>\nDes weiteren sind auf der R\u00fcckseite der Karten kurze, informative Texte in<br \/>\nnorwegischer Sprache und die wichtigsten Notrufnummern abgedruckt.  <\/p>\n<p>Zweisprachige Legende in Norwegisch und Englisch  <\/p>\n<p>Beide Karten gedruckt 2007<br \/>\nGefaltete Karten in Plastikmappe, Gr\u00f6\u00dfe der Karten offen, jeweils 92 cm x 69<br \/>\ncm  <\/p>","protected":false},"excerpt":{"rendered":"<p>Wanderkartenmappe Alesund-Orskogfjellet 1:50.000 (Topographische Karten mit UTM-Gitter) Diese Wanderkarten im Ma\u00dfstab 1:50.000 decken sowohl Alesund als auch Orskogfjellet ab. Sie finden auf diesen Karten alle wichtigen Informationen wie markierte und unmarkierte Fu\u00dfwege, Skipisten (markiert und prepariert), markierte Skipisten, beleuchtete Skipisten, Skilifte, Abfahrtspisten, Ganzjahres-Fu\u00dfg\u00e4ngerbr\u00fccken, Sommer-Fu\u00dfg\u00e4ngerbr\u00fccken, Schwimmb\u00e4der, Windsurfen, Tauchm\u00f6glichkeiten, Angelm\u00f6glichkeiten, Schwimmdocks, Golf, Skispringen, Sporthallen, Stadien, Kletterm\u00f6glichkeiten, Skateboard-Rampen, [&#8230;]\n","protected":false},"featured_media":36749,"template":"","meta":[],"product_brand":[],"product_cat":[21543],"product_tag":[],"class_list":{"0":"post-152797","1":"product","2":"type-product","3":"status-publish","4":"has-post-thumbnail","6":"product_cat-landkarten","7":"pa_autor-ugland","8":"pa_erscheinungsjahr-21842","9":"pa_region-skandinavien-norwegen-schweden-finnland","10":"pa_sprache-e","11":"pa_sprache-norw","13":"first","14":"instock","15":"taxable","16":"shipping-taxable","17":"purchasable","18":"product-type-simple"},"_links":{"self":[{"href":"https:\/\/pizbube.ch\/en\/wp-json\/wp\/v2\/product\/152797","targetHints":{"allow":["GET"]}}],"collection":[{"href":"https:\/\/pizbube.ch\/en\/wp-json\/wp\/v2\/product"}],"about":[{"href":"https:\/\/pizbube.ch\/en\/wp-json\/wp\/v2\/types\/product"}],"wp:featuredmedia":[{"embeddable":true,"href":"https:\/\/pizbube.ch\/en\/wp-json\/wp\/v2\/media\/36749"}],"wp:attachment":[{"href":"https:\/\/pizbube.ch\/en\/wp-json\/wp\/v2\/media?parent=152797"}],"wp:term":[{"taxonomy":"product_brand","embeddable":true,"href":"https:\/\/pizbube.ch\/en\/wp-json\/wp\/v2\/product_brand?post=152797"},{"taxonomy":"product_cat","embeddable":true,"href":"https:\/\/pizbube.ch\/en\/wp-json\/wp\/v2\/product_cat?post=152797"},{"taxonomy":"product_tag","embeddable":true,"href":"https:\/\/pizbube.ch\/en\/wp-json\/wp\/v2\/product_tag?post=152797"}],"curies":[{"name":"wp","href":"https:\/\/api.w.org\/{rel}","templated":true}]}}