{"id":152798,"date":"2021-01-15T12:32:53","date_gmt":"2021-01-15T12:32:53","guid":{"rendered":"https:\/\/codengine3.ch\/?product=import-placeholder-for-206937"},"modified":"2021-01-15T14:53:36","modified_gmt":"2021-01-15T14:53:36","slug":"galdhopiggen-kart-120000","status":"publish","type":"product","link":"https:\/\/pizbube.ch\/en\/shop\/galdhopiggen-kart-120000\/","title":{"rendered":"Galdh\u00f8piggen kart 1:20&#8217;000"},"content":{"rendered":"<p>Galdh\u00f8piggen kart<br \/>\nNeste generasjons kart i 1:20.000  <\/p>\n<p>Flott kart over Galdh\u00f8piggen. Galdh\u00f8piggen er ikke bare det h\u00f8yeste fjellet i<br \/>\nNorge, det er det h\u00f8yeste i hele Skandinavia. Galdh\u00f8pigg-massivet er et<br \/>\nepisenter for bratt aktivitet sommer som vinter. Dette kartet i 1:20 000<br \/>\nomfatter Juvasshytta, Spiterstulen, Svellnosbrean, Tverr\u00e5tindan\/brean,<br \/>\nTverrbottinda, Bukkeholstindan med mere.<\/p>\n<p>Den nye generasjonen turkart<\/p>\n<p>Dette er et unikt kart med en detaljrikdom som aldri tidligere er vist over<br \/>\nomr\u00e5det rundt Galdh\u00f8piggen. Terrenginformasjonen i kartet er basert p\u00e5<br \/>\nlaserskanning fra fly.<\/p>\n<p>For f\u00f8rste gang framtrer fjellskrenter, st\u00f8rre steiner, vassdrag og breer med<br \/>\nen presisjon som tilsvarer virkeligheten.<\/p>\n<p>Et kart i m\u00e5lestokk 1:20 000 gir god st\u00f8tte til deg som g\u00e5r p\u00e5 topptur, driver<br \/>\nmed brevandring eller p\u00e5 andre m\u00e5ter forlater de merkede stiene i dalbunnen og<br \/>\nfinner egne ruter oppe i h\u00f8yfjellet.<\/p>","protected":false},"excerpt":{"rendered":"<p>Galdh\u00f8piggen kart Neste generasjons kart i 1:20.000 Flott kart over Galdh\u00f8piggen. Galdh\u00f8piggen er ikke bare det h\u00f8yeste fjellet i Norge, det er det h\u00f8yeste i hele Skandinavia. Galdh\u00f8pigg-massivet er et episenter for bratt aktivitet sommer som vinter. Dette kartet i 1:20 000 omfatter Juvasshytta, Spiterstulen, Svellnosbrean, Tverr\u00e5tindan\/brean, Tverrbottinda, Bukkeholstindan med mere. Den nye generasjonen turkart [&#8230;]\n","protected":false},"featured_media":36479,"template":"","meta":[],"product_brand":[],"product_cat":[21543],"product_tag":[],"class_list":{"0":"post-152798","1":"product","2":"type-product","3":"status-publish","4":"has-post-thumbnail","6":"product_cat-landkarten","7":"pa_autor-friflyt","8":"pa_erscheinungsjahr-21586","9":"pa_region-skandinavien-norwegen-schweden-finnland","10":"pa_sprache-norw-en-2","12":"first","13":"instock","14":"taxable","15":"shipping-taxable","16":"purchasable","17":"product-type-simple"},"_links":{"self":[{"href":"https:\/\/pizbube.ch\/en\/wp-json\/wp\/v2\/product\/152798","targetHints":{"allow":["GET"]}}],"collection":[{"href":"https:\/\/pizbube.ch\/en\/wp-json\/wp\/v2\/product"}],"about":[{"href":"https:\/\/pizbube.ch\/en\/wp-json\/wp\/v2\/types\/product"}],"wp:featuredmedia":[{"embeddable":true,"href":"https:\/\/pizbube.ch\/en\/wp-json\/wp\/v2\/media\/36479"}],"wp:attachment":[{"href":"https:\/\/pizbube.ch\/en\/wp-json\/wp\/v2\/media?parent=152798"}],"wp:term":[{"taxonomy":"product_brand","embeddable":true,"href":"https:\/\/pizbube.ch\/en\/wp-json\/wp\/v2\/product_brand?post=152798"},{"taxonomy":"product_cat","embeddable":true,"href":"https:\/\/pizbube.ch\/en\/wp-json\/wp\/v2\/product_cat?post=152798"},{"taxonomy":"product_tag","embeddable":true,"href":"https:\/\/pizbube.ch\/en\/wp-json\/wp\/v2\/product_tag?post=152798"}],"curies":[{"name":"wp","href":"https:\/\/api.w.org\/{rel}","templated":true}]}}