{"id":152800,"date":"2021-01-15T12:32:53","date_gmt":"2021-01-15T12:32:53","guid":{"rendered":"https:\/\/codengine3.ch\/?product=import-placeholder-for-207739"},"modified":"2022-07-21T12:12:16","modified_gmt":"2022-07-21T10:12:16","slug":"jotunheimen-west-jotunheimen-west-150000-sheet-110","status":"publish","type":"product","link":"https:\/\/pizbube.ch\/en\/shop\/jotunheimen-west-jotunheimen-west-150000-sheet-110\/","title":{"rendered":"Jotunheimen West \/ Jotunheimen West 1:50&#8217;000 (Sheet 110)"},"content":{"rendered":"<p>Die Wanderkarte Jotunheimen West 1:50 000, von PhoneMaps, zeigt den westlichen<br \/>\nTeil des Nationalparks Jotunheimen und den s\u00fcdlichen und zentralen Teil des<br \/>\nNationalparks Breiheimen.<\/p>\n<p>Die Wanderkarte enth\u00e4lt markierte Wander- und Radwege sowie touristische<br \/>\nInformationen. Die Karte ist auf einzigartigem \u00f6kologischen Papier gedruckt.<br \/>\nDas Papier ist umweltfreundlich, recycelbar, wasserfest und strapazierf\u00e4hig.<br \/>\nIdeal geeignet f\u00fcr alle Outdoor-Aktivit\u00e4ten!<\/p>\n<p>Jotunheimen West map at 1:50 000 , by PhoneMaps, shows the western part of the<br \/>\nnational park Jotunheimen and the southern and central part of the national<br \/>\npark Breiheimen.<\/p>\n<p>The hiking map includes marked hiking and biking trails as well as tourist<br \/>\ninformation. The map is printed on unique ecological paper. The paper is<br \/>\nenvironmentally friendly, recyclable, waterproof and durable. Ideal for all<br \/>\noutdoor activities!<\/p>","protected":false},"excerpt":{"rendered":"<p>Die Wanderkarte Jotunheimen West 1:50 000, von PhoneMaps, zeigt den westlichen Teil des Nationalparks Jotunheimen und den s\u00fcdlichen und zentralen Teil des Nationalparks Breiheimen. Die Wanderkarte enth\u00e4lt markierte Wander- und Radwege sowie touristische Informationen. Die Karte ist auf einzigartigem \u00f6kologischen Papier gedruckt. Das Papier ist umweltfreundlich, recycelbar, wasserfest und strapazierf\u00e4hig. Ideal geeignet f\u00fcr alle Outdoor-Aktivit\u00e4ten! [&#8230;]\n","protected":false},"featured_media":38324,"template":"","meta":[],"product_brand":[],"product_cat":[21543],"product_tag":[],"class_list":{"0":"post-152800","1":"product","2":"type-product","3":"status-publish","4":"has-post-thumbnail","6":"product_cat-landkarten","7":"pa_autor-phonemaps","8":"pa_erscheinungsjahr-21586","9":"pa_region-skandinavien-norwegen-schweden-finnland","10":"pa_sprache-de-en","12":"first","13":"instock","14":"taxable","15":"shipping-taxable","16":"purchasable","17":"product-type-simple"},"_links":{"self":[{"href":"https:\/\/pizbube.ch\/en\/wp-json\/wp\/v2\/product\/152800","targetHints":{"allow":["GET"]}}],"collection":[{"href":"https:\/\/pizbube.ch\/en\/wp-json\/wp\/v2\/product"}],"about":[{"href":"https:\/\/pizbube.ch\/en\/wp-json\/wp\/v2\/types\/product"}],"wp:featuredmedia":[{"embeddable":true,"href":"https:\/\/pizbube.ch\/en\/wp-json\/wp\/v2\/media\/38324"}],"wp:attachment":[{"href":"https:\/\/pizbube.ch\/en\/wp-json\/wp\/v2\/media?parent=152800"}],"wp:term":[{"taxonomy":"product_brand","embeddable":true,"href":"https:\/\/pizbube.ch\/en\/wp-json\/wp\/v2\/product_brand?post=152800"},{"taxonomy":"product_cat","embeddable":true,"href":"https:\/\/pizbube.ch\/en\/wp-json\/wp\/v2\/product_cat?post=152800"},{"taxonomy":"product_tag","embeddable":true,"href":"https:\/\/pizbube.ch\/en\/wp-json\/wp\/v2\/product_tag?post=152800"}],"curies":[{"name":"wp","href":"https:\/\/api.w.org\/{rel}","templated":true}]}}