{"id":152802,"date":"2021-01-15T12:32:53","date_gmt":"2021-01-15T12:32:53","guid":{"rendered":"https:\/\/codengine3.ch\/?product=import-placeholder-for-208454"},"modified":"2025-08-22T12:19:37","modified_gmt":"2025-08-22T10:19:37","slug":"klatreforer-for-jotunheimen","status":"publish","type":"product","link":"https:\/\/pizbube.ch\/en\/shop\/klatreforer-for-jotunheimen\/","title":{"rendered":"Klatref\u00f8rer for Jotunheimen"},"content":{"rendered":"<p>Klatref\u00f8rer for Jotunheimen er en komplett f\u00f8rer over klatrerutene i Norges mest alpine fjellomr\u00e5de. Boken utgis av Norsk Tindeklub. Den inneholder i alt beskrivelser av 305 ruter, hvorav 13 er nye siden forrige utgave. I tillegg er det beskrivelse av 15 ryggtraverser. Rundt en fjerdedel av rutebeskrivelsene er supplert med detaljerte skisser. Tidsspennet i Jotunheimens klatrehistorie strekker seg fra 1820 til 2023.<\/p>\n<p>Klatref\u00f8rerens utfyllende tekster inneholder mye nytt stoff. Dette er fordelt p\u00e5 innledningen, beskrivelsen av Jotunheimen og 26 frittst\u00e5ende tekster om ulike emner. Det er ogs\u00e5 lagt inn kartskisser over de ulike klatreomr\u00e5dene, og det er utarbeidet et nytt alfabetisk register over fjelltoppene f\u00f8reren. Derved vil den bli enklere \u00e5 finne fram i.<\/p>\n<p>Det er over 100 \u00e5r siden Norsk Tindeklub publiserte den f\u00f8rste klatref\u00f8reren for Hurrungane, i form av en artikkel i Turistforeningens \u00e5rbok for 1915. Klubbens f\u00f8rste klatref\u00f8rer over hele Jotunheimen ble utgitt i 1996. Den nye utgaven av Klatref\u00f8rer for Jotunheimen er nummer 5 i<\/p>\n<p>Innhold:<\/p>\n<ul>\n<li>305 rutebeskrivelser med 32 oversiktsskisser og 83 detaljskisser<\/li>\n<li>15 beskrivelser av ryggtraverser<\/li>\n<li>26 frittst\u00e5ende tematekster<\/li>\n<li>454 + 10 sider<\/li>\n<\/ul>","protected":false},"excerpt":{"rendered":"<p>Klatref\u00f8rer for Jotunheimen er en komplett f\u00f8rer over klatrerutene i Norges mest alpine fjellomr\u00e5de. Boken utgis av Norsk Tindeklub. Den inneholder i alt beskrivelser av 305 ruter, hvorav 13 er nye siden forrige utgave. I tillegg er det beskrivelse av 15 ryggtraverser. Rundt en fjerdedel av rutebeskrivelsene er supplert med detaljerte skisser. Tidsspennet i Jotunheimens [&#8230;]\n","protected":false},"featured_media":181025,"template":"","meta":[],"product_brand":[],"product_cat":[21544,21539],"product_tag":[],"class_list":{"0":"post-152802","1":"product","2":"type-product","3":"status-publish","4":"has-post-thumbnail","6":"product_cat-fuehrerliteratur-alpin-sommer","7":"product_cat-fuehrerliteratur-sportklettern-bouldern","8":"pa_autor-madssen-norsk-tindeklub","9":"pa_erscheinungsjahr-27129","10":"pa_region-skandinavien-norwegen-schweden-finnland","11":"pa_sprache-norweg","13":"first","14":"instock","15":"taxable","16":"shipping-taxable","17":"purchasable","18":"product-type-simple"},"_links":{"self":[{"href":"https:\/\/pizbube.ch\/en\/wp-json\/wp\/v2\/product\/152802","targetHints":{"allow":["GET"]}}],"collection":[{"href":"https:\/\/pizbube.ch\/en\/wp-json\/wp\/v2\/product"}],"about":[{"href":"https:\/\/pizbube.ch\/en\/wp-json\/wp\/v2\/types\/product"}],"wp:featuredmedia":[{"embeddable":true,"href":"https:\/\/pizbube.ch\/en\/wp-json\/wp\/v2\/media\/181025"}],"wp:attachment":[{"href":"https:\/\/pizbube.ch\/en\/wp-json\/wp\/v2\/media?parent=152802"}],"wp:term":[{"taxonomy":"product_brand","embeddable":true,"href":"https:\/\/pizbube.ch\/en\/wp-json\/wp\/v2\/product_brand?post=152802"},{"taxonomy":"product_cat","embeddable":true,"href":"https:\/\/pizbube.ch\/en\/wp-json\/wp\/v2\/product_cat?post=152802"},{"taxonomy":"product_tag","embeddable":true,"href":"https:\/\/pizbube.ch\/en\/wp-json\/wp\/v2\/product_tag?post=152802"}],"curies":[{"name":"wp","href":"https:\/\/api.w.org\/{rel}","templated":true}]}}