{"id":152810,"date":"2021-01-15T12:32:54","date_gmt":"2021-01-15T12:32:54","guid":{"rendered":"https:\/\/codengine3.ch\/?product=import-placeholder-for-204839"},"modified":"2021-01-15T14:36:42","modified_gmt":"2021-01-15T14:36:42","slug":"schweiz-italien-via-francigena","status":"publish","type":"product","link":"https:\/\/pizbube.ch\/en\/shop\/schweiz-italien-via-francigena\/","title":{"rendered":"Schweiz Italien: Via Francigena"},"content":{"rendered":"<p>Die Via Francigena, der Frankenweg, f\u00fchrt von Canterbury in Gro\u00dfbritannien<br \/>\nnach Rom. Sie verl\u00e4uft durch Frankreich und die Schweiz, wo sie in Lausanne<br \/>\nden Jakobsweg kreuzt. Dieser Weg war im Mittelalter als Teil des ehemaligen<br \/>\nr\u00f6mischen Stra\u00dfennetzes eine wichtige Nord-S\u00fcd-Verbindung \u00fcber die Alpen und<br \/>\nwurde von H\u00e4ndlern und Pilgern genutzt. Im Jahr 990 reiste Sigeric, Erzbischof<br \/>\nvon Canterbury, nach Rom, um sein Amtszeichen vom Papst entgegenzunehmen. Der<br \/>\nReisebericht von Sigeric bildet die Grundlage des rekonstruierten Wegverlaufs<br \/>\nder Via Francigena, den der Europarat &#8211; wie auch den Jakobsweg nach Santiago &#8211;<br \/>\nals Major Cultural Route klassifiziert. Der vorliegende F\u00fchrer deckt den<br \/>\nStreckenabschnitt von Lausanne bis Rom ab und bietet dem Pilger aus dem<br \/>\ndeutschen Sprachraum eine kulturell und historisch wertvolle Verbindung zum<br \/>\nPetersdom, einem der wichtigsten Pilgerziele der Christenheit. Auf diesem<br \/>\nTeilst\u00fcck der Via Francigena durchstreift der Wanderer abwechslungsreiche<br \/>\nLandschaften und wird mit dem vielf\u00e4ltigen kulturellen Erbe Italiens belohnt:<br \/>\nVom Genfer See \u00fcber den Gro\u00dfen Sankt Bernhard f\u00fchrt die Via Francigena in das<br \/>\nfruchtbare Aostatal. Weiter durch die Reisfelder in der Po-Ebene, \u00fcber die<br \/>\nGebirgskette der Apenninen am Col de Cisa, durch die H\u00fcgellandschaft der<br \/>\nToskana und vorbei an den Vulkanseen des Latiums wird auch der moderne Pilger<br \/>\nzum H\u00f6hepunkt seiner Wanderung, Sankt Peter in Rom, gef\u00fchrt. Auf \u00fcber 1000 km<br \/>\nWegstrecke kann er Tausend Jahre Pilgergeschichte erfahren und an der<br \/>\nRenaissance der Pilgertradition auf der Via Francigena teilnehmen. Die Autorin<br \/>\nbeschreibt detailliert die Streckenf\u00fchrung und gibt praktische Informationen<br \/>\n\u00fcber die Sehensw\u00fcrdigkeiten sowie \u00dcbernachtungs- und<br \/>\nVerpflegungsm\u00f6glichkeiten.<br \/>\n1. Auflage 2007, 219 Seiten, 30 Farbkarten, 56 farbige Abbildungen<\/p>","protected":false},"excerpt":{"rendered":"<p>Die Via Francigena, der Frankenweg, f\u00fchrt von Canterbury in Gro\u00dfbritannien nach Rom. Sie verl\u00e4uft durch Frankreich und die Schweiz, wo sie in Lausanne den Jakobsweg kreuzt. Dieser Weg war im Mittelalter als Teil des ehemaligen r\u00f6mischen Stra\u00dfennetzes eine wichtige Nord-S\u00fcd-Verbindung \u00fcber die Alpen und wurde von H\u00e4ndlern und Pilgern genutzt. Im Jahr 990 reiste Sigeric, [&#8230;]\n","protected":false},"featured_media":33368,"template":"","meta":[],"product_brand":[],"product_cat":[21605],"product_tag":[],"class_list":{"0":"post-152810","1":"product","2":"type-product","3":"status-publish","4":"has-post-thumbnail","6":"product_cat-wanderfuehrer-trekking","7":"pa_autor-goetzmann","8":"pa_erscheinungsjahr-21842","9":"pa_region-schweiz","10":"pa_sprache-de","12":"first","13":"outofstock","14":"taxable","15":"shipping-taxable","16":"purchasable","17":"product-type-simple"},"_links":{"self":[{"href":"https:\/\/pizbube.ch\/en\/wp-json\/wp\/v2\/product\/152810","targetHints":{"allow":["GET"]}}],"collection":[{"href":"https:\/\/pizbube.ch\/en\/wp-json\/wp\/v2\/product"}],"about":[{"href":"https:\/\/pizbube.ch\/en\/wp-json\/wp\/v2\/types\/product"}],"wp:featuredmedia":[{"embeddable":true,"href":"https:\/\/pizbube.ch\/en\/wp-json\/wp\/v2\/media\/33368"}],"wp:attachment":[{"href":"https:\/\/pizbube.ch\/en\/wp-json\/wp\/v2\/media?parent=152810"}],"wp:term":[{"taxonomy":"product_brand","embeddable":true,"href":"https:\/\/pizbube.ch\/en\/wp-json\/wp\/v2\/product_brand?post=152810"},{"taxonomy":"product_cat","embeddable":true,"href":"https:\/\/pizbube.ch\/en\/wp-json\/wp\/v2\/product_cat?post=152810"},{"taxonomy":"product_tag","embeddable":true,"href":"https:\/\/pizbube.ch\/en\/wp-json\/wp\/v2\/product_tag?post=152810"}],"curies":[{"name":"wp","href":"https:\/\/api.w.org\/{rel}","templated":true}]}}