{"id":152811,"date":"2021-01-15T12:32:54","date_gmt":"2021-01-15T12:32:54","guid":{"rendered":"https:\/\/codengine3.ch\/?product=import-placeholder-for-205275"},"modified":"2023-04-27T10:20:26","modified_gmt":"2023-04-27T08:20:26","slug":"trans-swiss-trail-wanderland-schweiz-band-2","status":"publish","type":"product","link":"https:\/\/pizbube.ch\/en\/shop\/trans-swiss-trail-wanderland-schweiz-band-2\/","title":{"rendered":"Trans Swiss Trail Wanderland Schweiz Band 2"},"content":{"rendered":"<p>Von Porrentruy im Nordosten der Schweiz bis nach Lugano im s\u00fcdlichen Tessin<br \/>\nf\u00fchrt die Route in 30 Etappen durch spannende, abwechslungsreiche Landschaften<br \/>\nund Kulturr\u00e4ume.<\/p>\n<p>96 Seiten; Farbfotos, Karten und H\u00f6henprofile<\/p>","protected":false},"excerpt":{"rendered":"<p>Von Porrentruy im Nordosten der Schweiz bis nach Lugano im s\u00fcdlichen Tessin f\u00fchrt die Route in 30 Etappen durch spannende, abwechslungsreiche Landschaften und Kulturr\u00e4ume. 96 Seiten; Farbfotos, Karten und H\u00f6henprofile<\/p>","protected":false},"featured_media":33939,"template":"","meta":[],"product_brand":[],"product_cat":[21605],"product_tag":[],"class_list":{"0":"post-152811","1":"product","2":"type-product","3":"status-publish","4":"has-post-thumbnail","6":"product_cat-wanderfuehrer-trekking","7":"pa_autor-hagmann","8":"pa_erscheinungsjahr-21591","9":"pa_region-schweiz","10":"pa_sprache-de","12":"first","13":"outofstock","14":"taxable","15":"shipping-taxable","16":"purchasable","17":"product-type-simple"},"_links":{"self":[{"href":"https:\/\/pizbube.ch\/en\/wp-json\/wp\/v2\/product\/152811","targetHints":{"allow":["GET"]}}],"collection":[{"href":"https:\/\/pizbube.ch\/en\/wp-json\/wp\/v2\/product"}],"about":[{"href":"https:\/\/pizbube.ch\/en\/wp-json\/wp\/v2\/types\/product"}],"wp:featuredmedia":[{"embeddable":true,"href":"https:\/\/pizbube.ch\/en\/wp-json\/wp\/v2\/media\/33939"}],"wp:attachment":[{"href":"https:\/\/pizbube.ch\/en\/wp-json\/wp\/v2\/media?parent=152811"}],"wp:term":[{"taxonomy":"product_brand","embeddable":true,"href":"https:\/\/pizbube.ch\/en\/wp-json\/wp\/v2\/product_brand?post=152811"},{"taxonomy":"product_cat","embeddable":true,"href":"https:\/\/pizbube.ch\/en\/wp-json\/wp\/v2\/product_cat?post=152811"},{"taxonomy":"product_tag","embeddable":true,"href":"https:\/\/pizbube.ch\/en\/wp-json\/wp\/v2\/product_tag?post=152811"}],"curies":[{"name":"wp","href":"https:\/\/api.w.org\/{rel}","templated":true}]}}