{"id":152813,"date":"2021-01-15T12:32:54","date_gmt":"2021-01-15T12:32:54","guid":{"rendered":"https:\/\/codengine3.ch\/?product=import-placeholder-for-206563"},"modified":"2021-01-15T14:49:54","modified_gmt":"2021-01-15T14:49:54","slug":"via-gottardo","status":"publish","type":"product","link":"https:\/\/pizbube.ch\/en\/shop\/via-gottardo\/","title":{"rendered":"Via Gottardo"},"content":{"rendered":"<p>Die nationalen Wanderland Routen 7 und 77 ViaGottardo folgen den fr\u00fchen<br \/>\nAlpenquerern auf ihrem Weg in den S\u00fcden. Seit dem Mittelalter nutzten<br \/>\nKaufleute und H\u00e4ndler die Gotthard-Route, um von Nordeuropa in den S\u00fcden zu<br \/>\nkommen und umgekehrt. Ihre Reise begann in der Hafenstadt Basel (Route 7) oder<br \/>\nSchaffhausen (Route 77) und setzte sich fort durchs Mittelland und \u00fcber die<br \/>\nSeen der Zentralschweiz.<\/p>\n<p>Von hier f\u00fchrt nur noch ein Weg \u00fcber die Alpen (Wanderland Route 7). Der<br \/>\nGotthardpass ist auch heute noch das Herzst\u00fcck der Reise. Die Wandernden<br \/>\nbegegnen auf der ViaGottardo immer wieder Zeugen einer Jahrhunderte alten<br \/>\nWeggeschichte, alten Landstra\u00dfen und Saumwegen, Zollh\u00e4usern und Wegkapellen,<br \/>\nSchiffsl\u00e4nden und Bollwerken. Die ViaGottardo \u00fcberrascht auf ihren 27<br \/>\nTagesetappen aber auch mit Einblicken in eine sehr moderne Schweiz.  <\/p>","protected":false},"excerpt":{"rendered":"<p>Die nationalen Wanderland Routen 7 und 77 ViaGottardo folgen den fr\u00fchen Alpenquerern auf ihrem Weg in den S\u00fcden. Seit dem Mittelalter nutzten Kaufleute und H\u00e4ndler die Gotthard-Route, um von Nordeuropa in den S\u00fcden zu kommen und umgekehrt. Ihre Reise begann in der Hafenstadt Basel (Route 7) oder Schaffhausen (Route 77) und setzte sich fort durchs [&#8230;]\n","protected":false},"featured_media":35628,"template":"","meta":[],"product_brand":[],"product_cat":[21605],"product_tag":[],"class_list":{"0":"post-152813","1":"product","2":"type-product","3":"status-publish","4":"has-post-thumbnail","6":"product_cat-wanderfuehrer-trekking","7":"pa_autor-colombo-doswald-froelicher","8":"pa_erscheinungsjahr-21610","9":"pa_region-schweiz","10":"pa_sprache-de","12":"first","13":"instock","14":"taxable","15":"shipping-taxable","16":"purchasable","17":"product-type-simple"},"_links":{"self":[{"href":"https:\/\/pizbube.ch\/en\/wp-json\/wp\/v2\/product\/152813","targetHints":{"allow":["GET"]}}],"collection":[{"href":"https:\/\/pizbube.ch\/en\/wp-json\/wp\/v2\/product"}],"about":[{"href":"https:\/\/pizbube.ch\/en\/wp-json\/wp\/v2\/types\/product"}],"wp:featuredmedia":[{"embeddable":true,"href":"https:\/\/pizbube.ch\/en\/wp-json\/wp\/v2\/media\/35628"}],"wp:attachment":[{"href":"https:\/\/pizbube.ch\/en\/wp-json\/wp\/v2\/media?parent=152813"}],"wp:term":[{"taxonomy":"product_brand","embeddable":true,"href":"https:\/\/pizbube.ch\/en\/wp-json\/wp\/v2\/product_brand?post=152813"},{"taxonomy":"product_cat","embeddable":true,"href":"https:\/\/pizbube.ch\/en\/wp-json\/wp\/v2\/product_cat?post=152813"},{"taxonomy":"product_tag","embeddable":true,"href":"https:\/\/pizbube.ch\/en\/wp-json\/wp\/v2\/product_tag?post=152813"}],"curies":[{"name":"wp","href":"https:\/\/api.w.org\/{rel}","templated":true}]}}