{"id":152817,"date":"2021-01-15T12:32:54","date_gmt":"2021-01-15T12:32:54","guid":{"rendered":"https:\/\/codengine3.ch\/?product=import-placeholder-for-205372"},"modified":"2021-01-15T14:40:42","modified_gmt":"2021-01-15T14:40:42","slug":"kulturwege-in-graubuenden-2","status":"publish","type":"product","link":"https:\/\/pizbube.ch\/en\/shop\/kulturwege-in-graubuenden-2\/","title":{"rendered":"Kulturwege in Graub\u00fcnden 2"},"content":{"rendered":"<p>33 Wanderungen zu kulturellen H\u00f6hepunkten im Domleschg, Val Schons, Rheinwald,<br \/>\nin der Surselva und Flims-Laax  <\/p>\n<p>Nur der Wanderer, welcher mit wachen Sinnen durch Graub\u00fcnden streift, wird auf<br \/>\nDinge stossen, die ihn \u00fcberraschen und entz\u00fccken. Den Menschen, die auch mal<br \/>\ninnehalten k\u00f6nnen, sind die &#8218;Kulturwege in Graub\u00fcnden&#8216; gewidmet. Die einzelnen<br \/>\nKapitel locken zum Nachschlagen, zum Lesen, zum Erwandern und Erleben. D<br \/>\ner kulturhistorisch Bewanderte findet manche Kostbarkeit und dem historisch<br \/>\nInteressierten werden Zusammenh\u00e4nge aufgedeckt. Mit wenigen knappen, aber<br \/>\ngehaltvollen S\u00e4tzen erf\u00e4hrt der Wanderer Hinweise auf kulturhistorische<br \/>\nZeugnisse, auf ihren geschichtlichen Hintergrund und wie er zu diesen<br \/>\nSehensw\u00fcrdigkeiten gelangen kann. In der Schilderung wird die Natur mit<br \/>\neinbezogen. Daneben begegnen wir auch den unbekannten pr\u00e4historischen<br \/>\nSiedlern, den mittelalterlichen Handwerkern und geschichtlichen<br \/>\nPers\u00f6nlichkeiten.  <\/p>","protected":false},"excerpt":{"rendered":"<p>33 Wanderungen zu kulturellen H\u00f6hepunkten im Domleschg, Val Schons, Rheinwald, in der Surselva und Flims-Laax Nur der Wanderer, welcher mit wachen Sinnen durch Graub\u00fcnden streift, wird auf Dinge stossen, die ihn \u00fcberraschen und entz\u00fccken. Den Menschen, die auch mal innehalten k\u00f6nnen, sind die &#8218;Kulturwege in Graub\u00fcnden&#8216; gewidmet. Die einzelnen Kapitel locken zum Nachschlagen, zum Lesen, [&#8230;]\n","protected":false},"featured_media":34056,"template":"","meta":[],"product_brand":[],"product_cat":[21605],"product_tag":[],"class_list":{"0":"post-152817","1":"product","2":"type-product","3":"status-publish","4":"has-post-thumbnail","6":"product_cat-wanderfuehrer-trekking","7":"pa_autor-meier","8":"pa_erscheinungsjahr-21591","9":"pa_region-schweiz","10":"pa_sprache-de","12":"first","13":"instock","14":"taxable","15":"shipping-taxable","16":"purchasable","17":"product-type-simple"},"_links":{"self":[{"href":"https:\/\/pizbube.ch\/en\/wp-json\/wp\/v2\/product\/152817","targetHints":{"allow":["GET"]}}],"collection":[{"href":"https:\/\/pizbube.ch\/en\/wp-json\/wp\/v2\/product"}],"about":[{"href":"https:\/\/pizbube.ch\/en\/wp-json\/wp\/v2\/types\/product"}],"wp:featuredmedia":[{"embeddable":true,"href":"https:\/\/pizbube.ch\/en\/wp-json\/wp\/v2\/media\/34056"}],"wp:attachment":[{"href":"https:\/\/pizbube.ch\/en\/wp-json\/wp\/v2\/media?parent=152817"}],"wp:term":[{"taxonomy":"product_brand","embeddable":true,"href":"https:\/\/pizbube.ch\/en\/wp-json\/wp\/v2\/product_brand?post=152817"},{"taxonomy":"product_cat","embeddable":true,"href":"https:\/\/pizbube.ch\/en\/wp-json\/wp\/v2\/product_cat?post=152817"},{"taxonomy":"product_tag","embeddable":true,"href":"https:\/\/pizbube.ch\/en\/wp-json\/wp\/v2\/product_tag?post=152817"}],"curies":[{"name":"wp","href":"https:\/\/api.w.org\/{rel}","templated":true}]}}