{"id":152829,"date":"2021-01-15T12:33:01","date_gmt":"2021-01-15T12:33:01","guid":{"rendered":"https:\/\/codengine3.ch\/?product=import-placeholder-for-203768"},"modified":"2021-01-15T14:26:22","modified_gmt":"2021-01-15T14:26:22","slug":"mont-blanc-la-magie-du-plus-haut-sommet-des-alpes-dvd","status":"publish","type":"product","link":"https:\/\/pizbube.ch\/en\/shop\/mont-blanc-la-magie-du-plus-haut-sommet-des-alpes-dvd\/","title":{"rendered":"Mont Blanc La magie du plus haut sommet des Alpes DVD"},"content":{"rendered":"<p>D\u00e9couvrir le Mont-Blanc avec les hommes qui ont fait sa l\u00e9gende, \u00e9voluer dans<br \/>\nce massif jusque-l\u00e0 r\u00e9serv\u00e9 aux seuls pratiquants de la montagne?<br \/>\nVoil\u00e0 ce que vous propose ce DVD : vous retrouver au coeur de l&#8217;un des plus<br \/>\nbeau panoramas du monde. Depuis l&#8217;ascension de la Taupini\u00e8re Blanche au XVIIIe<br \/>\nsi\u00e8cle, la magie du Mont-Blanc ne cesse d&#8217;attirer Les Conqu\u00e9rants de l&#8217;inutile<br \/>\n:<br \/>\nde Saussure et Balmat \u00e0 Boivin, en passant par Frison- Roche, Terray,<br \/>\nR\u00e9buffat, tous ceux qui ont \u00e9crit les plus belles pages de l&#8217;alpinisme. DVD<br \/>\n120 min.  <\/p>","protected":false},"excerpt":{"rendered":"<p>D\u00e9couvrir le Mont-Blanc avec les hommes qui ont fait sa l\u00e9gende, \u00e9voluer dans ce massif jusque-l\u00e0 r\u00e9serv\u00e9 aux seuls pratiquants de la montagne? Voil\u00e0 ce que vous propose ce DVD : vous retrouver au coeur de l&#8217;un des plus beau panoramas du monde. Depuis l&#8217;ascension de la Taupini\u00e8re Blanche au XVIIIe si\u00e8cle, la magie du [&#8230;]\n","protected":false},"featured_media":31445,"template":"","meta":[],"product_brand":[],"product_cat":[21628],"product_tag":[],"class_list":{"0":"post-152829","1":"product","2":"type-product","3":"status-publish","4":"has-post-thumbnail","6":"product_cat-video-dvd-multimedia","7":"pa_autor-latzko","8":"pa_erscheinungsjahr-21776","9":"pa_region-frankreich","10":"pa_sprache-e","11":"pa_sprache-f","13":"first","14":"outofstock","15":"taxable","16":"shipping-taxable","17":"purchasable","18":"product-type-simple"},"_links":{"self":[{"href":"https:\/\/pizbube.ch\/en\/wp-json\/wp\/v2\/product\/152829","targetHints":{"allow":["GET"]}}],"collection":[{"href":"https:\/\/pizbube.ch\/en\/wp-json\/wp\/v2\/product"}],"about":[{"href":"https:\/\/pizbube.ch\/en\/wp-json\/wp\/v2\/types\/product"}],"wp:featuredmedia":[{"embeddable":true,"href":"https:\/\/pizbube.ch\/en\/wp-json\/wp\/v2\/media\/31445"}],"wp:attachment":[{"href":"https:\/\/pizbube.ch\/en\/wp-json\/wp\/v2\/media?parent=152829"}],"wp:term":[{"taxonomy":"product_brand","embeddable":true,"href":"https:\/\/pizbube.ch\/en\/wp-json\/wp\/v2\/product_brand?post=152829"},{"taxonomy":"product_cat","embeddable":true,"href":"https:\/\/pizbube.ch\/en\/wp-json\/wp\/v2\/product_cat?post=152829"},{"taxonomy":"product_tag","embeddable":true,"href":"https:\/\/pizbube.ch\/en\/wp-json\/wp\/v2\/product_tag?post=152829"}],"curies":[{"name":"wp","href":"https:\/\/api.w.org\/{rel}","templated":true}]}}