{"id":152832,"date":"2021-01-15T12:33:01","date_gmt":"2021-01-15T12:33:01","guid":{"rendered":"https:\/\/codengine3.ch\/?product=import-placeholder-for-202073"},"modified":"2021-01-15T12:33:05","modified_gmt":"2021-01-15T12:33:05","slug":"emilio-zuccero","status":"publish","type":"product","link":"https:\/\/pizbube.ch\/en\/shop\/emilio-zuccero\/","title":{"rendered":"Emilio Zuccero"},"content":{"rendered":"<p>Ein Buch \u00fcber oder gar f\u00fcr das liebenswerte S\u00fcdtirol. Vielleicht auch ein Buch<br \/>\n\u00fcber die Zeit, \u00fcber l\u00e4ngst Verstorbene Personen oder gar ein Krimi. Ein<br \/>\nsatirischer Roman. Dem Buch liegt eine CD bei.<\/p>","protected":false},"excerpt":{"rendered":"<p>Ein Buch \u00fcber oder gar f\u00fcr das liebenswerte S\u00fcdtirol. Vielleicht auch ein Buch \u00fcber die Zeit, \u00fcber l\u00e4ngst Verstorbene Personen oder gar ein Krimi. Ein satirischer Roman. Dem Buch liegt eine CD bei.<\/p>","protected":false},"featured_media":29456,"template":"","meta":[],"product_brand":[],"product_cat":[21629],"product_tag":[],"class_list":{"0":"post-152832","1":"product","2":"type-product","3":"status-publish","4":"has-post-thumbnail","6":"product_cat-belletristik","7":"pa_autor-kratzer","8":"pa_erscheinungsjahr-21750","9":"pa_region-deutschland","10":"pa_sprache-de","12":"first","13":"instock","14":"taxable","15":"shipping-taxable","16":"purchasable","17":"product-type-simple"},"_links":{"self":[{"href":"https:\/\/pizbube.ch\/en\/wp-json\/wp\/v2\/product\/152832","targetHints":{"allow":["GET"]}}],"collection":[{"href":"https:\/\/pizbube.ch\/en\/wp-json\/wp\/v2\/product"}],"about":[{"href":"https:\/\/pizbube.ch\/en\/wp-json\/wp\/v2\/types\/product"}],"wp:featuredmedia":[{"embeddable":true,"href":"https:\/\/pizbube.ch\/en\/wp-json\/wp\/v2\/media\/29456"}],"wp:attachment":[{"href":"https:\/\/pizbube.ch\/en\/wp-json\/wp\/v2\/media?parent=152832"}],"wp:term":[{"taxonomy":"product_brand","embeddable":true,"href":"https:\/\/pizbube.ch\/en\/wp-json\/wp\/v2\/product_brand?post=152832"},{"taxonomy":"product_cat","embeddable":true,"href":"https:\/\/pizbube.ch\/en\/wp-json\/wp\/v2\/product_cat?post=152832"},{"taxonomy":"product_tag","embeddable":true,"href":"https:\/\/pizbube.ch\/en\/wp-json\/wp\/v2\/product_tag?post=152832"}],"curies":[{"name":"wp","href":"https:\/\/api.w.org\/{rel}","templated":true}]}}