{"id":152833,"date":"2021-01-15T12:33:06","date_gmt":"2021-01-15T12:33:06","guid":{"rendered":"https:\/\/codengine3.ch\/?product=import-placeholder-for-203921"},"modified":"2021-01-15T14:27:56","modified_gmt":"2021-01-15T14:27:56","slug":"montagnes-du-silence","status":"publish","type":"product","link":"https:\/\/pizbube.ch\/en\/shop\/montagnes-du-silence\/","title":{"rendered":"Montagnes du silence"},"content":{"rendered":"<p>La montagne, un lieu et un lien.<br \/>\nDaniel Buffard-Moret en a souvent fait le constat avec sa femme, sourde<br \/>\nprofonde : quand ils marchent en montagne avec des amis, elle \u00e9prouve les<br \/>\npires difficult\u00e9s \u00e0 communiquer. Une personne normale, quand elle est<br \/>\nfatigu\u00e9e, se contente d&#8217;avertir de la voix : eh! Pas si vite! Quelqu&#8217;un qui ne<br \/>\nparle pas doit rattraper les autres pour leur demander de s&#8217;arr\u00eater, cruel<br \/>\nparadoxe. En revanche, un petit coup sur la corde permet de se faire<br \/>\ncomprendre.<br \/>\nAinsi, plus le terrain est difficile, plus facile est la communication,<br \/>\nanalyse Daniel Buffard-Moret qui, en 2002, cr\u00e9e l&#8217;association, Les Montagnes<br \/>\ndu Silence, pour faire d\u00e9couvrir la montagne aux sourds, favoriser les<br \/>\n\u00e9changes entre sourds et entendants et promouvoir la Langue des Signes<br \/>\nFran\u00e7aise.<br \/>\nPlus de cent photos en couleur, 152 pages<\/p>","protected":false},"excerpt":{"rendered":"<p>La montagne, un lieu et un lien. Daniel Buffard-Moret en a souvent fait le constat avec sa femme, sourde profonde : quand ils marchent en montagne avec des amis, elle \u00e9prouve les pires difficult\u00e9s \u00e0 communiquer. Une personne normale, quand elle est fatigu\u00e9e, se contente d&#8217;avertir de la voix : eh! Pas si vite! Quelqu&#8217;un [&#8230;]\n","protected":false},"featured_media":31633,"template":"","meta":[],"product_brand":[],"product_cat":[21542],"product_tag":[],"class_list":{"0":"post-152833","1":"product","2":"type-product","3":"status-publish","4":"has-post-thumbnail","6":"product_cat-sachbuecher-dokumentationen","7":"pa_autor-buffard-moret-tournaire","8":"pa_erscheinungsjahr-21776","9":"pa_region-frankreich","10":"pa_sprache-fr","12":"first","13":"instock","14":"taxable","15":"shipping-taxable","16":"purchasable","17":"product-type-simple"},"_links":{"self":[{"href":"https:\/\/pizbube.ch\/en\/wp-json\/wp\/v2\/product\/152833","targetHints":{"allow":["GET"]}}],"collection":[{"href":"https:\/\/pizbube.ch\/en\/wp-json\/wp\/v2\/product"}],"about":[{"href":"https:\/\/pizbube.ch\/en\/wp-json\/wp\/v2\/types\/product"}],"wp:featuredmedia":[{"embeddable":true,"href":"https:\/\/pizbube.ch\/en\/wp-json\/wp\/v2\/media\/31633"}],"wp:attachment":[{"href":"https:\/\/pizbube.ch\/en\/wp-json\/wp\/v2\/media?parent=152833"}],"wp:term":[{"taxonomy":"product_brand","embeddable":true,"href":"https:\/\/pizbube.ch\/en\/wp-json\/wp\/v2\/product_brand?post=152833"},{"taxonomy":"product_cat","embeddable":true,"href":"https:\/\/pizbube.ch\/en\/wp-json\/wp\/v2\/product_cat?post=152833"},{"taxonomy":"product_tag","embeddable":true,"href":"https:\/\/pizbube.ch\/en\/wp-json\/wp\/v2\/product_tag?post=152833"}],"curies":[{"name":"wp","href":"https:\/\/api.w.org\/{rel}","templated":true}]}}