{"id":152834,"date":"2021-01-15T12:33:06","date_gmt":"2021-01-15T12:33:06","guid":{"rendered":"https:\/\/codengine3.ch\/?product=import-placeholder-for-202075"},"modified":"2022-11-01T15:13:03","modified_gmt":"2022-11-01T14:13:03","slug":"mit-cornell-die-natur-erleben","status":"publish","type":"product","link":"https:\/\/pizbube.ch\/en\/shop\/mit-cornell-die-natur-erleben\/","title":{"rendered":"Mit Cornell die Natur erleben"},"content":{"rendered":"<p>Naturerfahrungsspiele f\u00fcr Kinder und Jugendliche &#8211; Der Sammelband<\/p>\n<p>Endlich als Sammelband! Nach vielen, vielen Druckauflagen erscheinen die<br \/>\nbeiden Klassiker im 27. Jahr mit neuem Vorwort von Joseph Cornell und 5<br \/>\nbrandneuen Spielen in einem Sammelband. Das Original hat viele andere B\u00fccher<br \/>\ninspiriert und ist der unentbehrliche Klassiker in der Naturerlebnisp\u00e4dagogik.<br \/>\nCornells beeindruckende Methode des Flow Learning f\u00fchrt in 4 Stufen zu einem<br \/>\ntiefen Naturbewusstsein: Begeisterung f\u00fcr die Natur wecken, Natur konzentriert<br \/>\nwahrnehmen, unmittelbar erfahren und diese Erfahrung mit anderen teilen. Das<br \/>\nBuch enth\u00e4lt \u00fcber 70 Spiele f\u00fcr die Gruppe, allein, bei Tag oder Nacht. Sie<br \/>\nmachen \u00fcber ein intuitives Naturverst\u00e4ndnis hinaus auch \u00f6kologische<br \/>\nZusammenh\u00e4nge begreifbar. Ein Muss f\u00fcr jeden, der nicht nur dozieren will!<\/p>","protected":false},"excerpt":{"rendered":"<p>Naturerfahrungsspiele f\u00fcr Kinder und Jugendliche &#8211; Der Sammelband Endlich als Sammelband! Nach vielen, vielen Druckauflagen erscheinen die beiden Klassiker im 27. Jahr mit neuem Vorwort von Joseph Cornell und 5 brandneuen Spielen in einem Sammelband. Das Original hat viele andere B\u00fccher inspiriert und ist der unentbehrliche Klassiker in der Naturerlebnisp\u00e4dagogik. Cornells beeindruckende Methode des Flow [&#8230;]\n","protected":false},"featured_media":29457,"template":"","meta":[],"product_brand":[],"product_cat":[21538],"product_tag":[],"class_list":{"0":"post-152834","1":"product","2":"type-product","3":"status-publish","4":"has-post-thumbnail","6":"product_cat-lehrbuecher","7":"pa_autor-cornell","8":"pa_erscheinungsjahr-21763","9":"pa_region-orientierung-wetter-ausbildung","10":"pa_sprache-de","12":"first","13":"outofstock","14":"taxable","15":"shipping-taxable","16":"purchasable","17":"product-type-simple"},"_links":{"self":[{"href":"https:\/\/pizbube.ch\/en\/wp-json\/wp\/v2\/product\/152834","targetHints":{"allow":["GET"]}}],"collection":[{"href":"https:\/\/pizbube.ch\/en\/wp-json\/wp\/v2\/product"}],"about":[{"href":"https:\/\/pizbube.ch\/en\/wp-json\/wp\/v2\/types\/product"}],"wp:featuredmedia":[{"embeddable":true,"href":"https:\/\/pizbube.ch\/en\/wp-json\/wp\/v2\/media\/29457"}],"wp:attachment":[{"href":"https:\/\/pizbube.ch\/en\/wp-json\/wp\/v2\/media?parent=152834"}],"wp:term":[{"taxonomy":"product_brand","embeddable":true,"href":"https:\/\/pizbube.ch\/en\/wp-json\/wp\/v2\/product_brand?post=152834"},{"taxonomy":"product_cat","embeddable":true,"href":"https:\/\/pizbube.ch\/en\/wp-json\/wp\/v2\/product_cat?post=152834"},{"taxonomy":"product_tag","embeddable":true,"href":"https:\/\/pizbube.ch\/en\/wp-json\/wp\/v2\/product_tag?post=152834"}],"curies":[{"name":"wp","href":"https:\/\/api.w.org\/{rel}","templated":true}]}}