{"id":152835,"date":"2021-01-15T12:33:06","date_gmt":"2021-01-15T12:33:06","guid":{"rendered":"https:\/\/codengine3.ch\/?product=import-placeholder-for-204077"},"modified":"2021-01-15T14:29:34","modified_gmt":"2021-01-15T14:29:34","slug":"die-sprache-der-berge-handbuch-der-alpinen-erlebnispaedagogik","status":"publish","type":"product","link":"https:\/\/pizbube.ch\/en\/shop\/die-sprache-der-berge-handbuch-der-alpinen-erlebnispaedagogik\/","title":{"rendered":"Die Sprache der Berge Handbuch der alpinen Erlebnisp\u00e4dagogik"},"content":{"rendered":"<p>Menschen suchen in den Bergen die wuchtige Natur, Stille und Dauer, das Gef\u00fchl<br \/>\nvon Lebendigkeit; m\u00f6glicherweise erhoffen sie sich Kraft, Transformation und<br \/>\nAntworten auf Probleme. Die Sprache der Berge ber\u00fchrt sie in ihrem Inneren.<br \/>\nDie Berge werden auch in der Erlebnisp\u00e4dagogik aufgesucht, um Einsichten und<br \/>\nErfahrungen zu gewinnen und Ver\u00e4nderung zu erreichen. Dieses Handbuch hilft<br \/>\nbei der Planung, Durchf\u00fchrung und Reflexion erlebnisp\u00e4dagogischer Ma\u00dfnahmen im<br \/>\nGebirge. Im Mittelpunkt dises Standardwerks steht die umfassende und<br \/>\ndetailgenaue Beschreibung der F\u00fchrungs- und Sicherungstechnik<br \/>\nerlebnisp\u00e4dagogischer Ma\u00dfnahmen im Gebirge. 2. Auflg.  <\/p>","protected":false},"excerpt":{"rendered":"<ul>\n<li><b>INFO: Titel ist vergriffen. Laut Verlag keine Neuauflage geplant.<b><\/li>\n<\/ul>","protected":false},"featured_media":31824,"template":"","meta":[],"product_brand":[],"product_cat":[21538],"product_tag":[],"class_list":{"0":"post-152835","1":"product","2":"type-product","3":"status-publish","4":"has-post-thumbnail","6":"product_cat-lehrbuecher","7":"pa_autor-kraus-schwiersch","8":"pa_erscheinungsjahr-21776","9":"pa_region-orientierung-wetter-ausbildung","10":"pa_sprache-de","12":"first","13":"outofstock","14":"taxable","15":"shipping-taxable","16":"purchasable","17":"product-type-simple"},"_links":{"self":[{"href":"https:\/\/pizbube.ch\/en\/wp-json\/wp\/v2\/product\/152835","targetHints":{"allow":["GET"]}}],"collection":[{"href":"https:\/\/pizbube.ch\/en\/wp-json\/wp\/v2\/product"}],"about":[{"href":"https:\/\/pizbube.ch\/en\/wp-json\/wp\/v2\/types\/product"}],"wp:featuredmedia":[{"embeddable":true,"href":"https:\/\/pizbube.ch\/en\/wp-json\/wp\/v2\/media\/31824"}],"wp:attachment":[{"href":"https:\/\/pizbube.ch\/en\/wp-json\/wp\/v2\/media?parent=152835"}],"wp:term":[{"taxonomy":"product_brand","embeddable":true,"href":"https:\/\/pizbube.ch\/en\/wp-json\/wp\/v2\/product_brand?post=152835"},{"taxonomy":"product_cat","embeddable":true,"href":"https:\/\/pizbube.ch\/en\/wp-json\/wp\/v2\/product_cat?post=152835"},{"taxonomy":"product_tag","embeddable":true,"href":"https:\/\/pizbube.ch\/en\/wp-json\/wp\/v2\/product_tag?post=152835"}],"curies":[{"name":"wp","href":"https:\/\/api.w.org\/{rel}","templated":true}]}}