{"id":152839,"date":"2021-01-15T12:33:06","date_gmt":"2021-01-15T12:33:06","guid":{"rendered":"https:\/\/codengine3.ch\/?product=import-placeholder-for-202345"},"modified":"2022-07-16T14:59:21","modified_gmt":"2022-07-16T12:59:21","slug":"alpen-aktiv","status":"publish","type":"product","link":"https:\/\/pizbube.ch\/en\/shop\/alpen-aktiv\/","title":{"rendered":"Alpen aktiv"},"content":{"rendered":"<p>&#8218;Alpen aktiv&#8216; &#8211; eine Fundgrube f\u00fcr alle, die mit einer Gruppe in den Alpen<br \/>\nunterwegs sind: Spiel- und Lehrvorschl\u00e4ge f\u00fcr Wanderleiter, Bergf\u00fchrerinnen,<br \/>\nTourenleiter, Lehrerinnen, Lagerleiterinnen, Pfadfinderf\u00fchrer etc.<\/p>\n<p>Der Umsetzungsband von &#8218;Lebenswelt Alpen&#8216;.<\/p>\n<p>128 Seiten, 21 Fotos schwarz-weiss, 7 Kartenausschnitte, 8 Zeichnungen,<br \/>\n12x18cm, Softcover, 3. Auflage<\/p>","protected":false},"excerpt":{"rendered":"<p>&#8218;Alpen aktiv&#8216; &#8211; eine Fundgrube f\u00fcr alle, die mit einer Gruppe in den Alpen unterwegs sind: Spiel- und Lehrvorschl\u00e4ge f\u00fcr Wanderleiter, Bergf\u00fchrerinnen, Tourenleiter, Lehrerinnen, Lagerleiterinnen, Pfadfinderf\u00fchrer etc. Der Umsetzungsband von &#8218;Lebenswelt Alpen&#8216;. 128 Seiten, 21 Fotos schwarz-weiss, 7 Kartenausschnitte, 8 Zeichnungen, 12x18cm, Softcover, 3. Auflage<\/p>","protected":false},"featured_media":29725,"template":"","meta":[],"product_brand":[],"product_cat":[21538],"product_tag":[],"class_list":{"0":"post-152839","1":"product","2":"type-product","3":"status-publish","4":"has-post-thumbnail","6":"product_cat-lehrbuecher","7":"pa_autor-wuethrich","8":"pa_erscheinungsjahr-21621","9":"pa_region-orientierung-wetter-ausbildung","10":"pa_sprache-de","12":"first","13":"outofstock","14":"taxable","15":"shipping-taxable","16":"purchasable","17":"product-type-simple"},"_links":{"self":[{"href":"https:\/\/pizbube.ch\/en\/wp-json\/wp\/v2\/product\/152839","targetHints":{"allow":["GET"]}}],"collection":[{"href":"https:\/\/pizbube.ch\/en\/wp-json\/wp\/v2\/product"}],"about":[{"href":"https:\/\/pizbube.ch\/en\/wp-json\/wp\/v2\/types\/product"}],"wp:featuredmedia":[{"embeddable":true,"href":"https:\/\/pizbube.ch\/en\/wp-json\/wp\/v2\/media\/29725"}],"wp:attachment":[{"href":"https:\/\/pizbube.ch\/en\/wp-json\/wp\/v2\/media?parent=152839"}],"wp:term":[{"taxonomy":"product_brand","embeddable":true,"href":"https:\/\/pizbube.ch\/en\/wp-json\/wp\/v2\/product_brand?post=152839"},{"taxonomy":"product_cat","embeddable":true,"href":"https:\/\/pizbube.ch\/en\/wp-json\/wp\/v2\/product_cat?post=152839"},{"taxonomy":"product_tag","embeddable":true,"href":"https:\/\/pizbube.ch\/en\/wp-json\/wp\/v2\/product_tag?post=152839"}],"curies":[{"name":"wp","href":"https:\/\/api.w.org\/{rel}","templated":true}]}}