{"id":152840,"date":"2021-01-15T12:33:06","date_gmt":"2021-01-15T12:33:06","guid":{"rendered":"https:\/\/codengine3.ch\/?product=import-placeholder-for-204573"},"modified":"2021-01-15T14:34:32","modified_gmt":"2021-01-15T14:34:32","slug":"erlebnispaedagogik-in-den-bergen","status":"publish","type":"product","link":"https:\/\/pizbube.ch\/en\/shop\/erlebnispaedagogik-in-den-bergen\/","title":{"rendered":"Erlebnisp\u00e4dagogik in den Bergen"},"content":{"rendered":"<p>Grundlagen, Aktivit\u00e4ten, Ausr\u00fcstung und Sicherheit<br \/>\n(erleben &#038; lernen; 16)<\/p>\n<p>Im Bereich der Erlebnisp\u00e4dagogik werden sportliche Aktivit\u00e4ten in der Natur<br \/>\nzur Pers\u00f6nlichkeitsentwicklung und zur F\u00f6rderung der Sozialkompetenz<br \/>\neingesetzt. Welche Settings bieten daf\u00fcr mehr Anregungen als die Berge?<\/p>\n<p>Die erlebnisp\u00e4dagogischen Aktivit\u00e4ten reichen vom Bergwandern und Biwakieren<br \/>\n\u00fcber Klettern, Abseilen und mobile Seilaufbauten bis zum Iglubau. Das Buch<br \/>\nbietet neben praktischen Anleitungen f\u00fcr die p\u00e4dagogische Arbeit auch kompakte<br \/>\nGrundlageninformationen zu Ausr\u00fcstung und Sicherung, Natur- und Umweltaspekten<br \/>\nsowie Recht und Versicherung. Zahlreiche Fallbeispiele lassen die<br \/>\nErlebnisp\u00e4dagogik mit Kinder-, Jugendlichen- oder Erwachsenengruppen in den<br \/>\nBergen lebendig werden.<\/p>","protected":false},"excerpt":{"rendered":"<ul>\n<li><a href=\"https:\/\/pizbube.ch\/wp-content\/uploads\/attachments\/a_015\/53C08158D34F6BAB05F01179DFD90243.pdf\" target=\"_blank\" rel=\"noopener\">PDF: Inhalt_Erlebnisp\u00e4dagogik_in_den_Bergen.pdf<\/a><\/li>\n<\/ul>","protected":false},"featured_media":32687,"template":"","meta":[],"product_brand":[],"product_cat":[21538],"product_tag":[],"class_list":{"0":"post-152840","1":"product","2":"type-product","3":"status-publish","4":"has-post-thumbnail","6":"product_cat-lehrbuecher","7":"pa_autor-streicher-harder-netzer","8":"pa_erscheinungsjahr-21597","9":"pa_region-orientierung-wetter-ausbildung","10":"pa_sprache-de","12":"first","13":"instock","14":"taxable","15":"shipping-taxable","16":"purchasable","17":"product-type-simple"},"_links":{"self":[{"href":"https:\/\/pizbube.ch\/en\/wp-json\/wp\/v2\/product\/152840","targetHints":{"allow":["GET"]}}],"collection":[{"href":"https:\/\/pizbube.ch\/en\/wp-json\/wp\/v2\/product"}],"about":[{"href":"https:\/\/pizbube.ch\/en\/wp-json\/wp\/v2\/types\/product"}],"wp:featuredmedia":[{"embeddable":true,"href":"https:\/\/pizbube.ch\/en\/wp-json\/wp\/v2\/media\/32687"}],"wp:attachment":[{"href":"https:\/\/pizbube.ch\/en\/wp-json\/wp\/v2\/media?parent=152840"}],"wp:term":[{"taxonomy":"product_brand","embeddable":true,"href":"https:\/\/pizbube.ch\/en\/wp-json\/wp\/v2\/product_brand?post=152840"},{"taxonomy":"product_cat","embeddable":true,"href":"https:\/\/pizbube.ch\/en\/wp-json\/wp\/v2\/product_cat?post=152840"},{"taxonomy":"product_tag","embeddable":true,"href":"https:\/\/pizbube.ch\/en\/wp-json\/wp\/v2\/product_tag?post=152840"}],"curies":[{"name":"wp","href":"https:\/\/api.w.org\/{rel}","templated":true}]}}