{"id":152842,"date":"2021-01-15T12:33:07","date_gmt":"2021-01-15T12:33:07","guid":{"rendered":"https:\/\/codengine3.ch\/?product=import-placeholder-for-202642"},"modified":"2021-01-15T12:38:04","modified_gmt":"2021-01-15T12:38:04","slug":"spaetholz","status":"publish","type":"product","link":"https:\/\/pizbube.ch\/en\/shop\/spaetholz\/","title":{"rendered":"Sp\u00e4tholz"},"content":{"rendered":"<p>Roman aus dem Tessin: Zu allem entschlossen, wartet der 70j\u00e4hrige Tessiner<br \/>\nBauer Rocco Canonica auf die Gemeindearbeiter. Gem\u00e4ss Gerichtsurteil soll der<br \/>\ngrosse alte Nussbaum &#8211; sein Lebnsbaum &#8211; gef\u00e4llt werden, der einem reichen<br \/>\nzugezogenen Villenbesitzer den Blick auf den See versperrt. W\u00e4hrend Rocco sein<br \/>\nGewehr reinigt, erinnert er sich an Stationen seines Lebens.<\/p>","protected":false},"excerpt":{"rendered":"<p>Roman aus dem Tessin: Zu allem entschlossen, wartet der 70j\u00e4hrige Tessiner Bauer Rocco Canonica auf die Gemeindearbeiter. Gem\u00e4ss Gerichtsurteil soll der grosse alte Nussbaum &#8211; sein Lebnsbaum &#8211; gef\u00e4llt werden, der einem reichen zugezogenen Villenbesitzer den Blick auf den See versperrt. W\u00e4hrend Rocco sein Gewehr reinigt, erinnert er sich an Stationen seines Lebens.<\/p>","protected":false},"featured_media":30065,"template":"","meta":[],"product_brand":[],"product_cat":[21629],"product_tag":[],"class_list":{"0":"post-152842","1":"product","2":"type-product","3":"status-publish","4":"has-post-thumbnail","6":"product_cat-belletristik","7":"pa_autor-kauer","8":"pa_erscheinungsjahr-22144","9":"pa_region-schweiz","10":"pa_sprache-de","12":"first","13":"instock","14":"taxable","15":"shipping-taxable","16":"purchasable","17":"product-type-simple"},"_links":{"self":[{"href":"https:\/\/pizbube.ch\/en\/wp-json\/wp\/v2\/product\/152842","targetHints":{"allow":["GET"]}}],"collection":[{"href":"https:\/\/pizbube.ch\/en\/wp-json\/wp\/v2\/product"}],"about":[{"href":"https:\/\/pizbube.ch\/en\/wp-json\/wp\/v2\/types\/product"}],"wp:featuredmedia":[{"embeddable":true,"href":"https:\/\/pizbube.ch\/en\/wp-json\/wp\/v2\/media\/30065"}],"wp:attachment":[{"href":"https:\/\/pizbube.ch\/en\/wp-json\/wp\/v2\/media?parent=152842"}],"wp:term":[{"taxonomy":"product_brand","embeddable":true,"href":"https:\/\/pizbube.ch\/en\/wp-json\/wp\/v2\/product_brand?post=152842"},{"taxonomy":"product_cat","embeddable":true,"href":"https:\/\/pizbube.ch\/en\/wp-json\/wp\/v2\/product_cat?post=152842"},{"taxonomy":"product_tag","embeddable":true,"href":"https:\/\/pizbube.ch\/en\/wp-json\/wp\/v2\/product_tag?post=152842"}],"curies":[{"name":"wp","href":"https:\/\/api.w.org\/{rel}","templated":true}]}}