{"id":152843,"date":"2021-01-15T12:33:07","date_gmt":"2021-01-15T12:33:07","guid":{"rendered":"https:\/\/codengine3.ch\/?product=import-placeholder-for-202079"},"modified":"2021-01-15T12:33:11","modified_gmt":"2021-01-15T12:33:11","slug":"umwelt-spiel-und-spass-buch","status":"publish","type":"product","link":"https:\/\/pizbube.ch\/en\/shop\/umwelt-spiel-und-spass-buch\/","title":{"rendered":"Umwelt- Spiel- und Spass- Buch"},"content":{"rendered":"<p>Jolly Joggers und Lilly Lindes gro\u00dfes, grasgr\u00fcnes Umwelt- Spiel- und Spa\u00dfbuch:<br \/>\nmit vielen Abbildungen und Ideen.<\/p>","protected":false},"excerpt":{"rendered":"<p>Jolly Joggers und Lilly Lindes gro\u00dfes, grasgr\u00fcnes Umwelt- Spiel- und Spa\u00dfbuch: mit vielen Abbildungen und Ideen.<\/p>","protected":false},"featured_media":45070,"template":"","meta":[],"product_brand":[],"product_cat":[21538],"product_tag":[],"class_list":{"0":"post-152843","1":"product","2":"type-product","3":"status-publish","4":"has-post-thumbnail","6":"product_cat-lehrbuecher","7":"pa_autor-geissler","8":"pa_erscheinungsjahr-22112","9":"pa_region-orientierung-wetter-ausbildung","10":"pa_sprache-de","12":"first","13":"outofstock","14":"taxable","15":"shipping-taxable","16":"purchasable","17":"product-type-simple"},"_links":{"self":[{"href":"https:\/\/pizbube.ch\/en\/wp-json\/wp\/v2\/product\/152843","targetHints":{"allow":["GET"]}}],"collection":[{"href":"https:\/\/pizbube.ch\/en\/wp-json\/wp\/v2\/product"}],"about":[{"href":"https:\/\/pizbube.ch\/en\/wp-json\/wp\/v2\/types\/product"}],"wp:featuredmedia":[{"embeddable":true,"href":"https:\/\/pizbube.ch\/en\/wp-json\/wp\/v2\/media\/45070"}],"wp:attachment":[{"href":"https:\/\/pizbube.ch\/en\/wp-json\/wp\/v2\/media?parent=152843"}],"wp:term":[{"taxonomy":"product_brand","embeddable":true,"href":"https:\/\/pizbube.ch\/en\/wp-json\/wp\/v2\/product_brand?post=152843"},{"taxonomy":"product_cat","embeddable":true,"href":"https:\/\/pizbube.ch\/en\/wp-json\/wp\/v2\/product_cat?post=152843"},{"taxonomy":"product_tag","embeddable":true,"href":"https:\/\/pizbube.ch\/en\/wp-json\/wp\/v2\/product_tag?post=152843"}],"curies":[{"name":"wp","href":"https:\/\/api.w.org\/{rel}","templated":true}]}}