{"id":152844,"date":"2021-01-15T12:33:07","date_gmt":"2021-01-15T12:33:07","guid":{"rendered":"https:\/\/codengine3.ch\/?product=import-placeholder-for-208013"},"modified":"2021-01-15T17:49:14","modified_gmt":"2021-01-15T17:49:14","slug":"slowakei-weg-der-helden-e8","status":"publish","type":"product","link":"https:\/\/pizbube.ch\/en\/shop\/slowakei-weg-der-helden-e8\/","title":{"rendered":"Slowakei: Weg der Helden (E8)"},"content":{"rendered":"<p>Der &#171;Weg der Helden&#187; ist das slowakische Teilst\u00fcck des Europ\u00e4ischen<br \/>\nFernwanderwegs E8 und f\u00fchrt von der Hauptstadt Bratislava im S\u00fcdwesten quer<br \/>\ndurch die Slowakei bis zum Duklapass im Nordosten des Landes. Der Wanderf\u00fchrer<br \/>\nliefert alle wichtigen Infos f\u00fcr eine Tour auf dem rund 760 km langen Weg, der<br \/>\neine einzigartige Mischung aus Wildnis und Kultur bietet.<\/p>\n<p>Eine detaillierte Streckenbeschreibung mit Angaben zu Unterk\u00fcnften und Pl\u00e4tzen<br \/>\nzum Biwakieren sowie genaue Karten und H\u00f6henprofile erleichtern unterwegs die<br \/>\nOrientierung. Bei der Planung der Wanderung helfen ausf\u00fchrliche Informationen<br \/>\nzu Ausr\u00fcstung, Gefahren, Wasserstellen und vielen anderen Themen. Ein kleiner<br \/>\nSprachf\u00fchrer am Ende des handlichen Buches stellt die wichtigsten Vokabeln f\u00fcr<br \/>\nunterwegs zusammen.<\/p>\n<p>1. Auflage 2016, 160 Seiten, 33 Karten, 53 farbige Abbildungen, 32 farbige<br \/>\nH\u00f6henprofile<\/p>","protected":false},"excerpt":{"rendered":"<p>Der &#171;Weg der Helden&#187; ist das slowakische Teilst\u00fcck des Europ\u00e4ischen Fernwanderwegs E8 und f\u00fchrt von der Hauptstadt Bratislava im S\u00fcdwesten quer durch die Slowakei bis zum Duklapass im Nordosten des Landes. Der Wanderf\u00fchrer liefert alle wichtigen Infos f\u00fcr eine Tour auf dem rund 760 km langen Weg, der eine einzigartige Mischung aus Wildnis und Kultur [&#8230;]\n","protected":false},"featured_media":39103,"template":"","meta":[],"product_brand":[],"product_cat":[21605],"product_tag":[],"class_list":{"0":"post-152844","1":"product","2":"type-product","3":"status-publish","4":"has-post-thumbnail","6":"product_cat-wanderfuehrer-trekking","7":"pa_autor-kaufhold","8":"pa_erscheinungsjahr-21571","9":"pa_region-osteuropa","10":"pa_sprache-de","12":"first","13":"instock","14":"taxable","15":"shipping-taxable","16":"purchasable","17":"product-type-simple"},"_links":{"self":[{"href":"https:\/\/pizbube.ch\/en\/wp-json\/wp\/v2\/product\/152844","targetHints":{"allow":["GET"]}}],"collection":[{"href":"https:\/\/pizbube.ch\/en\/wp-json\/wp\/v2\/product"}],"about":[{"href":"https:\/\/pizbube.ch\/en\/wp-json\/wp\/v2\/types\/product"}],"wp:featuredmedia":[{"embeddable":true,"href":"https:\/\/pizbube.ch\/en\/wp-json\/wp\/v2\/media\/39103"}],"wp:attachment":[{"href":"https:\/\/pizbube.ch\/en\/wp-json\/wp\/v2\/media?parent=152844"}],"wp:term":[{"taxonomy":"product_brand","embeddable":true,"href":"https:\/\/pizbube.ch\/en\/wp-json\/wp\/v2\/product_brand?post=152844"},{"taxonomy":"product_cat","embeddable":true,"href":"https:\/\/pizbube.ch\/en\/wp-json\/wp\/v2\/product_cat?post=152844"},{"taxonomy":"product_tag","embeddable":true,"href":"https:\/\/pizbube.ch\/en\/wp-json\/wp\/v2\/product_tag?post=152844"}],"curies":[{"name":"wp","href":"https:\/\/api.w.org\/{rel}","templated":true}]}}