{"id":152846,"date":"2021-01-15T12:33:08","date_gmt":"2021-01-15T12:33:08","guid":{"rendered":"https:\/\/codengine3.ch\/?product=import-placeholder-for-203711"},"modified":"2021-01-15T14:25:55","modified_gmt":"2021-01-15T14:25:55","slug":"crestas-pirenaicas-pirineo-oriental","status":"publish","type":"product","link":"https:\/\/pizbube.ch\/en\/shop\/crestas-pirenaicas-pirineo-oriental\/","title":{"rendered":"Crestas pirenaicas Pirineo oriental"},"content":{"rendered":"<p>S\u00e1nchez ha seleccionado las 34 mejores crestas del Pirineo oriental, entre el<br \/>\nr\u00edo Garona, a poniente, y las aguas del Mediterr\u00e1neo a levante. Casi todos los<br \/>\nitinerarios descritos &#8211; muchos de ellos in\u00e9ditos hasta la fecha abarcan<br \/>\ncumbres que superan los 2.000 m de altitud; la mayor\u00eda est\u00e1 por encima de los<br \/>\n2.500 m y uno de los cordales Pica d&#8217;Estats se alza sobre la m\u00e1gica l\u00ednea de<br \/>\nlos 3.000 m. El escenario, sin duda, se brinda a mostrarnos la alta monta\u00f1a<br \/>\npirenaica con todo su esplendor.<\/p>","protected":false},"excerpt":{"rendered":"<p>S\u00e1nchez ha seleccionado las 34 mejores crestas del Pirineo oriental, entre el r\u00edo Garona, a poniente, y las aguas del Mediterr\u00e1neo a levante. Casi todos los itinerarios descritos &#8211; muchos de ellos in\u00e9ditos hasta la fecha abarcan cumbres que superan los 2.000 m de altitud; la mayor\u00eda est\u00e1 por encima de los 2.500 m y [&#8230;]\n","protected":false},"featured_media":31375,"template":"","meta":[],"product_brand":[],"product_cat":[21544],"product_tag":[],"class_list":{"0":"post-152846","1":"product","2":"type-product","3":"status-publish","4":"has-post-thumbnail","6":"product_cat-fuehrerliteratur-alpin-sommer","7":"pa_autor-sanchez","8":"pa_erscheinungsjahr-21776","9":"pa_region-spanien","10":"pa_sprache-sp","12":"first","13":"instock","14":"taxable","15":"shipping-taxable","16":"purchasable","17":"product-type-simple"},"_links":{"self":[{"href":"https:\/\/pizbube.ch\/en\/wp-json\/wp\/v2\/product\/152846","targetHints":{"allow":["GET"]}}],"collection":[{"href":"https:\/\/pizbube.ch\/en\/wp-json\/wp\/v2\/product"}],"about":[{"href":"https:\/\/pizbube.ch\/en\/wp-json\/wp\/v2\/types\/product"}],"wp:featuredmedia":[{"embeddable":true,"href":"https:\/\/pizbube.ch\/en\/wp-json\/wp\/v2\/media\/31375"}],"wp:attachment":[{"href":"https:\/\/pizbube.ch\/en\/wp-json\/wp\/v2\/media?parent=152846"}],"wp:term":[{"taxonomy":"product_brand","embeddable":true,"href":"https:\/\/pizbube.ch\/en\/wp-json\/wp\/v2\/product_brand?post=152846"},{"taxonomy":"product_cat","embeddable":true,"href":"https:\/\/pizbube.ch\/en\/wp-json\/wp\/v2\/product_cat?post=152846"},{"taxonomy":"product_tag","embeddable":true,"href":"https:\/\/pizbube.ch\/en\/wp-json\/wp\/v2\/product_tag?post=152846"}],"curies":[{"name":"wp","href":"https:\/\/api.w.org\/{rel}","templated":true}]}}