{"id":152847,"date":"2021-01-15T12:33:08","date_gmt":"2021-01-15T12:33:08","guid":{"rendered":"https:\/\/codengine3.ch\/?product=import-placeholder-for-203757"},"modified":"2021-01-15T14:26:18","modified_gmt":"2021-01-15T14:26:18","slug":"gredos-con-esquis","status":"publish","type":"product","link":"https:\/\/pizbube.ch\/en\/shop\/gredos-con-esquis\/","title":{"rendered":"Gredos con esqu\u00eds"},"content":{"rendered":"<p>Lasso presenta una interesante selecci\u00f3n de 30 itinerarios de esqu\u00ed de monta\u00f1a<br \/>\npor las sierras de Gredos, un espacio natural de m\u00e1s de 5.000 kil\u00f3metros<br \/>\ncuadrados que incluye desde zonas alpinas por encima de los 2.500 metros,<br \/>\nhasta templados y f\u00e9rtiles valles a poco m\u00e1s de 300 metros sobre el nivel del<br \/>\nmar. De ah\u00ed la gran riqueza geol\u00f3gica y biol\u00f3gica de esta cordillera, que se<br \/>\nextiende desde C\u00e1ceres y Salamanca, al oeste, hasta Madrid en su extremo este,<br \/>\npasando por Toledo y \u00c1vila.<\/p>","protected":false},"excerpt":{"rendered":"<p>Lasso presenta una interesante selecci\u00f3n de 30 itinerarios de esqu\u00ed de monta\u00f1a por las sierras de Gredos, un espacio natural de m\u00e1s de 5.000 kil\u00f3metros cuadrados que incluye desde zonas alpinas por encima de los 2.500 metros, hasta templados y f\u00e9rtiles valles a poco m\u00e1s de 300 metros sobre el nivel del mar. De ah\u00ed [&#8230;]\n","protected":false},"featured_media":31432,"template":"","meta":[],"product_brand":[],"product_cat":[21540],"product_tag":[],"class_list":{"0":"post-152847","1":"product","2":"type-product","3":"status-publish","4":"has-post-thumbnail","6":"product_cat-fuehrerliteratur-alpin-winter","7":"pa_autor-lasso","8":"pa_erscheinungsjahr-21920","9":"pa_region-spanien","10":"pa_sprache-sp","12":"first","13":"instock","14":"taxable","15":"shipping-taxable","16":"purchasable","17":"product-type-simple"},"_links":{"self":[{"href":"https:\/\/pizbube.ch\/en\/wp-json\/wp\/v2\/product\/152847","targetHints":{"allow":["GET"]}}],"collection":[{"href":"https:\/\/pizbube.ch\/en\/wp-json\/wp\/v2\/product"}],"about":[{"href":"https:\/\/pizbube.ch\/en\/wp-json\/wp\/v2\/types\/product"}],"wp:featuredmedia":[{"embeddable":true,"href":"https:\/\/pizbube.ch\/en\/wp-json\/wp\/v2\/media\/31432"}],"wp:attachment":[{"href":"https:\/\/pizbube.ch\/en\/wp-json\/wp\/v2\/media?parent=152847"}],"wp:term":[{"taxonomy":"product_brand","embeddable":true,"href":"https:\/\/pizbube.ch\/en\/wp-json\/wp\/v2\/product_brand?post=152847"},{"taxonomy":"product_cat","embeddable":true,"href":"https:\/\/pizbube.ch\/en\/wp-json\/wp\/v2\/product_cat?post=152847"},{"taxonomy":"product_tag","embeddable":true,"href":"https:\/\/pizbube.ch\/en\/wp-json\/wp\/v2\/product_tag?post=152847"}],"curies":[{"name":"wp","href":"https:\/\/api.w.org\/{rel}","templated":true}]}}