{"id":152848,"date":"2021-01-15T12:33:08","date_gmt":"2021-01-15T12:33:08","guid":{"rendered":"https:\/\/codengine3.ch\/?product=import-placeholder-for-204425"},"modified":"2021-01-15T14:33:03","modified_gmt":"2021-01-15T14:33:03","slug":"los-pirineos-las-100-mejores-ascensiones-y-excursiones","status":"publish","type":"product","link":"https:\/\/pizbube.ch\/en\/shop\/los-pirineos-las-100-mejores-ascensiones-y-excursiones\/","title":{"rendered":"Los Pirineos Las 100 mejores ascensiones y excursiones"},"content":{"rendered":"<p>Los Pirineos. Las 100 mejores ascensiones y excursiones es un libro cl\u00e1sico,<br \/>\neditado por primera vez en la d\u00e9cada de los setenta en una colecci\u00f3n dirigida<br \/>\npor Gaston R\u00e9buffat. Desnivel lo recupera hoy, completamente revisado y<br \/>\nactualizado, tendiendo en cuenta los avances en t\u00e9cnica y material de monta\u00f1a<br \/>\nde las \u00faltimas d\u00e9cadas y los profundos cambios geoclim\u00e1ticos que han ido<br \/>\nproduci\u00e9ndose en el entorno pirenaico.<br \/>\nDe la mano de Patrice de Bellefon, podr\u00e9is disfrutar de las mejores v\u00edas<br \/>\npirenaicas dispersas a lo largo y ancho de esta cadena monta\u00f1osa, obra de<br \/>\nescaladores de la talla de los hermanos Ravier, de Rabad\u00e1 y Navarro, de Josep<br \/>\nManuel Anglada, Raymond Despiau, Louis Audoubert y del propio autor, as\u00ed como<br \/>\nde muchos otros nombres de leyenda. Todas las rutas han sido cuidadosamente<br \/>\nseleccionadas, orden\u00e1ndose seg\u00fan el grado de dificultad, y comentadas con la<br \/>\ninspirada gracia de Bellefon. Se incluyen tambi\u00e9n indicaciones pr\u00e1cticas sobre<br \/>\nla dificultad, el material, el horario y una minuciosa descripci\u00f3n del<br \/>\nitinerario, ilustrada con croquis de rutas, obra de los geniales Ravier.<br \/>\nEn esta nueva edici\u00f3n se conservan gran parte de las im\u00e1genes originales,<br \/>\nincluyendo fotograf\u00edas hist\u00f3ricas de algunas grandes aperturas de hace medio<br \/>\nsiglo. Simult\u00e1neamente, se incorporan im\u00e1genes nuevas, que ofrecen un<br \/>\ntestimonio lleno de sensibilidad del Pirineo de hoy.  <\/p>","protected":false},"excerpt":{"rendered":"<p>Los Pirineos. Las 100 mejores ascensiones y excursiones es un libro cl\u00e1sico, editado por primera vez en la d\u00e9cada de los setenta en una colecci\u00f3n dirigida por Gaston R\u00e9buffat. Desnivel lo recupera hoy, completamente revisado y actualizado, tendiendo en cuenta los avances en t\u00e9cnica y material de monta\u00f1a de las \u00faltimas d\u00e9cadas y los profundos [&#8230;]\n","protected":false},"featured_media":32292,"template":"","meta":[],"product_brand":[],"product_cat":[21544],"product_tag":[],"class_list":{"0":"post-152848","1":"product","2":"type-product","3":"status-publish","4":"has-post-thumbnail","6":"product_cat-fuehrerliteratur-alpin-sommer","7":"pa_autor-de-bellefon","8":"pa_erscheinungsjahr-21763","9":"pa_region-spanien","10":"pa_sprache-sp","12":"first","13":"instock","14":"taxable","15":"shipping-taxable","16":"purchasable","17":"product-type-simple"},"_links":{"self":[{"href":"https:\/\/pizbube.ch\/en\/wp-json\/wp\/v2\/product\/152848","targetHints":{"allow":["GET"]}}],"collection":[{"href":"https:\/\/pizbube.ch\/en\/wp-json\/wp\/v2\/product"}],"about":[{"href":"https:\/\/pizbube.ch\/en\/wp-json\/wp\/v2\/types\/product"}],"wp:featuredmedia":[{"embeddable":true,"href":"https:\/\/pizbube.ch\/en\/wp-json\/wp\/v2\/media\/32292"}],"wp:attachment":[{"href":"https:\/\/pizbube.ch\/en\/wp-json\/wp\/v2\/media?parent=152848"}],"wp:term":[{"taxonomy":"product_brand","embeddable":true,"href":"https:\/\/pizbube.ch\/en\/wp-json\/wp\/v2\/product_brand?post=152848"},{"taxonomy":"product_cat","embeddable":true,"href":"https:\/\/pizbube.ch\/en\/wp-json\/wp\/v2\/product_cat?post=152848"},{"taxonomy":"product_tag","embeddable":true,"href":"https:\/\/pizbube.ch\/en\/wp-json\/wp\/v2\/product_tag?post=152848"}],"curies":[{"name":"wp","href":"https:\/\/api.w.org\/{rel}","templated":true}]}}