{"id":152849,"date":"2021-01-15T12:33:08","date_gmt":"2021-01-15T12:33:08","guid":{"rendered":"https:\/\/codengine3.ch\/?product=import-placeholder-for-203321"},"modified":"2024-06-07T09:00:06","modified_gmt":"2024-06-07T07:00:06","slug":"pyrenaeen-3","status":"publish","type":"product","link":"https:\/\/pizbube.ch\/en\/shop\/pyrenaeen-3\/","title":{"rendered":"Pyren\u00e4en 3 &#8211; Katalanische Pyren\u00e4en und Andorra"},"content":{"rendered":"<p><span class=\"value\">Die katalanischen Pyren\u00e4en z\u00e4hlen zu den spektakul\u00e4rsten Landschaften S\u00fcdwesteuropas. Von zackigen Gipfeln, die sich der Dreitausendermarke n\u00e4hern, bis zu fast mediterran anmutenden Regionen findet sich hier alles, was das Wanderherz begehrt. Der Rother Wanderf\u00fchrer \u00bbKatalanische Pyren\u00e4en\u00ab pr\u00e4sentiert 64 abwechslungsreiche Wanderungen auf der spanischen Seite der Pyren\u00e4en, in Andorra und im angrenzenden Arag\u00f3n.<\/span><\/p>\n<p>Die Landschaft der spanischen Pyren\u00e4en ist einfach atemberaubend. Majest\u00e4tische Berge mit steilen Gipfeln, glitzernde Seen und gr\u00fcne Weiden laden Wanderer und Bergsteiger zu unvergesslichen Erlebnissen ein. Ob gem\u00fctliche Spazierg\u00e4nge f\u00fcr entspannte Urlaubstage oder anspruchsvolle Bergtouren und Gipfelbesteigungen \u2013 dieser Wanderf\u00fchrer bietet f\u00fcr jeden Geschmack das Richtige.<\/p>\n<p>Die spanische Seite des Pyren\u00e4en-Hauptkamms begeistert mit einer Vielzahl faszinierender Wanderziele. Steile Granitspitzen, tiefe Schluchten, \u00fcppige Blumenh\u00e4nge und zahllose Bergseen pr\u00e4gen die Landschaft. Besonders hervorzuheben sind Natursch\u00e4tze wie das Val d\u2019Aran, die Sierra de Cadi, das Val Ferrera, Andorra, das Val de N\u00faria und der Nationalpark \u201eAig\u00fcestortes i Estany de St. Maurici\u201c.<\/p>\n<p>Jede Wanderung im Rother Wanderf\u00fchrer \u00bbKatalanische Pyren\u00e4en\u00ab wird mit einer zuverl\u00e4ssigen Wegbeschreibung, einem Kartenausschnitt mit Route und einem aussagekr\u00e4ftigen H\u00f6henprofil vorgestellt. Gepr\u00fcfte GPS-Tracks, die von der Internetseite des Rother Bergverlags zum Download bereitstehen, machen die Orientierung unterwegs einfach. N\u00fctzliche Informationen zu Ausgangspunkt, Anforderungen, Zeitaufwand und nat\u00fcrlich zu den Einkehrm\u00f6glichkeiten runden das Angebot ab.<\/p>\n<p>288 Seiten mit 65 H\u00f6henprofilen, 65 Wanderk\u00e4rtchen im Ma\u00dfstab 1:25.000, 1:50.000 und 1:100.000, zwei \u00dcbersichtskarten im Ma\u00dfstab 1:600.000 und 1:850.000<\/p>\n<p>6., vollst\u00e4ndig \u00fcberarbeitete Auflage 2024<\/p>","protected":false},"excerpt":{"rendered":"<p>Die katalanischen Pyren\u00e4en z\u00e4hlen zu den spektakul\u00e4rsten Landschaften S\u00fcdwesteuropas. Von zackigen Gipfeln, die sich der Dreitausendermarke n\u00e4hern, bis zu fast mediterran anmutenden Regionen findet sich hier alles, was das Wanderherz begehrt. Der Rother Wanderf\u00fchrer \u00bbKatalanische Pyren\u00e4en\u00ab pr\u00e4sentiert 64 abwechslungsreiche Wanderungen auf der spanischen Seite der Pyren\u00e4en, in Andorra und im angrenzenden Arag\u00f3n. Die Landschaft der [&#8230;]\n","protected":false},"featured_media":173302,"template":"","meta":[],"product_brand":[],"product_cat":[21605],"product_tag":[],"class_list":{"0":"post-152849","1":"product","2":"type-product","3":"status-publish","4":"has-post-thumbnail","6":"product_cat-wanderfuehrer-trekking","7":"pa_autor-buedeler","8":"pa_erscheinungsjahr-27339","9":"pa_region-spanien","10":"pa_sprache-de","12":"first","13":"instock","14":"taxable","15":"shipping-taxable","16":"purchasable","17":"product-type-simple"},"_links":{"self":[{"href":"https:\/\/pizbube.ch\/en\/wp-json\/wp\/v2\/product\/152849","targetHints":{"allow":["GET"]}}],"collection":[{"href":"https:\/\/pizbube.ch\/en\/wp-json\/wp\/v2\/product"}],"about":[{"href":"https:\/\/pizbube.ch\/en\/wp-json\/wp\/v2\/types\/product"}],"wp:featuredmedia":[{"embeddable":true,"href":"https:\/\/pizbube.ch\/en\/wp-json\/wp\/v2\/media\/173302"}],"wp:attachment":[{"href":"https:\/\/pizbube.ch\/en\/wp-json\/wp\/v2\/media?parent=152849"}],"wp:term":[{"taxonomy":"product_brand","embeddable":true,"href":"https:\/\/pizbube.ch\/en\/wp-json\/wp\/v2\/product_brand?post=152849"},{"taxonomy":"product_cat","embeddable":true,"href":"https:\/\/pizbube.ch\/en\/wp-json\/wp\/v2\/product_cat?post=152849"},{"taxonomy":"product_tag","embeddable":true,"href":"https:\/\/pizbube.ch\/en\/wp-json\/wp\/v2\/product_tag?post=152849"}],"curies":[{"name":"wp","href":"https:\/\/api.w.org\/{rel}","templated":true}]}}