{"id":152850,"date":"2021-01-15T12:33:08","date_gmt":"2021-01-15T12:33:08","guid":{"rendered":"https:\/\/codengine3.ch\/?product=import-placeholder-for-203932"},"modified":"2024-01-31T09:50:39","modified_gmt":"2024-01-31T08:50:39","slug":"vall-de-boi-41-itinerarios-de-esqui-de-montana","status":"publish","type":"product","link":"https:\/\/pizbube.ch\/en\/shop\/vall-de-boi-41-itinerarios-de-esqui-de-montana\/","title":{"rendered":"Vall de Bo\u00ed &#8211; 41 itinerarios de esqu\u00ed de monta\u00f1a"},"content":{"rendered":"<p>El Valle de Bo\u00ed (La Vall de Bo\u00ed) se encuentra en la vertiente sur de la<br \/>\ncordillera pirenaica, en la comarca leridana de la Alta Ribagor\u00e7a, en el<br \/>\nextremo noroccidental de Catalu\u00f1a.<\/p>\n<p>En esta gu\u00eda proponemos un total de 41 itinerarios que se pueden realizar en<br \/>\nuna jornada. Muchos de ellos son sobradamente conocidos al ser ascensiones<br \/>\ncl\u00e1sicas, como el Corronco de Durro, la Pica Cerv\u00ed, el Besiberri, la Punta<br \/>\nAlta o el Contraix.<\/p>\n<p>Pero otros son in\u00e9ditos y nos llevar\u00e1n a rincones donde disfrutaremos de la<br \/>\nm\u00e1s absoluta soledad. Las dificultades y duraci\u00f3n de las ascensiones son muy<br \/>\nvariadas.<\/p>","protected":false},"excerpt":{"rendered":"<p>El Valle de Bo\u00ed (La Vall de Bo\u00ed) se encuentra en la vertiente sur de la cordillera pirenaica, en la comarca leridana de la Alta Ribagor\u00e7a, en el extremo noroccidental de Catalu\u00f1a. En esta gu\u00eda proponemos un total de 41 itinerarios que se pueden realizar en una jornada. Muchos de ellos son sobradamente conocidos al [&#8230;]\n","protected":false},"featured_media":171409,"template":"","meta":[],"product_brand":[],"product_cat":[21540],"product_tag":[],"class_list":{"0":"post-152850","1":"product","2":"type-product","3":"status-publish","4":"has-post-thumbnail","6":"product_cat-fuehrerliteratur-alpin-winter","7":"pa_autor-roman","8":"pa_erscheinungsjahr-21776","9":"pa_region-spanien","10":"pa_sprache-es","12":"first","13":"instock","14":"taxable","15":"shipping-taxable","16":"purchasable","17":"product-type-simple"},"_links":{"self":[{"href":"https:\/\/pizbube.ch\/en\/wp-json\/wp\/v2\/product\/152850","targetHints":{"allow":["GET"]}}],"collection":[{"href":"https:\/\/pizbube.ch\/en\/wp-json\/wp\/v2\/product"}],"about":[{"href":"https:\/\/pizbube.ch\/en\/wp-json\/wp\/v2\/types\/product"}],"wp:featuredmedia":[{"embeddable":true,"href":"https:\/\/pizbube.ch\/en\/wp-json\/wp\/v2\/media\/171409"}],"wp:attachment":[{"href":"https:\/\/pizbube.ch\/en\/wp-json\/wp\/v2\/media?parent=152850"}],"wp:term":[{"taxonomy":"product_brand","embeddable":true,"href":"https:\/\/pizbube.ch\/en\/wp-json\/wp\/v2\/product_brand?post=152850"},{"taxonomy":"product_cat","embeddable":true,"href":"https:\/\/pizbube.ch\/en\/wp-json\/wp\/v2\/product_cat?post=152850"},{"taxonomy":"product_tag","embeddable":true,"href":"https:\/\/pizbube.ch\/en\/wp-json\/wp\/v2\/product_tag?post=152850"}],"curies":[{"name":"wp","href":"https:\/\/api.w.org\/{rel}","templated":true}]}}