{"id":152853,"date":"2021-01-15T12:33:08","date_gmt":"2021-01-15T12:33:08","guid":{"rendered":"https:\/\/codengine3.ch\/?product=import-placeholder-for-206094"},"modified":"2021-01-15T14:46:18","modified_gmt":"2021-01-15T14:46:18","slug":"calanques","status":"publish","type":"product","link":"https:\/\/pizbube.ch\/en\/shop\/calanques\/","title":{"rendered":"Calanques"},"content":{"rendered":"<p>Texte en fran\u00e7ais et anglais  <\/p>\n<p>Le massif des Calanques est une v\u00e9ritable montagne en bord de mer s\u2019\u00e9tendant<br \/>\nsur 20 km entre Marseille et Cassis. Ce massif se poursuit ensuite jusqu\u2019\u00e0 La<br \/>\nCiotat par l\u2019imposant Cap Canaille, 400 m au dessus de la mer. Cette c\u00f4te<br \/>\nsomptueuse est entaill\u00e9e d\u2019\u00e9chancrures nombreuses, \u00e9troites et profondes: les<br \/>\nCalanques  <\/p>\n<p>L\u2019\u00e2me de ce pays tient \u00e0 son aspect sauvage, \u00e0 ses couleurs, \u00e0 sa v\u00e9g\u00e9tation<br \/>\nmais surtout c\u2019est un lieu de rencontre unique de 2 lignes: la verticale<br \/>\nimmobile des hautes falaises de calcaire blanc et l\u2019horizontale toujours<br \/>\nmouvante de la profonde mer bleue. Un paysage r\u00e9ellement exceptionnel&#8230;  <\/p>","protected":false},"excerpt":{"rendered":"<p>Texte en fran\u00e7ais et anglais Le massif des Calanques est une v\u00e9ritable montagne en bord de mer s\u2019\u00e9tendant sur 20 km entre Marseille et Cassis. Ce massif se poursuit ensuite jusqu\u2019\u00e0 La Ciotat par l\u2019imposant Cap Canaille, 400 m au dessus de la mer. Cette c\u00f4te somptueuse est entaill\u00e9e d\u2019\u00e9chancrures nombreuses, \u00e9troites et profondes: les [&#8230;]\n","protected":false},"featured_media":35007,"template":"","meta":[],"product_brand":[],"product_cat":[21542],"product_tag":[],"class_list":{"0":"post-152853","1":"product","2":"type-product","3":"status-publish","4":"has-post-thumbnail","6":"product_cat-sachbuecher-dokumentationen","7":"pa_autor-poulet-ogeret","8":"pa_erscheinungsjahr-21693","9":"pa_region-frankreich","10":"pa_sprache-e","11":"pa_sprache-f","13":"first","14":"instock","15":"taxable","16":"shipping-taxable","17":"purchasable","18":"product-type-simple"},"_links":{"self":[{"href":"https:\/\/pizbube.ch\/en\/wp-json\/wp\/v2\/product\/152853","targetHints":{"allow":["GET"]}}],"collection":[{"href":"https:\/\/pizbube.ch\/en\/wp-json\/wp\/v2\/product"}],"about":[{"href":"https:\/\/pizbube.ch\/en\/wp-json\/wp\/v2\/types\/product"}],"wp:featuredmedia":[{"embeddable":true,"href":"https:\/\/pizbube.ch\/en\/wp-json\/wp\/v2\/media\/35007"}],"wp:attachment":[{"href":"https:\/\/pizbube.ch\/en\/wp-json\/wp\/v2\/media?parent=152853"}],"wp:term":[{"taxonomy":"product_brand","embeddable":true,"href":"https:\/\/pizbube.ch\/en\/wp-json\/wp\/v2\/product_brand?post=152853"},{"taxonomy":"product_cat","embeddable":true,"href":"https:\/\/pizbube.ch\/en\/wp-json\/wp\/v2\/product_cat?post=152853"},{"taxonomy":"product_tag","embeddable":true,"href":"https:\/\/pizbube.ch\/en\/wp-json\/wp\/v2\/product_tag?post=152853"}],"curies":[{"name":"wp","href":"https:\/\/api.w.org\/{rel}","templated":true}]}}