{"id":152854,"date":"2021-01-15T12:33:09","date_gmt":"2021-01-15T12:33:09","guid":{"rendered":"https:\/\/codengine3.ch\/?product=import-placeholder-for-203240"},"modified":"2021-01-15T12:55:25","modified_gmt":"2021-01-15T12:55:25","slug":"premiers-secours-a-l-usage-des-randonneurs-et-alpinistes","status":"publish","type":"product","link":"https:\/\/pizbube.ch\/en\/shop\/premiers-secours-a-l-usage-des-randonneurs-et-alpinistes\/","title":{"rendered":"Premiers secours \u00e0 l&#8216; usage des randonneurs et alpinistes"},"content":{"rendered":"<p>Ce manuel a \u00e9t\u00e9 con\u00e7u pour apporter des r\u00e9ponses \u00e0 de telles situations. De<br \/>\nfa\u00e7on concise, il fournit les connaissances de base indispensables pour<br \/>\nprodiguer les premiers secours sur place et sans perdre de temps \u00ad qu\u00b9il<br \/>\ns\u00b9agisse d\u00b9un accident b\u00e9nin ou grave. De pr\u00e9sentation volontairement<br \/>\ncompacte, il devrait toujours trouver sa place dans votre sac \u00e0 dos. Car il<br \/>\nn\u00b9y a pas pire exp\u00e9rience que d\u00b9\u00eatre t\u00e9moin d\u00b9une situation d\u00b9urgence en ne<br \/>\npouvant \u00eatre d\u00b9aucun secours. (2\u00e8me \u00e9dition)  <\/p>","protected":false},"excerpt":{"rendered":"<p>Ce manuel a \u00e9t\u00e9 con\u00e7u pour apporter des r\u00e9ponses \u00e0 de telles situations. De fa\u00e7on concise, il fournit les connaissances de base indispensables pour prodiguer les premiers secours sur place et sans perdre de temps \u00ad qu\u00b9il s\u00b9agisse d\u00b9un accident b\u00e9nin ou grave. De pr\u00e9sentation volontairement compacte, il devrait toujours trouver sa place dans votre [&#8230;]\n","protected":false},"featured_media":30808,"template":"","meta":[],"product_brand":[],"product_cat":[21538],"product_tag":[],"class_list":{"0":"post-152854","1":"product","2":"type-product","3":"status-publish","4":"has-post-thumbnail","6":"product_cat-lehrbuecher","7":"pa_autor-durer-jacomet-wiget","8":"pa_erscheinungsjahr-22292","9":"pa_region-medizin-recht","10":"pa_sprache-fr","12":"first","13":"instock","14":"taxable","15":"shipping-taxable","16":"purchasable","17":"product-type-simple"},"_links":{"self":[{"href":"https:\/\/pizbube.ch\/en\/wp-json\/wp\/v2\/product\/152854","targetHints":{"allow":["GET"]}}],"collection":[{"href":"https:\/\/pizbube.ch\/en\/wp-json\/wp\/v2\/product"}],"about":[{"href":"https:\/\/pizbube.ch\/en\/wp-json\/wp\/v2\/types\/product"}],"wp:featuredmedia":[{"embeddable":true,"href":"https:\/\/pizbube.ch\/en\/wp-json\/wp\/v2\/media\/30808"}],"wp:attachment":[{"href":"https:\/\/pizbube.ch\/en\/wp-json\/wp\/v2\/media?parent=152854"}],"wp:term":[{"taxonomy":"product_brand","embeddable":true,"href":"https:\/\/pizbube.ch\/en\/wp-json\/wp\/v2\/product_brand?post=152854"},{"taxonomy":"product_cat","embeddable":true,"href":"https:\/\/pizbube.ch\/en\/wp-json\/wp\/v2\/product_cat?post=152854"},{"taxonomy":"product_tag","embeddable":true,"href":"https:\/\/pizbube.ch\/en\/wp-json\/wp\/v2\/product_tag?post=152854"}],"curies":[{"name":"wp","href":"https:\/\/api.w.org\/{rel}","templated":true}]}}