{"id":152855,"date":"2021-01-15T12:33:09","date_gmt":"2021-01-15T12:33:09","guid":{"rendered":"https:\/\/codengine3.ch\/?product=import-placeholder-for-204808"},"modified":"2021-01-15T14:36:27","modified_gmt":"2021-01-15T14:36:27","slug":"erste-hilfefibel","status":"publish","type":"product","link":"https:\/\/pizbube.ch\/en\/shop\/erste-hilfefibel\/","title":{"rendered":"erste hilfefibel"},"content":{"rendered":"<p>Lebensrettende Sofortma\u00dfnahmen<br \/>\nErste Hilfe f\u00fcr Bergsteiger und Schifahrer  <\/p>\n<p>Der \u00fcbersichtliche &#8218;Notfallalgorithmus&#8216; f\u00fchrt den Leser durch das Kapitel der<br \/>\n&#8218;lebensrettenden Sofortma\u00dfnahmen&#8216;. Auf 118 Seiten werden alle aktuellen<br \/>\nMa\u00dfnahmen der Erstversorgung anschaulich dargestellt. Exzellentes<br \/>\nBildmaterial, hervorragendes Layout und das handliche Format machen die<br \/>\nmoderne Erste Hilfe zum Standardwerk f\u00fcr jeden, der gerne in den Bergen<br \/>\nunterwegs ist.<br \/>\n4. Auflage 2006, 118 S., vierf\u00e4rbig, DinA6,<\/p>","protected":false},"excerpt":{"rendered":"<p>Lebensrettende Sofortma\u00dfnahmen Erste Hilfe f\u00fcr Bergsteiger und Schifahrer Der \u00fcbersichtliche &#8218;Notfallalgorithmus&#8216; f\u00fchrt den Leser durch das Kapitel der &#8218;lebensrettenden Sofortma\u00dfnahmen&#8216;. Auf 118 Seiten werden alle aktuellen Ma\u00dfnahmen der Erstversorgung anschaulich dargestellt. Exzellentes Bildmaterial, hervorragendes Layout und das handliche Format machen die moderne Erste Hilfe zum Standardwerk f\u00fcr jeden, der gerne in den Bergen unterwegs ist. [&#8230;]\n","protected":false},"featured_media":33325,"template":"","meta":[],"product_brand":[],"product_cat":[21538],"product_tag":[],"class_list":{"0":"post-152855","1":"product","2":"type-product","3":"status-publish","4":"has-post-thumbnail","6":"product_cat-lehrbuecher","7":"pa_autor-oesterreichische-kuratorium-fuer-alpine-sicherheit","8":"pa_erscheinungsjahr-21763","9":"pa_region-medizin-recht","10":"pa_sprache-de","12":"first","13":"instock","14":"taxable","15":"shipping-taxable","16":"purchasable","17":"product-type-simple"},"_links":{"self":[{"href":"https:\/\/pizbube.ch\/en\/wp-json\/wp\/v2\/product\/152855","targetHints":{"allow":["GET"]}}],"collection":[{"href":"https:\/\/pizbube.ch\/en\/wp-json\/wp\/v2\/product"}],"about":[{"href":"https:\/\/pizbube.ch\/en\/wp-json\/wp\/v2\/types\/product"}],"wp:featuredmedia":[{"embeddable":true,"href":"https:\/\/pizbube.ch\/en\/wp-json\/wp\/v2\/media\/33325"}],"wp:attachment":[{"href":"https:\/\/pizbube.ch\/en\/wp-json\/wp\/v2\/media?parent=152855"}],"wp:term":[{"taxonomy":"product_brand","embeddable":true,"href":"https:\/\/pizbube.ch\/en\/wp-json\/wp\/v2\/product_brand?post=152855"},{"taxonomy":"product_cat","embeddable":true,"href":"https:\/\/pizbube.ch\/en\/wp-json\/wp\/v2\/product_cat?post=152855"},{"taxonomy":"product_tag","embeddable":true,"href":"https:\/\/pizbube.ch\/en\/wp-json\/wp\/v2\/product_tag?post=152855"}],"curies":[{"name":"wp","href":"https:\/\/api.w.org\/{rel}","templated":true}]}}