{"id":152859,"date":"2021-01-15T12:33:15","date_gmt":"2021-01-15T12:33:15","guid":{"rendered":"https:\/\/codengine3.ch\/?product=import-placeholder-for-205293"},"modified":"2022-08-05T09:06:44","modified_gmt":"2022-08-05T07:06:44","slug":"schottland-western-highlands-outdoorhandbuch-band-191","status":"publish","type":"product","link":"https:\/\/pizbube.ch\/en\/shop\/schottland-western-highlands-outdoorhandbuch-band-191\/","title":{"rendered":"Schottland: Western Highlands (OutdoorHandbuch Band 191)"},"content":{"rendered":"<p>Die Western Highlands sind das, was man im Allgemeinen mit Schottland<br \/>\nassoziiert: Woge um Woge heidebewachsener H\u00fcgel, die sich bis in die Schatten<br \/>\nhoher wolkenverhangener Berge fortsetzen. Uralte raue Steinmauern, knorrige<br \/>\nwindgebeutelte B\u00e4ume, zerzauste Schafe, steinerne Kreuze, verwunschene Burgen,<br \/>\ntiefschwarze unergr\u00fcndliche Seen, verfallene Ruinen und kleine D\u00f6rfer mit wei\u00df<br \/>\nget\u00fcnchten H\u00e4usern. Zerkl\u00fcftete sturmgepeitschte K\u00fcste, malerische Buchten und<br \/>\nweite wei\u00dfe Sandstr\u00e4nde &#8211; alles getaucht in einzigartige Licht- und<br \/>\nSchattenspiele.<\/p>\n<p>Das endlose, oft menschenleere Land er\u00f6ffnet dem Betrachter eine alte, l\u00e4ngst<br \/>\nvergangene, schlichte Pracht, die faszinierender kaum sein k\u00f6nnte. Ben Nevis,<br \/>\nLoch Ness, Glencoe, Glenfinnan und Rannoch Moor sind nur einige bekannte<br \/>\nNamen, der mit Naturdenkm\u00e4lern vollgepackten Landschaft. Trekkingneulinge als<br \/>\nauch ambitionierte Wildniswanderer k\u00f6nnen diese Sch\u00f6nheiten auf vier<br \/>\nverschiedenen Mehrtagestouren entdecken.<\/p>\n<p>Der Wegverlauf wird in einzelnen Tagesetappen beschrieben, inklusive m\u00f6glicher<br \/>\nGipfelbesteigungen entlang der Route sowie Empfehlungen zu Unterk\u00fcnften. Im<br \/>\nallgemeinen Teil gibt es handfeste und praktische Tipps, die f\u00fcr die<br \/>\nOrganisation und Durchf\u00fchrung der Wandertour unerl\u00e4sslich sind.<\/p>\n<p>2. Auflage 2015, 192 Seiten, 29 Karten, 49 farbige Abbildungen, 32 farbige<br \/>\nH\u00f6henprofile<\/p>","protected":false},"excerpt":{"rendered":"<p>Die Western Highlands sind das, was man im Allgemeinen mit Schottland assoziiert: Woge um Woge heidebewachsener H\u00fcgel, die sich bis in die Schatten hoher wolkenverhangener Berge fortsetzen. Uralte raue Steinmauern, knorrige windgebeutelte B\u00e4ume, zerzauste Schafe, steinerne Kreuze, verwunschene Burgen, tiefschwarze unergr\u00fcndliche Seen, verfallene Ruinen und kleine D\u00f6rfer mit wei\u00df get\u00fcnchten H\u00e4usern. Zerkl\u00fcftete sturmgepeitschte K\u00fcste, malerische [&#8230;]\n","protected":false},"featured_media":28408,"template":"","meta":[],"product_brand":[],"product_cat":[21605],"product_tag":[],"class_list":{"0":"post-152859","1":"product","2":"type-product","3":"status-publish","4":"has-post-thumbnail","6":"product_cat-wanderfuehrer-trekking","7":"pa_autor-dietrich-vogel","8":"pa_erscheinungsjahr-21597","9":"pa_region-grossbritannien-scottland","10":"pa_sprache-de","12":"first","13":"instock","14":"taxable","15":"shipping-taxable","16":"purchasable","17":"product-type-simple"},"_links":{"self":[{"href":"https:\/\/pizbube.ch\/en\/wp-json\/wp\/v2\/product\/152859","targetHints":{"allow":["GET"]}}],"collection":[{"href":"https:\/\/pizbube.ch\/en\/wp-json\/wp\/v2\/product"}],"about":[{"href":"https:\/\/pizbube.ch\/en\/wp-json\/wp\/v2\/types\/product"}],"wp:featuredmedia":[{"embeddable":true,"href":"https:\/\/pizbube.ch\/en\/wp-json\/wp\/v2\/media\/28408"}],"wp:attachment":[{"href":"https:\/\/pizbube.ch\/en\/wp-json\/wp\/v2\/media?parent=152859"}],"wp:term":[{"taxonomy":"product_brand","embeddable":true,"href":"https:\/\/pizbube.ch\/en\/wp-json\/wp\/v2\/product_brand?post=152859"},{"taxonomy":"product_cat","embeddable":true,"href":"https:\/\/pizbube.ch\/en\/wp-json\/wp\/v2\/product_cat?post=152859"},{"taxonomy":"product_tag","embeddable":true,"href":"https:\/\/pizbube.ch\/en\/wp-json\/wp\/v2\/product_tag?post=152859"}],"curies":[{"name":"wp","href":"https:\/\/api.w.org\/{rel}","templated":true}]}}