{"id":152868,"date":"2021-01-15T12:33:15","date_gmt":"2021-01-15T12:33:15","guid":{"rendered":"https:\/\/codengine3.ch\/?product=import-placeholder-for-202094"},"modified":"2021-01-15T12:33:20","modified_gmt":"2021-01-15T12:33:20","slug":"alpinwandern-zentralschweiz-glarus-alpstein-gotthard-bis-saentis","status":"publish","type":"product","link":"https:\/\/pizbube.ch\/en\/shop\/alpinwandern-zentralschweiz-glarus-alpstein-gotthard-bis-saentis\/","title":{"rendered":"Alpinwandern Zentralschweiz\/Glarus\/Alpstein &#8211; Gotthard bis S\u00e4ntis"},"content":{"rendered":"<p>Vom Vierwaldst\u00e4ttersee bis zum Dammastock, dem h\u00f6chsten Urner Berg, sind es<br \/>\nzauberhafte 3196 H\u00f6henmeter. Bloss einen Meter weniger betr\u00e4gt die Vielfalt<br \/>\nder Glarner Alpen, vom Walensee bis zum T\u00f6di. Kompakter, aber mindestens so<br \/>\nr\u00e4ss ist der appenzellisch-sanktgallische Alpstein. Und: Abseits der bekannten<br \/>\nGipfel und Wanderrouten bieten diese Berge noch viel Platz f\u00fcr einsame<br \/>\nBergerlebnisse. Der neue SAC-F\u00fchrer aus der Reihe `Alpinwandern` beschreibt<br \/>\nmehr als 60 anspruchsvolle, manchmal weglose, manchmal kraxlige Wanderungen<br \/>\nund Gipfelziele f\u00fcr alle, die zum Wandern auch mal Karte und H\u00e4nde einsetzen<br \/>\nm\u00f6chten.<br \/>\nEine ausf\u00fchrliche Einleitung, pr\u00e4zise Routen- und Variantenbeschreibungen, 51<br \/>\nProfile und 67 Karten erlauben eine gr\u00fcndliche Tourenplanung. Die zahlreichen<br \/>\nHintergrundtexte bieten \u00fcberraschende Einsichten ins erwanderte Gebiet. Und<br \/>\ndie 112 Bilder machen gluschtig darauf, den Rucksack zu packen, die Bergschuhe<br \/>\nzu schn\u00fcren und den Sommeranfang herbeizusehnen.<br \/>\n4. auflage 2010  <\/p>","protected":false},"excerpt":{"rendered":"<p>Vom Vierwaldst\u00e4ttersee bis zum Dammastock, dem h\u00f6chsten Urner Berg, sind es zauberhafte 3196 H\u00f6henmeter. Bloss einen Meter weniger betr\u00e4gt die Vielfalt der Glarner Alpen, vom Walensee bis zum T\u00f6di. Kompakter, aber mindestens so r\u00e4ss ist der appenzellisch-sanktgallische Alpstein. Und: Abseits der bekannten Gipfel und Wanderrouten bieten diese Berge noch viel Platz f\u00fcr einsame Bergerlebnisse. Der [&#8230;]\n","protected":false},"featured_media":29481,"template":"","meta":[],"product_brand":[],"product_cat":[21605],"product_tag":[],"class_list":{"0":"post-152868","1":"product","2":"type-product","3":"status-publish","4":"has-post-thumbnail","6":"product_cat-wanderfuehrer-trekking","7":"pa_autor-volken-kundert","8":"pa_erscheinungsjahr-21830","9":"pa_region-schweiz","10":"pa_sprache-de","12":"first","13":"instock","14":"taxable","15":"shipping-taxable","16":"purchasable","17":"product-type-simple"},"_links":{"self":[{"href":"https:\/\/pizbube.ch\/en\/wp-json\/wp\/v2\/product\/152868","targetHints":{"allow":["GET"]}}],"collection":[{"href":"https:\/\/pizbube.ch\/en\/wp-json\/wp\/v2\/product"}],"about":[{"href":"https:\/\/pizbube.ch\/en\/wp-json\/wp\/v2\/types\/product"}],"wp:featuredmedia":[{"embeddable":true,"href":"https:\/\/pizbube.ch\/en\/wp-json\/wp\/v2\/media\/29481"}],"wp:attachment":[{"href":"https:\/\/pizbube.ch\/en\/wp-json\/wp\/v2\/media?parent=152868"}],"wp:term":[{"taxonomy":"product_brand","embeddable":true,"href":"https:\/\/pizbube.ch\/en\/wp-json\/wp\/v2\/product_brand?post=152868"},{"taxonomy":"product_cat","embeddable":true,"href":"https:\/\/pizbube.ch\/en\/wp-json\/wp\/v2\/product_cat?post=152868"},{"taxonomy":"product_tag","embeddable":true,"href":"https:\/\/pizbube.ch\/en\/wp-json\/wp\/v2\/product_tag?post=152868"}],"curies":[{"name":"wp","href":"https:\/\/api.w.org\/{rel}","templated":true}]}}