{"id":152869,"date":"2021-01-15T12:33:16","date_gmt":"2021-01-15T12:33:16","guid":{"rendered":"https:\/\/codengine3.ch\/?product=import-placeholder-for-202965"},"modified":"2024-06-11T12:15:05","modified_gmt":"2024-06-11T10:15:05","slug":"wanderbuch-uri","status":"publish","type":"product","link":"https:\/\/pizbube.ch\/en\/shop\/wanderbuch-uri\/","title":{"rendered":"Wanderbuch Uri"},"content":{"rendered":"<p>Zwischen Urnersee und Gotthard, auf H\u00fcttenwegen zu SAC-Privath\u00fctten und<br \/>\nBerggastst\u00e4tten. Natur erleben, Kultur entdecken. Uri mit den vorhandenen<br \/>\nKulturg\u00fctern, der reizvollen Landschaft, den vielen Nebent\u00e4lern und<br \/>\nWegverbindungen ist eine Reise wert. Wandern ist in Uri nicht mehr ein mit<br \/>\nGefahren verbundenes Abenteuer, sondern ein erholsames, entdeckungsreiches<br \/>\nVergn\u00fcgen.<\/p>\n<p>Um das eng mit der Geschichte verbundene Land Uri auf seinen Wegen zu<br \/>\nergr\u00fcnden, die Gewohnheiten der Bev\u00f6lkerung und die damit verbundenen<br \/>\nTraditionen zu verstehen, braucht es wohl eine lange Zeitspanne, jedoch nur<br \/>\neinen kurzen Aufenthalt, um festzustellen, dass der Rohstoff der Natur in Uri<br \/>\ndie ausgepr\u00e4gte, bewundernswerte Landschaft ist.<\/p>\n<p>Die 7. Auflage des Urner Wanderf\u00fchrers ist erschienen. Das Buch wurde komplett<br \/>\n\u00fcberarbeitet und mit einigen zus\u00e4tzlichen Wanderungen erg\u00e4nzt.<\/p>","protected":false},"excerpt":{"rendered":"<p>Zwischen Urnersee und Gotthard, auf H\u00fcttenwegen zu SAC-Privath\u00fctten und Berggastst\u00e4tten. Natur erleben, Kultur entdecken. Uri mit den vorhandenen Kulturg\u00fctern, der reizvollen Landschaft, den vielen Nebent\u00e4lern und Wegverbindungen ist eine Reise wert. Wandern ist in Uri nicht mehr ein mit Gefahren verbundenes Abenteuer, sondern ein erholsames, entdeckungsreiches Vergn\u00fcgen. Um das eng mit der Geschichte verbundene Land [&#8230;]\n","protected":false},"featured_media":26244,"template":"","meta":[],"product_brand":[],"product_cat":[21605],"product_tag":[],"class_list":{"0":"post-152869","1":"product","2":"type-product","3":"status-publish","4":"has-post-thumbnail","6":"product_cat-wanderfuehrer-trekking","7":"pa_autor-ammacher","8":"pa_erscheinungsjahr-21597","9":"pa_region-schweiz","10":"pa_sprache-de","12":"first","13":"outofstock","14":"taxable","15":"shipping-taxable","16":"purchasable","17":"product-type-simple"},"_links":{"self":[{"href":"https:\/\/pizbube.ch\/en\/wp-json\/wp\/v2\/product\/152869","targetHints":{"allow":["GET"]}}],"collection":[{"href":"https:\/\/pizbube.ch\/en\/wp-json\/wp\/v2\/product"}],"about":[{"href":"https:\/\/pizbube.ch\/en\/wp-json\/wp\/v2\/types\/product"}],"wp:featuredmedia":[{"embeddable":true,"href":"https:\/\/pizbube.ch\/en\/wp-json\/wp\/v2\/media\/26244"}],"wp:attachment":[{"href":"https:\/\/pizbube.ch\/en\/wp-json\/wp\/v2\/media?parent=152869"}],"wp:term":[{"taxonomy":"product_brand","embeddable":true,"href":"https:\/\/pizbube.ch\/en\/wp-json\/wp\/v2\/product_brand?post=152869"},{"taxonomy":"product_cat","embeddable":true,"href":"https:\/\/pizbube.ch\/en\/wp-json\/wp\/v2\/product_cat?post=152869"},{"taxonomy":"product_tag","embeddable":true,"href":"https:\/\/pizbube.ch\/en\/wp-json\/wp\/v2\/product_tag?post=152869"}],"curies":[{"name":"wp","href":"https:\/\/api.w.org\/{rel}","templated":true}]}}