{"id":152870,"date":"2021-01-15T12:33:16","date_gmt":"2021-01-15T12:33:16","guid":{"rendered":"https:\/\/codengine3.ch\/?product=import-placeholder-for-206521"},"modified":"2021-01-15T14:49:34","modified_gmt":"2021-01-15T14:49:34","slug":"zentralschweiz-vierwaldstaettersee-alpinwandern-gipfelziele","status":"publish","type":"product","link":"https:\/\/pizbube.ch\/en\/shop\/zentralschweiz-vierwaldstaettersee-alpinwandern-gipfelziele\/","title":{"rendered":"Zentralschweiz &#8211; Vierwaldst\u00e4ttersee  Alpinwandern \/ Gipfelziele"},"content":{"rendered":"<p>Pilatus bis W\u00e4gital<br \/>\nAlpinwandern \/ Gipfelziele  <\/p>\n<p>Der Vierwaldst\u00e4ttersee bietet ein sehr lohnendes Feld f\u00fcr Bergtouren im<br \/>\nAlpinwanderbereich \u2013 und das in einer erstaunlichen Vielfalt. Nebst bekannten<br \/>\nBergen \u2013 wie Uri Rotstock, Pilatus, Silberen oder Sch\u00e4chentaler Windg\u00e4llen,<br \/>\nbeschreibt der F\u00fchrer auch eher unbekannte Ziele und Varianten.  <\/p>\n<p>Dass der Vierwaldst\u00e4ttersee zu den reizvollsten Landschaften der Alpen geh\u00f6rt,<br \/>\nist l\u00e4ngst bekannt. Seine Umgebung bietet aber auch ein weites, sehr lohnendes<br \/>\nFeld f\u00fcr Bergtouren im Alpinwanderbereich &#8211; und das in einer erstaunlichen<br \/>\nVielfalt. Nebst bekannten Bergen wie Uri Rotstock, Pilatus, Silberen oder<br \/>\nSch\u00e4chentaler Windg\u00e4llen beschreibt der F\u00fchrer auch eher unbekannte Ziele \u00e0 la<br \/>\nHoch Geissberg, Gross Walenstock, Griggeler oder Schiberg. Ausf\u00fchrliche<br \/>\nHintergrundtexte zu kulturellen, historischen und naturkundlichen Themen laden<br \/>\nauch Geist und Seele zum Mitwandern ein.<br \/>\n288 Seiten, mit Routenk\u00e4rtchen und Farbfotos;<br \/>\n2. Auflg. 2016  <\/p>","protected":false},"excerpt":{"rendered":"<p>Pilatus bis W\u00e4gital Alpinwandern \/ Gipfelziele Der Vierwaldst\u00e4ttersee bietet ein sehr lohnendes Feld f\u00fcr Bergtouren im Alpinwanderbereich \u2013 und das in einer erstaunlichen Vielfalt. Nebst bekannten Bergen \u2013 wie Uri Rotstock, Pilatus, Silberen oder Sch\u00e4chentaler Windg\u00e4llen, beschreibt der F\u00fchrer auch eher unbekannte Ziele und Varianten. Dass der Vierwaldst\u00e4ttersee zu den reizvollsten Landschaften der Alpen geh\u00f6rt, [&#8230;]\n","protected":false},"featured_media":38541,"template":"","meta":[],"product_brand":[],"product_cat":[21605],"product_tag":[],"class_list":{"0":"post-152870","1":"product","2":"type-product","3":"status-publish","4":"has-post-thumbnail","6":"product_cat-wanderfuehrer-trekking","7":"pa_autor-kundert-volken","8":"pa_erscheinungsjahr-21571","9":"pa_region-schweiz","10":"pa_sprache-de","12":"first","13":"instock","14":"taxable","15":"shipping-taxable","16":"purchasable","17":"product-type-simple"},"_links":{"self":[{"href":"https:\/\/pizbube.ch\/en\/wp-json\/wp\/v2\/product\/152870","targetHints":{"allow":["GET"]}}],"collection":[{"href":"https:\/\/pizbube.ch\/en\/wp-json\/wp\/v2\/product"}],"about":[{"href":"https:\/\/pizbube.ch\/en\/wp-json\/wp\/v2\/types\/product"}],"wp:featuredmedia":[{"embeddable":true,"href":"https:\/\/pizbube.ch\/en\/wp-json\/wp\/v2\/media\/38541"}],"wp:attachment":[{"href":"https:\/\/pizbube.ch\/en\/wp-json\/wp\/v2\/media?parent=152870"}],"wp:term":[{"taxonomy":"product_brand","embeddable":true,"href":"https:\/\/pizbube.ch\/en\/wp-json\/wp\/v2\/product_brand?post=152870"},{"taxonomy":"product_cat","embeddable":true,"href":"https:\/\/pizbube.ch\/en\/wp-json\/wp\/v2\/product_cat?post=152870"},{"taxonomy":"product_tag","embeddable":true,"href":"https:\/\/pizbube.ch\/en\/wp-json\/wp\/v2\/product_tag?post=152870"}],"curies":[{"name":"wp","href":"https:\/\/api.w.org\/{rel}","templated":true}]}}