{"id":152872,"date":"2021-01-15T12:33:16","date_gmt":"2021-01-15T12:33:16","guid":{"rendered":"https:\/\/codengine3.ch\/?product=import-placeholder-for-205398"},"modified":"2025-08-06T16:16:09","modified_gmt":"2025-08-06T14:16:09","slug":"alpinwandern-graubuenden-nord","status":"publish","type":"product","link":"https:\/\/pizbube.ch\/en\/shop\/alpinwandern-graubuenden-nord\/","title":{"rendered":"Alpinwandern Graub\u00fcnden Nord"},"content":{"rendered":"<p>Pr\u00e4ttigau- Davos- Albula- Rheint\u00e4ler<\/p>\n<p>Dieser SAC-F\u00fchrer beschreibt mehr als 60 manchmal weglose, manchmal kraxlige Wanderungen und Gipfelziele f\u00fcr alle, die zum Wandern auch mal mit Karte und Kompass den Wag selber ergr\u00fcnden. Eine ausf\u00fchrliche Einleitung, pr\u00e4zise Routen- und Variantenbeschreibungen, Profile und Kartenausschnitte erlauben eine gr\u00fcndliche Tourenplanung.<\/p>\n<p>Die zahlreichen Hintergrundtexte bieten \u00fcberraschende Einsichten ins erwanderte Gebiet. Und die wunderbaren Farbfotos machen gl\u00fchend darauf, den Rucksack zu packen, die Bergschuhe zu schn\u00fcren und loszuziehen.<\/p>\n<p>336 Seiten, 93 Farbfotos, 59 Kartenausschnitte, mit H\u00f6henprofilen<\/p>","protected":false},"excerpt":{"rendered":"<p>Pr\u00e4ttigau- Davos- Albula- Rheint\u00e4ler Dieser SAC-F\u00fchrer beschreibt mehr als 60 manchmal weglose, manchmal kraxlige Wanderungen und Gipfelziele f\u00fcr alle, die zum Wandern auch mal mit Karte und Kompass den Wag selber ergr\u00fcnden. Eine ausf\u00fchrliche Einleitung, pr\u00e4zise Routen- und Variantenbeschreibungen, Profile und Kartenausschnitte erlauben eine gr\u00fcndliche Tourenplanung. Die zahlreichen Hintergrundtexte bieten \u00fcberraschende Einsichten ins erwanderte Gebiet. [&#8230;]\n","protected":false},"featured_media":180773,"template":"","meta":[],"product_brand":[],"product_cat":[21605],"product_tag":[],"class_list":{"0":"post-152872","1":"product","2":"type-product","3":"status-publish","4":"has-post-thumbnail","6":"product_cat-wanderfuehrer-trekking","7":"pa_autor-meinherz","8":"pa_erscheinungsjahr-21591","9":"pa_region-schweiz","10":"pa_sprache-de","12":"first","13":"instock","14":"taxable","15":"shipping-taxable","16":"purchasable","17":"product-type-simple"},"_links":{"self":[{"href":"https:\/\/pizbube.ch\/en\/wp-json\/wp\/v2\/product\/152872","targetHints":{"allow":["GET"]}}],"collection":[{"href":"https:\/\/pizbube.ch\/en\/wp-json\/wp\/v2\/product"}],"about":[{"href":"https:\/\/pizbube.ch\/en\/wp-json\/wp\/v2\/types\/product"}],"wp:featuredmedia":[{"embeddable":true,"href":"https:\/\/pizbube.ch\/en\/wp-json\/wp\/v2\/media\/180773"}],"wp:attachment":[{"href":"https:\/\/pizbube.ch\/en\/wp-json\/wp\/v2\/media?parent=152872"}],"wp:term":[{"taxonomy":"product_brand","embeddable":true,"href":"https:\/\/pizbube.ch\/en\/wp-json\/wp\/v2\/product_brand?post=152872"},{"taxonomy":"product_cat","embeddable":true,"href":"https:\/\/pizbube.ch\/en\/wp-json\/wp\/v2\/product_cat?post=152872"},{"taxonomy":"product_tag","embeddable":true,"href":"https:\/\/pizbube.ch\/en\/wp-json\/wp\/v2\/product_tag?post=152872"}],"curies":[{"name":"wp","href":"https:\/\/api.w.org\/{rel}","templated":true}]}}